{"id":4425,"date":"2026-03-02T19:44:24","date_gmt":"2026-03-02T19:44:24","guid":{"rendered":"https:\/\/www.bob-snail.com\/ro\/?post_type=product&#038;p=4425"},"modified":"2026-03-13T15:46:22","modified_gmt":"2026-03-13T15:46:22","slug":"bob-snail-play-music-fest","status":"publish","type":"product","link":"https:\/\/www.bob-snail.com\/ro\/product\/bob-snail-play-music-fest\/","title":{"rendered":"Bob Snail Play Music Fest"},"content":{"rendered":"<p data-start=\"83\" data-end=\"192\"><strong data-start=\"83\" data-end=\"112\">Bob Snail Play Music Fest<\/strong> este o nou\u0103 colec\u021bie de juc\u0103rii cu arc. Atinge-le \u2014 \u0219i vor \u00eencepe s\u0103 danseze!<\/p>\n<p data-start=\"194\" data-end=\"455\">Fiecare personaj are propriul nume, propria poveste \u0219i reprezint\u0103 un stil muzical diferit. Iar pentru ca despachetarea s\u0103 fie \u0219i mai interesant\u0103, am ascuns \u00een seturi 2 figurine misterioase. \u00cencearc\u0103 s\u0103 le g\u0103se\u0219ti \u0219i completeaz\u0103-\u021bi colec\u021bia cu personaje unice!<\/p>\n<p data-start=\"457\" data-end=\"632\"><strong data-start=\"457\" data-end=\"468\">\u00cen set:<\/strong><br data-start=\"468\" data-end=\"471\" \/>\u2013 1 din 12 juc\u0103rii de colec\u021bie;<br data-start=\"502\" data-end=\"505\" \/>\u2013 2 rulouri din fructe m\u0103r-par\u0103, f\u0103r\u0103 zah\u0103r ad\u0103ugat, conservan\u021bi, gluten \u0219i coloran\u021bi;<br data-start=\"591\" data-end=\"594\" \/>\u2013 un card de colec\u021bie cu to\u021bi eroii.<\/p>\n<p data-start=\"634\" data-end=\"777\" data-is-last-node=\"\" data-is-only-node=\"\"><strong data-start=\"634\" data-end=\"663\">Bob Snail Play Music Fest<\/strong> \u00eenseamn\u0103 o doz\u0103 dubl\u0103 de distrac\u021bie! Colec\u021bioneaz\u0103 to\u021bi muzicienii \u0219i organizeaz\u0103 un concert chiar la tine acas\u0103!<\/p>\n","protected":false},"excerpt":{"rendered":"<p>Bob Snail Play Music Fest este o nou\u0103 colec\u021bie de juc\u0103rii cu arc. Atinge-le \u2014 \u0219i vor \u00eencepe s\u0103 danseze! Fiecare personaj are propriul nume, propria poveste \u0219i reprezint\u0103 un stil muzical diferit. Iar pentru ca despachetarea s\u0103 fie \u0219i mai interesant\u0103, am ascuns \u00een seturi 2 figurine misterioase. \u00cencearc\u0103 s\u0103 le g\u0103se\u0219ti \u0219i completeaz\u0103-\u021bi [&hellip;]<\/p>\n","protected":false},"featured_media":4426,"comment_status":"open","ping_status":"closed","template":"","meta":{"_acf_changed":false},"product_brand":[],"product_cat":[80],"product_tag":[],"class_list":{"0":"post-4425","1":"product","2":"type-product","3":"status-publish","4":"has-post-thumbnail","6":"product_cat-bob-snail-play","7":"weight_taxonomy-20g","9":"first","10":"instock","11":"shipping-taxable","12":"purchasable","13":"product-type-simple"},"acf":[],"yoast_head":"<!-- This site is optimized with the Yoast SEO plugin v26.6 - https:\/\/yoast.com\/wordpress\/plugins\/seo\/ -->\n<title>Bob Snail Play Music Fest - Bob Snail<\/title>\n<meta name=\"description\" content=\"Bob Snail Play Music Fest. No added sugar, colourants, or preservatives. My treats are made from all things natural\ud83c\udf1f\" \/>\n<meta name=\"robots\" content=\"index, follow, max-snippet:-1, max-image-preview:large, max-video-preview:-1\" \/>\n<link rel=\"canonical\" href=\"https:\/\/www.bob-snail.com\/ro\/product\/bob-snail-play-music-fest\/\" \/>\n<meta property=\"og:locale\" content=\"en_US\" \/>\n<meta property=\"og:type\" content=\"article\" \/>\n<meta property=\"og:title\" content=\"Bob Snail Play Music Fest - Bob Snail\" \/>\n<meta property=\"og:description\" content=\"Bob Snail Play Music Fest. No added sugar, colourants, or preservatives. My treats are made from all things natural\ud83c\udf1f\" \/>\n<meta property=\"og:url\" content=\"https:\/\/www.bob-snail.com\/ro\/product\/bob-snail-play-music-fest\/\" \/>\n<meta property=\"og:site_name\" content=\"Bob Snail\" \/>\n<meta property=\"article:modified_time\" content=\"2026-03-13T15:46:22+00:00\" \/>\n<meta property=\"og:image\" content=\"https:\/\/www.bob-snail.com\/ro\/wp-content\/uploads\/sites\/26\/2026\/03\/RO_play_MUSIC-FEST-1.webp\" \/>\n\t<meta property=\"og:image:width\" content=\"1280\" \/>\n\t<meta property=\"og:image:height\" content=\"1280\" \/>\n\t<meta property=\"og:image:type\" content=\"image\/webp\" \/>\n<meta name=\"twitter:card\" content=\"summary_large_image\" \/>\n<meta name=\"twitter:label1\" content=\"Est. reading time\" \/>\n\t<meta name=\"twitter:data1\" content=\"6 minutes\" \/>\n<script type=\"application\/ld+json\" class=\"yoast-schema-graph\">{\"@context\":\"https:\/\/schema.org\",\"@graph\":[{\"@type\":\"WebPage\",\"@id\":\"https:\/\/www.bob-snail.com\/ro\/product\/bob-snail-play-music-fest\/\",\"url\":\"https:\/\/www.bob-snail.com\/ro\/product\/bob-snail-play-music-fest\/\",\"name\":\"Bob Snail Play Music Fest - Bob Snail\",\"isPartOf\":{\"@id\":\"https:\/\/www.bob-snail.com\/ro\/#website\"},\"primaryImageOfPage\":{\"@id\":\"https:\/\/www.bob-snail.com\/ro\/product\/bob-snail-play-music-fest\/#primaryimage\"},\"image\":{\"@id\":\"https:\/\/www.bob-snail.com\/ro\/product\/bob-snail-play-music-fest\/#primaryimage\"},\"thumbnailUrl\":\"https:\/\/www.bob-snail.com\/ro\/wp-content\/uploads\/sites\/26\/2026\/03\/RO_play_MUSIC-FEST-1.webp\",\"datePublished\":\"2026-03-02T19:44:24+00:00\",\"dateModified\":\"2026-03-13T15:46:22+00:00\",\"description\":\"Bob Snail Play Music Fest. No added sugar, colourants, or preservatives. My treats are made from all things natural\ud83c\udf1f\",\"breadcrumb\":{\"@id\":\"https:\/\/www.bob-snail.com\/ro\/product\/bob-snail-play-music-fest\/#breadcrumb\"},\"inLanguage\":\"en-US\",\"potentialAction\":[{\"@type\":\"ReadAction\",\"target\":[\"https:\/\/www.bob-snail.com\/ro\/product\/bob-snail-play-music-fest\/\"]}]},{\"@type\":\"ImageObject\",\"inLanguage\":\"en-US\",\"@id\":\"https:\/\/www.bob-snail.com\/ro\/product\/bob-snail-play-music-fest\/#primaryimage\",\"url\":\"https:\/\/www.bob-snail.com\/ro\/wp-content\/uploads\/sites\/26\/2026\/03\/RO_play_MUSIC-FEST-1.webp\",\"contentUrl\":\"https:\/\/www.bob-snail.com\/ro\/wp-content\/uploads\/sites\/26\/2026\/03\/RO_play_MUSIC-FEST-1.webp\",\"width\":1280,\"height\":1280},{\"@type\":\"BreadcrumbList\",\"@id\":\"https:\/\/www.bob-snail.com\/ro\/product\/bob-snail-play-music-fest\/#breadcrumb\",\"itemListElement\":[{\"@type\":\"ListItem\",\"position\":1,\"name\":\"Home\",\"item\":\"https:\/\/www.bob-snail.com\/ro\/\"},{\"@type\":\"ListItem\",\"position\":2,\"name\":\"Products\",\"item\":\"https:\/\/www.bob-snail.com\/ro\/shop\/\"},{\"@type\":\"ListItem\",\"position\":3,\"name\":\"Bob Snail Play Music Fest\"}]},{\"@type\":\"WebSite\",\"@id\":\"https:\/\/www.bob-snail.com\/ro\/#website\",\"url\":\"https:\/\/www.bob-snail.com\/ro\/\",\"name\":\"Bob Snail\",\"description\":\"\",\"potentialAction\":[{\"@type\":\"SearchAction\",\"target\":{\"@type\":\"EntryPoint\",\"urlTemplate\":\"https:\/\/www.bob-snail.com\/ro\/?s={search_term_string}\"},\"query-input\":{\"@type\":\"PropertyValueSpecification\",\"valueRequired\":true,\"valueName\":\"search_term_string\"}}],\"inLanguage\":\"en-US\"}]}<\/script>\n<!-- \/ Yoast SEO plugin. -->","yoast_head_json":{"title":"Bob Snail Play Music Fest - Bob Snail","description":"Bob Snail Play Music Fest. No added sugar, colourants, or preservatives. My treats are made from all things natural\ud83c\udf1f","robots":{"index":"index","follow":"follow","max-snippet":"max-snippet:-1","max-image-preview":"max-image-preview:large","max-video-preview":"max-video-preview:-1"},"canonical":"https:\/\/www.bob-snail.com\/ro\/product\/bob-snail-play-music-fest\/","og_locale":"en_US","og_type":"article","og_title":"Bob Snail Play Music Fest - Bob Snail","og_description":"Bob Snail Play Music Fest. No added sugar, colourants, or preservatives. My treats are made from all things natural\ud83c\udf1f","og_url":"https:\/\/www.bob-snail.com\/ro\/product\/bob-snail-play-music-fest\/","og_site_name":"Bob Snail","article_modified_time":"2026-03-13T15:46:22+00:00","og_image":[{"width":1280,"height":1280,"url":"https:\/\/www.bob-snail.com\/ro\/wp-content\/uploads\/sites\/26\/2026\/03\/RO_play_MUSIC-FEST-1.webp","type":"image\/webp"}],"twitter_card":"summary_large_image","twitter_misc":{"Est. reading time":"6 minutes"},"schema":{"@context":"https:\/\/schema.org","@graph":[{"@type":"WebPage","@id":"https:\/\/www.bob-snail.com\/ro\/product\/bob-snail-play-music-fest\/","url":"https:\/\/www.bob-snail.com\/ro\/product\/bob-snail-play-music-fest\/","name":"Bob Snail Play Music Fest - Bob Snail","isPartOf":{"@id":"https:\/\/www.bob-snail.com\/ro\/#website"},"primaryImageOfPage":{"@id":"https:\/\/www.bob-snail.com\/ro\/product\/bob-snail-play-music-fest\/#primaryimage"},"image":{"@id":"https:\/\/www.bob-snail.com\/ro\/product\/bob-snail-play-music-fest\/#primaryimage"},"thumbnailUrl":"https:\/\/www.bob-snail.com\/ro\/wp-content\/uploads\/sites\/26\/2026\/03\/RO_play_MUSIC-FEST-1.webp","datePublished":"2026-03-02T19:44:24+00:00","dateModified":"2026-03-13T15:46:22+00:00","description":"Bob Snail Play Music Fest. No added sugar, colourants, or preservatives. My treats are made from all things natural\ud83c\udf1f","breadcrumb":{"@id":"https:\/\/www.bob-snail.com\/ro\/product\/bob-snail-play-music-fest\/#breadcrumb"},"inLanguage":"en-US","potentialAction":[{"@type":"ReadAction","target":["https:\/\/www.bob-snail.com\/ro\/product\/bob-snail-play-music-fest\/"]}]},{"@type":"ImageObject","inLanguage":"en-US","@id":"https:\/\/www.bob-snail.com\/ro\/product\/bob-snail-play-music-fest\/#primaryimage","url":"https:\/\/www.bob-snail.com\/ro\/wp-content\/uploads\/sites\/26\/2026\/03\/RO_play_MUSIC-FEST-1.webp","contentUrl":"https:\/\/www.bob-snail.com\/ro\/wp-content\/uploads\/sites\/26\/2026\/03\/RO_play_MUSIC-FEST-1.webp","width":1280,"height":1280},{"@type":"BreadcrumbList","@id":"https:\/\/www.bob-snail.com\/ro\/product\/bob-snail-play-music-fest\/#breadcrumb","itemListElement":[{"@type":"ListItem","position":1,"name":"Home","item":"https:\/\/www.bob-snail.com\/ro\/"},{"@type":"ListItem","position":2,"name":"Products","item":"https:\/\/www.bob-snail.com\/ro\/shop\/"},{"@type":"ListItem","position":3,"name":"Bob Snail Play Music Fest"}]},{"@type":"WebSite","@id":"https:\/\/www.bob-snail.com\/ro\/#website","url":"https:\/\/www.bob-snail.com\/ro\/","name":"Bob Snail","description":"","potentialAction":[{"@type":"SearchAction","target":{"@type":"EntryPoint","urlTemplate":"https:\/\/www.bob-snail.com\/ro\/?s={search_term_string}"},"query-input":{"@type":"PropertyValueSpecification","valueRequired":true,"valueName":"search_term_string"}}],"inLanguage":"en-US"}]}},"_links":{"self":[{"href":"https:\/\/www.bob-snail.com\/ro\/wp-json\/wp\/v2\/product\/4425","targetHints":{"allow":["GET"]}}],"collection":[{"href":"https:\/\/www.bob-snail.com\/ro\/wp-json\/wp\/v2\/product"}],"about":[{"href":"https:\/\/www.bob-snail.com\/ro\/wp-json\/wp\/v2\/types\/product"}],"replies":[{"embeddable":true,"href":"https:\/\/www.bob-snail.com\/ro\/wp-json\/wp\/v2\/comments?post=4425"}],"wp:featuredmedia":[{"embeddable":true,"href":"https:\/\/www.bob-snail.com\/ro\/wp-json\/wp\/v2\/media\/4426"}],"wp:attachment":[{"href":"https:\/\/www.bob-snail.com\/ro\/wp-json\/wp\/v2\/media?parent=4425"}],"wp:term":[{"taxonomy":"product_brand","embeddable":true,"href":"https:\/\/www.bob-snail.com\/ro\/wp-json\/wp\/v2\/product_brand?post=4425"},{"taxonomy":"product_cat","embeddable":true,"href":"https:\/\/www.bob-snail.com\/ro\/wp-json\/wp\/v2\/product_cat?post=4425"},{"taxonomy":"product_tag","embeddable":true,"href":"https:\/\/www.bob-snail.com\/ro\/wp-json\/wp\/v2\/product_tag?post=4425"}],"curies":[{"name":"wp","href":"https:\/\/api.w.org\/{rel}","templated":true}]}}