{"id":4336,"date":"2026-03-02T18:30:18","date_gmt":"2026-03-02T18:30:18","guid":{"rendered":"https:\/\/www.bob-snail.com\/ro\/?post_type=product&#038;p=4336"},"modified":"2026-03-13T15:50:25","modified_gmt":"2026-03-13T15:50:25","slug":"smoothie-banana-capsuni-120g","status":"publish","type":"product","link":"https:\/\/www.bob-snail.com\/ro\/product\/smoothie-banana-capsuni-120g\/","title":{"rendered":"Smoothie (banan\u0103-c\u0103p\u0219uni) 120g"},"content":{"rendered":"<p><span style=\"font-weight: 400;\">Prepar smoothie-uri din fructe \u0219i fructe de p\u0103dure \u2014 f\u0103r\u0103 zah\u0103r ad\u0103ugat sau ingrediente artificiale. Sunt f\u0103r\u0103 gluten, potrivite pentru vegani \u0219i ambalate \u00eentr-un pouch practic.<\/span><\/p>\n<p><span style=\"font-weight: 400;\">Este o doz\u0103 rapid\u0103 de vitamine oriunde \u2014 la \u0219coal\u0103, la birou, la plimbare, \u00een c\u0103l\u0103torii sau \u00eenainte ori dup\u0103 antrenament. Smoothie-ul are o textur\u0103 groas\u0103 \u0219i omogen\u0103, un gust fructat intens \u0219i o arom\u0103 bogat\u0103.<\/span><\/p>\n<p><span style=\"font-weight: 400;\">Bea fructele tale preferate oriunde \u0219i oric\u00e2nd!<\/span><\/p>\n","protected":false},"excerpt":{"rendered":"<p>Prepar smoothie-uri din fructe \u0219i fructe de p\u0103dure \u2014 f\u0103r\u0103 zah\u0103r ad\u0103ugat sau ingrediente artificiale. Sunt f\u0103r\u0103 gluten, potrivite pentru vegani \u0219i ambalate \u00eentr-un pouch practic. Este o doz\u0103 rapid\u0103 de vitamine oriunde \u2014 la \u0219coal\u0103, la birou, la plimbare, \u00een c\u0103l\u0103torii sau \u00eenainte ori dup\u0103 antrenament. Smoothie-ul are o textur\u0103 groas\u0103 \u0219i omogen\u0103, un [&hellip;]<\/p>\n","protected":false},"featured_media":4337,"comment_status":"open","ping_status":"closed","template":"","meta":{"_acf_changed":false},"product_brand":[],"product_cat":[341],"product_tag":[],"class_list":{"0":"post-4336","1":"product","2":"type-product","3":"status-publish","4":"has-post-thumbnail","6":"product_cat-smoothie-din-fructe","7":"weight_taxonomy-120g","9":"first","10":"instock","11":"shipping-taxable","12":"purchasable","13":"product-type-simple"},"acf":[],"yoast_head":"<!-- This site is optimized with the Yoast SEO plugin v26.6 - https:\/\/yoast.com\/wordpress\/plugins\/seo\/ -->\n<title>Smoothie (banan\u0103-c\u0103p\u0219uni) 120g - Bob Snail<\/title>\n<meta name=\"description\" content=\"Smoothie (banan\u0103-c\u0103p\u0219uni) 120g. No added sugar, colourants, or preservatives. My treats are made from all things natural\ud83c\udf1f\" \/>\n<meta name=\"robots\" content=\"index, follow, max-snippet:-1, max-image-preview:large, max-video-preview:-1\" \/>\n<link rel=\"canonical\" href=\"https:\/\/www.bob-snail.com\/ro\/product\/smoothie-banana-capsuni-120g\/\" \/>\n<meta property=\"og:locale\" content=\"en_US\" \/>\n<meta property=\"og:type\" content=\"article\" \/>\n<meta property=\"og:title\" content=\"Smoothie (banan\u0103-c\u0103p\u0219uni) 120g - Bob Snail\" \/>\n<meta property=\"og:description\" content=\"Smoothie (banan\u0103-c\u0103p\u0219uni) 120g. No added sugar, colourants, or preservatives. My treats are made from all things natural\ud83c\udf1f\" \/>\n<meta property=\"og:url\" content=\"https:\/\/www.bob-snail.com\/ro\/product\/smoothie-banana-capsuni-120g\/\" \/>\n<meta property=\"og:site_name\" content=\"Bob Snail\" \/>\n<meta property=\"article:modified_time\" content=\"2026-03-13T15:50:25+00:00\" \/>\n<meta property=\"og:image\" content=\"https:\/\/www.bob-snail.com\/ro\/wp-content\/uploads\/sites\/26\/2026\/03\/RO_120_smoothie_banana_sreawberry-1.webp\" \/>\n\t<meta property=\"og:image:width\" content=\"1280\" \/>\n\t<meta property=\"og:image:height\" content=\"1280\" \/>\n\t<meta property=\"og:image:type\" content=\"image\/webp\" \/>\n<meta name=\"twitter:card\" content=\"summary_large_image\" \/>\n<meta name=\"twitter:label1\" content=\"Est. reading time\" \/>\n\t<meta name=\"twitter:data1\" content=\"6 minutes\" \/>\n<script type=\"application\/ld+json\" class=\"yoast-schema-graph\">{\"@context\":\"https:\/\/schema.org\",\"@graph\":[{\"@type\":\"WebPage\",\"@id\":\"https:\/\/www.bob-snail.com\/ro\/product\/smoothie-banana-capsuni-120g\/\",\"url\":\"https:\/\/www.bob-snail.com\/ro\/product\/smoothie-banana-capsuni-120g\/\",\"name\":\"Smoothie (banan\u0103-c\u0103p\u0219uni) 120g - Bob Snail\",\"isPartOf\":{\"@id\":\"https:\/\/www.bob-snail.com\/ro\/#website\"},\"primaryImageOfPage\":{\"@id\":\"https:\/\/www.bob-snail.com\/ro\/product\/smoothie-banana-capsuni-120g\/#primaryimage\"},\"image\":{\"@id\":\"https:\/\/www.bob-snail.com\/ro\/product\/smoothie-banana-capsuni-120g\/#primaryimage\"},\"thumbnailUrl\":\"https:\/\/www.bob-snail.com\/ro\/wp-content\/uploads\/sites\/26\/2026\/03\/RO_120_smoothie_banana_sreawberry-1.webp\",\"datePublished\":\"2026-03-02T18:30:18+00:00\",\"dateModified\":\"2026-03-13T15:50:25+00:00\",\"description\":\"Smoothie (banan\u0103-c\u0103p\u0219uni) 120g. No added sugar, colourants, or preservatives. My treats are made from all things natural\ud83c\udf1f\",\"breadcrumb\":{\"@id\":\"https:\/\/www.bob-snail.com\/ro\/product\/smoothie-banana-capsuni-120g\/#breadcrumb\"},\"inLanguage\":\"en-US\",\"potentialAction\":[{\"@type\":\"ReadAction\",\"target\":[\"https:\/\/www.bob-snail.com\/ro\/product\/smoothie-banana-capsuni-120g\/\"]}]},{\"@type\":\"ImageObject\",\"inLanguage\":\"en-US\",\"@id\":\"https:\/\/www.bob-snail.com\/ro\/product\/smoothie-banana-capsuni-120g\/#primaryimage\",\"url\":\"https:\/\/www.bob-snail.com\/ro\/wp-content\/uploads\/sites\/26\/2026\/03\/RO_120_smoothie_banana_sreawberry-1.webp\",\"contentUrl\":\"https:\/\/www.bob-snail.com\/ro\/wp-content\/uploads\/sites\/26\/2026\/03\/RO_120_smoothie_banana_sreawberry-1.webp\",\"width\":1280,\"height\":1280},{\"@type\":\"BreadcrumbList\",\"@id\":\"https:\/\/www.bob-snail.com\/ro\/product\/smoothie-banana-capsuni-120g\/#breadcrumb\",\"itemListElement\":[{\"@type\":\"ListItem\",\"position\":1,\"name\":\"Home\",\"item\":\"https:\/\/www.bob-snail.com\/ro\/\"},{\"@type\":\"ListItem\",\"position\":2,\"name\":\"Products\",\"item\":\"https:\/\/www.bob-snail.com\/ro\/shop\/\"},{\"@type\":\"ListItem\",\"position\":3,\"name\":\"Smoothie (banan\u0103-c\u0103p\u0219uni) 120g\"}]},{\"@type\":\"WebSite\",\"@id\":\"https:\/\/www.bob-snail.com\/ro\/#website\",\"url\":\"https:\/\/www.bob-snail.com\/ro\/\",\"name\":\"Bob Snail\",\"description\":\"\",\"potentialAction\":[{\"@type\":\"SearchAction\",\"target\":{\"@type\":\"EntryPoint\",\"urlTemplate\":\"https:\/\/www.bob-snail.com\/ro\/?s={search_term_string}\"},\"query-input\":{\"@type\":\"PropertyValueSpecification\",\"valueRequired\":true,\"valueName\":\"search_term_string\"}}],\"inLanguage\":\"en-US\"}]}<\/script>\n<!-- \/ Yoast SEO plugin. -->","yoast_head_json":{"title":"Smoothie (banan\u0103-c\u0103p\u0219uni) 120g - Bob Snail","description":"Smoothie (banan\u0103-c\u0103p\u0219uni) 120g. No added sugar, colourants, or preservatives. My treats are made from all things natural\ud83c\udf1f","robots":{"index":"index","follow":"follow","max-snippet":"max-snippet:-1","max-image-preview":"max-image-preview:large","max-video-preview":"max-video-preview:-1"},"canonical":"https:\/\/www.bob-snail.com\/ro\/product\/smoothie-banana-capsuni-120g\/","og_locale":"en_US","og_type":"article","og_title":"Smoothie (banan\u0103-c\u0103p\u0219uni) 120g - Bob Snail","og_description":"Smoothie (banan\u0103-c\u0103p\u0219uni) 120g. No added sugar, colourants, or preservatives. My treats are made from all things natural\ud83c\udf1f","og_url":"https:\/\/www.bob-snail.com\/ro\/product\/smoothie-banana-capsuni-120g\/","og_site_name":"Bob Snail","article_modified_time":"2026-03-13T15:50:25+00:00","og_image":[{"width":1280,"height":1280,"url":"https:\/\/www.bob-snail.com\/ro\/wp-content\/uploads\/sites\/26\/2026\/03\/RO_120_smoothie_banana_sreawberry-1.webp","type":"image\/webp"}],"twitter_card":"summary_large_image","twitter_misc":{"Est. reading time":"6 minutes"},"schema":{"@context":"https:\/\/schema.org","@graph":[{"@type":"WebPage","@id":"https:\/\/www.bob-snail.com\/ro\/product\/smoothie-banana-capsuni-120g\/","url":"https:\/\/www.bob-snail.com\/ro\/product\/smoothie-banana-capsuni-120g\/","name":"Smoothie (banan\u0103-c\u0103p\u0219uni) 120g - Bob Snail","isPartOf":{"@id":"https:\/\/www.bob-snail.com\/ro\/#website"},"primaryImageOfPage":{"@id":"https:\/\/www.bob-snail.com\/ro\/product\/smoothie-banana-capsuni-120g\/#primaryimage"},"image":{"@id":"https:\/\/www.bob-snail.com\/ro\/product\/smoothie-banana-capsuni-120g\/#primaryimage"},"thumbnailUrl":"https:\/\/www.bob-snail.com\/ro\/wp-content\/uploads\/sites\/26\/2026\/03\/RO_120_smoothie_banana_sreawberry-1.webp","datePublished":"2026-03-02T18:30:18+00:00","dateModified":"2026-03-13T15:50:25+00:00","description":"Smoothie (banan\u0103-c\u0103p\u0219uni) 120g. No added sugar, colourants, or preservatives. My treats are made from all things natural\ud83c\udf1f","breadcrumb":{"@id":"https:\/\/www.bob-snail.com\/ro\/product\/smoothie-banana-capsuni-120g\/#breadcrumb"},"inLanguage":"en-US","potentialAction":[{"@type":"ReadAction","target":["https:\/\/www.bob-snail.com\/ro\/product\/smoothie-banana-capsuni-120g\/"]}]},{"@type":"ImageObject","inLanguage":"en-US","@id":"https:\/\/www.bob-snail.com\/ro\/product\/smoothie-banana-capsuni-120g\/#primaryimage","url":"https:\/\/www.bob-snail.com\/ro\/wp-content\/uploads\/sites\/26\/2026\/03\/RO_120_smoothie_banana_sreawberry-1.webp","contentUrl":"https:\/\/www.bob-snail.com\/ro\/wp-content\/uploads\/sites\/26\/2026\/03\/RO_120_smoothie_banana_sreawberry-1.webp","width":1280,"height":1280},{"@type":"BreadcrumbList","@id":"https:\/\/www.bob-snail.com\/ro\/product\/smoothie-banana-capsuni-120g\/#breadcrumb","itemListElement":[{"@type":"ListItem","position":1,"name":"Home","item":"https:\/\/www.bob-snail.com\/ro\/"},{"@type":"ListItem","position":2,"name":"Products","item":"https:\/\/www.bob-snail.com\/ro\/shop\/"},{"@type":"ListItem","position":3,"name":"Smoothie (banan\u0103-c\u0103p\u0219uni) 120g"}]},{"@type":"WebSite","@id":"https:\/\/www.bob-snail.com\/ro\/#website","url":"https:\/\/www.bob-snail.com\/ro\/","name":"Bob Snail","description":"","potentialAction":[{"@type":"SearchAction","target":{"@type":"EntryPoint","urlTemplate":"https:\/\/www.bob-snail.com\/ro\/?s={search_term_string}"},"query-input":{"@type":"PropertyValueSpecification","valueRequired":true,"valueName":"search_term_string"}}],"inLanguage":"en-US"}]}},"_links":{"self":[{"href":"https:\/\/www.bob-snail.com\/ro\/wp-json\/wp\/v2\/product\/4336","targetHints":{"allow":["GET"]}}],"collection":[{"href":"https:\/\/www.bob-snail.com\/ro\/wp-json\/wp\/v2\/product"}],"about":[{"href":"https:\/\/www.bob-snail.com\/ro\/wp-json\/wp\/v2\/types\/product"}],"replies":[{"embeddable":true,"href":"https:\/\/www.bob-snail.com\/ro\/wp-json\/wp\/v2\/comments?post=4336"}],"wp:featuredmedia":[{"embeddable":true,"href":"https:\/\/www.bob-snail.com\/ro\/wp-json\/wp\/v2\/media\/4337"}],"wp:attachment":[{"href":"https:\/\/www.bob-snail.com\/ro\/wp-json\/wp\/v2\/media?parent=4336"}],"wp:term":[{"taxonomy":"product_brand","embeddable":true,"href":"https:\/\/www.bob-snail.com\/ro\/wp-json\/wp\/v2\/product_brand?post=4336"},{"taxonomy":"product_cat","embeddable":true,"href":"https:\/\/www.bob-snail.com\/ro\/wp-json\/wp\/v2\/product_cat?post=4336"},{"taxonomy":"product_tag","embeddable":true,"href":"https:\/\/www.bob-snail.com\/ro\/wp-json\/wp\/v2\/product_tag?post=4336"}],"curies":[{"name":"wp","href":"https:\/\/api.w.org\/{rel}","templated":true}]}}