{"id":4297,"date":"2026-03-02T14:15:21","date_gmt":"2026-03-02T14:15:21","guid":{"rendered":"https:\/\/www.bob-snail.com\/ro\/?post_type=product&#038;p=4297"},"modified":"2026-03-13T15:55:27","modified_gmt":"2026-03-13T15:55:27","slug":"umplutura-de-mere-zmeura-invelita-in-ciocolata-belgiana-neagra-30g","status":"publish","type":"product","link":"https:\/\/www.bob-snail.com\/ro\/product\/umplutura-de-mere-zmeura-invelita-in-ciocolata-belgiana-neagra-30g\/","title":{"rendered":"Umplutur\u0103 de mere-zmeur\u0103 \u00eenvelit\u0103 \u00een ciocolat\u0103 belgian\u0103 neagr\u0103 30g"},"content":{"rendered":"<p><span style=\"font-weight: 400;\">Special pentru iubitorii de dulce, creez bomboane delicioase din fructe, acoperite cu ciocolat\u0103 belgian\u0103. Nu con\u021bin niciun gram de zah\u0103r ad\u0103ugat \u2014 nici m\u0103car \u00een ciocolat\u0103! De asemenea, nu au conservan\u021bi, coloran\u021bi sau gluten.<\/span><\/p>\n<p><span style=\"font-weight: 400;\">Bomboanele au un gust pl\u0103cut dulce-acri\u0219or al fructelor adev\u0103rate, cu note intense de ciocolat\u0103. Sunt imposibil de refuzat \u2014 \u0219i de ce ar trebui? Savureaz\u0103-le cu pl\u0103cere \u0219i \u00eemparte-le cu cei dragi!<\/span><\/p>\n","protected":false},"excerpt":{"rendered":"<p>Special pentru iubitorii de dulce, creez bomboane delicioase din fructe, acoperite cu ciocolat\u0103 belgian\u0103. Nu con\u021bin niciun gram de zah\u0103r ad\u0103ugat \u2014 nici m\u0103car \u00een ciocolat\u0103! De asemenea, nu au conservan\u021bi, coloran\u021bi sau gluten. Bomboanele au un gust pl\u0103cut dulce-acri\u0219or al fructelor adev\u0103rate, cu note intense de ciocolat\u0103. Sunt imposibil de refuzat \u2014 \u0219i de [&hellip;]<\/p>\n","protected":false},"featured_media":4298,"comment_status":"open","ping_status":"closed","template":"","meta":{"_acf_changed":false},"product_brand":[],"product_cat":[76],"product_tag":[],"class_list":{"0":"post-4297","1":"product","2":"type-product","3":"status-publish","4":"has-post-thumbnail","6":"product_cat-fructe-crocante-acoperite-cu-ciocolata","7":"weight_taxonomy-30g","9":"first","10":"instock","11":"shipping-taxable","12":"purchasable","13":"product-type-simple"},"acf":[],"yoast_head":"<!-- This site is optimized with the Yoast SEO plugin v26.6 - https:\/\/yoast.com\/wordpress\/plugins\/seo\/ -->\n<title>Umplutur\u0103 de mere-zmeur\u0103 \u00eenvelit\u0103 \u00een ciocolat\u0103 belgian\u0103 neagr\u0103 30g - Bob Snail<\/title>\n<meta name=\"description\" content=\"Umplutur\u0103 de mere-zmeur\u0103 \u00eenvelit\u0103 \u00een ciocolat\u0103 belgian\u0103 neagr\u0103 30g. No added sugar, colourants, or preservatives. My treats are made from all things natural\ud83c\udf1f\" \/>\n<meta name=\"robots\" content=\"index, follow, max-snippet:-1, max-image-preview:large, max-video-preview:-1\" \/>\n<link rel=\"canonical\" href=\"https:\/\/www.bob-snail.com\/ro\/product\/umplutura-de-mere-zmeura-invelita-in-ciocolata-belgiana-neagra-30g\/\" \/>\n<meta property=\"og:locale\" content=\"en_US\" \/>\n<meta property=\"og:type\" content=\"article\" \/>\n<meta property=\"og:title\" content=\"Umplutur\u0103 de mere-zmeur\u0103 \u00eenvelit\u0103 \u00een ciocolat\u0103 belgian\u0103 neagr\u0103 30g - Bob Snail\" \/>\n<meta property=\"og:description\" content=\"Umplutur\u0103 de mere-zmeur\u0103 \u00eenvelit\u0103 \u00een ciocolat\u0103 belgian\u0103 neagr\u0103 30g. No added sugar, colourants, or preservatives. My treats are made from all things natural\ud83c\udf1f\" \/>\n<meta property=\"og:url\" content=\"https:\/\/www.bob-snail.com\/ro\/product\/umplutura-de-mere-zmeura-invelita-in-ciocolata-belgiana-neagra-30g\/\" \/>\n<meta property=\"og:site_name\" content=\"Bob Snail\" \/>\n<meta property=\"article:modified_time\" content=\"2026-03-13T15:55:27+00:00\" \/>\n<meta property=\"og:image\" content=\"https:\/\/www.bob-snail.com\/ro\/wp-content\/uploads\/sites\/26\/2026\/03\/RO_choco_30-apple-raspberry-1.webp\" \/>\n\t<meta property=\"og:image:width\" content=\"1280\" \/>\n\t<meta property=\"og:image:height\" content=\"1280\" \/>\n\t<meta property=\"og:image:type\" content=\"image\/webp\" \/>\n<meta name=\"twitter:card\" content=\"summary_large_image\" \/>\n<meta name=\"twitter:label1\" content=\"Est. reading time\" \/>\n\t<meta name=\"twitter:data1\" content=\"6 minutes\" \/>\n<script type=\"application\/ld+json\" class=\"yoast-schema-graph\">{\"@context\":\"https:\/\/schema.org\",\"@graph\":[{\"@type\":\"WebPage\",\"@id\":\"https:\/\/www.bob-snail.com\/ro\/product\/umplutura-de-mere-zmeura-invelita-in-ciocolata-belgiana-neagra-30g\/\",\"url\":\"https:\/\/www.bob-snail.com\/ro\/product\/umplutura-de-mere-zmeura-invelita-in-ciocolata-belgiana-neagra-30g\/\",\"name\":\"Umplutur\u0103 de mere-zmeur\u0103 \u00eenvelit\u0103 \u00een ciocolat\u0103 belgian\u0103 neagr\u0103 30g - Bob Snail\",\"isPartOf\":{\"@id\":\"https:\/\/www.bob-snail.com\/ro\/#website\"},\"primaryImageOfPage\":{\"@id\":\"https:\/\/www.bob-snail.com\/ro\/product\/umplutura-de-mere-zmeura-invelita-in-ciocolata-belgiana-neagra-30g\/#primaryimage\"},\"image\":{\"@id\":\"https:\/\/www.bob-snail.com\/ro\/product\/umplutura-de-mere-zmeura-invelita-in-ciocolata-belgiana-neagra-30g\/#primaryimage\"},\"thumbnailUrl\":\"https:\/\/www.bob-snail.com\/ro\/wp-content\/uploads\/sites\/26\/2026\/03\/RO_choco_30-apple-raspberry-1.webp\",\"datePublished\":\"2026-03-02T14:15:21+00:00\",\"dateModified\":\"2026-03-13T15:55:27+00:00\",\"description\":\"Umplutur\u0103 de mere-zmeur\u0103 \u00eenvelit\u0103 \u00een ciocolat\u0103 belgian\u0103 neagr\u0103 30g. No added sugar, colourants, or preservatives. My treats are made from all things natural\ud83c\udf1f\",\"breadcrumb\":{\"@id\":\"https:\/\/www.bob-snail.com\/ro\/product\/umplutura-de-mere-zmeura-invelita-in-ciocolata-belgiana-neagra-30g\/#breadcrumb\"},\"inLanguage\":\"en-US\",\"potentialAction\":[{\"@type\":\"ReadAction\",\"target\":[\"https:\/\/www.bob-snail.com\/ro\/product\/umplutura-de-mere-zmeura-invelita-in-ciocolata-belgiana-neagra-30g\/\"]}]},{\"@type\":\"ImageObject\",\"inLanguage\":\"en-US\",\"@id\":\"https:\/\/www.bob-snail.com\/ro\/product\/umplutura-de-mere-zmeura-invelita-in-ciocolata-belgiana-neagra-30g\/#primaryimage\",\"url\":\"https:\/\/www.bob-snail.com\/ro\/wp-content\/uploads\/sites\/26\/2026\/03\/RO_choco_30-apple-raspberry-1.webp\",\"contentUrl\":\"https:\/\/www.bob-snail.com\/ro\/wp-content\/uploads\/sites\/26\/2026\/03\/RO_choco_30-apple-raspberry-1.webp\",\"width\":1280,\"height\":1280},{\"@type\":\"BreadcrumbList\",\"@id\":\"https:\/\/www.bob-snail.com\/ro\/product\/umplutura-de-mere-zmeura-invelita-in-ciocolata-belgiana-neagra-30g\/#breadcrumb\",\"itemListElement\":[{\"@type\":\"ListItem\",\"position\":1,\"name\":\"Home\",\"item\":\"https:\/\/www.bob-snail.com\/ro\/\"},{\"@type\":\"ListItem\",\"position\":2,\"name\":\"Products\",\"item\":\"https:\/\/www.bob-snail.com\/ro\/shop\/\"},{\"@type\":\"ListItem\",\"position\":3,\"name\":\"Umplutur\u0103 de mere-zmeur\u0103 \u00eenvelit\u0103 \u00een ciocolat\u0103 belgian\u0103 neagr\u0103 30g\"}]},{\"@type\":\"WebSite\",\"@id\":\"https:\/\/www.bob-snail.com\/ro\/#website\",\"url\":\"https:\/\/www.bob-snail.com\/ro\/\",\"name\":\"Bob Snail\",\"description\":\"\",\"potentialAction\":[{\"@type\":\"SearchAction\",\"target\":{\"@type\":\"EntryPoint\",\"urlTemplate\":\"https:\/\/www.bob-snail.com\/ro\/?s={search_term_string}\"},\"query-input\":{\"@type\":\"PropertyValueSpecification\",\"valueRequired\":true,\"valueName\":\"search_term_string\"}}],\"inLanguage\":\"en-US\"}]}<\/script>\n<!-- \/ Yoast SEO plugin. -->","yoast_head_json":{"title":"Umplutur\u0103 de mere-zmeur\u0103 \u00eenvelit\u0103 \u00een ciocolat\u0103 belgian\u0103 neagr\u0103 30g - Bob Snail","description":"Umplutur\u0103 de mere-zmeur\u0103 \u00eenvelit\u0103 \u00een ciocolat\u0103 belgian\u0103 neagr\u0103 30g. No added sugar, colourants, or preservatives. My treats are made from all things natural\ud83c\udf1f","robots":{"index":"index","follow":"follow","max-snippet":"max-snippet:-1","max-image-preview":"max-image-preview:large","max-video-preview":"max-video-preview:-1"},"canonical":"https:\/\/www.bob-snail.com\/ro\/product\/umplutura-de-mere-zmeura-invelita-in-ciocolata-belgiana-neagra-30g\/","og_locale":"en_US","og_type":"article","og_title":"Umplutur\u0103 de mere-zmeur\u0103 \u00eenvelit\u0103 \u00een ciocolat\u0103 belgian\u0103 neagr\u0103 30g - Bob Snail","og_description":"Umplutur\u0103 de mere-zmeur\u0103 \u00eenvelit\u0103 \u00een ciocolat\u0103 belgian\u0103 neagr\u0103 30g. No added sugar, colourants, or preservatives. My treats are made from all things natural\ud83c\udf1f","og_url":"https:\/\/www.bob-snail.com\/ro\/product\/umplutura-de-mere-zmeura-invelita-in-ciocolata-belgiana-neagra-30g\/","og_site_name":"Bob Snail","article_modified_time":"2026-03-13T15:55:27+00:00","og_image":[{"width":1280,"height":1280,"url":"https:\/\/www.bob-snail.com\/ro\/wp-content\/uploads\/sites\/26\/2026\/03\/RO_choco_30-apple-raspberry-1.webp","type":"image\/webp"}],"twitter_card":"summary_large_image","twitter_misc":{"Est. reading time":"6 minutes"},"schema":{"@context":"https:\/\/schema.org","@graph":[{"@type":"WebPage","@id":"https:\/\/www.bob-snail.com\/ro\/product\/umplutura-de-mere-zmeura-invelita-in-ciocolata-belgiana-neagra-30g\/","url":"https:\/\/www.bob-snail.com\/ro\/product\/umplutura-de-mere-zmeura-invelita-in-ciocolata-belgiana-neagra-30g\/","name":"Umplutur\u0103 de mere-zmeur\u0103 \u00eenvelit\u0103 \u00een ciocolat\u0103 belgian\u0103 neagr\u0103 30g - Bob Snail","isPartOf":{"@id":"https:\/\/www.bob-snail.com\/ro\/#website"},"primaryImageOfPage":{"@id":"https:\/\/www.bob-snail.com\/ro\/product\/umplutura-de-mere-zmeura-invelita-in-ciocolata-belgiana-neagra-30g\/#primaryimage"},"image":{"@id":"https:\/\/www.bob-snail.com\/ro\/product\/umplutura-de-mere-zmeura-invelita-in-ciocolata-belgiana-neagra-30g\/#primaryimage"},"thumbnailUrl":"https:\/\/www.bob-snail.com\/ro\/wp-content\/uploads\/sites\/26\/2026\/03\/RO_choco_30-apple-raspberry-1.webp","datePublished":"2026-03-02T14:15:21+00:00","dateModified":"2026-03-13T15:55:27+00:00","description":"Umplutur\u0103 de mere-zmeur\u0103 \u00eenvelit\u0103 \u00een ciocolat\u0103 belgian\u0103 neagr\u0103 30g. No added sugar, colourants, or preservatives. My treats are made from all things natural\ud83c\udf1f","breadcrumb":{"@id":"https:\/\/www.bob-snail.com\/ro\/product\/umplutura-de-mere-zmeura-invelita-in-ciocolata-belgiana-neagra-30g\/#breadcrumb"},"inLanguage":"en-US","potentialAction":[{"@type":"ReadAction","target":["https:\/\/www.bob-snail.com\/ro\/product\/umplutura-de-mere-zmeura-invelita-in-ciocolata-belgiana-neagra-30g\/"]}]},{"@type":"ImageObject","inLanguage":"en-US","@id":"https:\/\/www.bob-snail.com\/ro\/product\/umplutura-de-mere-zmeura-invelita-in-ciocolata-belgiana-neagra-30g\/#primaryimage","url":"https:\/\/www.bob-snail.com\/ro\/wp-content\/uploads\/sites\/26\/2026\/03\/RO_choco_30-apple-raspberry-1.webp","contentUrl":"https:\/\/www.bob-snail.com\/ro\/wp-content\/uploads\/sites\/26\/2026\/03\/RO_choco_30-apple-raspberry-1.webp","width":1280,"height":1280},{"@type":"BreadcrumbList","@id":"https:\/\/www.bob-snail.com\/ro\/product\/umplutura-de-mere-zmeura-invelita-in-ciocolata-belgiana-neagra-30g\/#breadcrumb","itemListElement":[{"@type":"ListItem","position":1,"name":"Home","item":"https:\/\/www.bob-snail.com\/ro\/"},{"@type":"ListItem","position":2,"name":"Products","item":"https:\/\/www.bob-snail.com\/ro\/shop\/"},{"@type":"ListItem","position":3,"name":"Umplutur\u0103 de mere-zmeur\u0103 \u00eenvelit\u0103 \u00een ciocolat\u0103 belgian\u0103 neagr\u0103 30g"}]},{"@type":"WebSite","@id":"https:\/\/www.bob-snail.com\/ro\/#website","url":"https:\/\/www.bob-snail.com\/ro\/","name":"Bob Snail","description":"","potentialAction":[{"@type":"SearchAction","target":{"@type":"EntryPoint","urlTemplate":"https:\/\/www.bob-snail.com\/ro\/?s={search_term_string}"},"query-input":{"@type":"PropertyValueSpecification","valueRequired":true,"valueName":"search_term_string"}}],"inLanguage":"en-US"}]}},"_links":{"self":[{"href":"https:\/\/www.bob-snail.com\/ro\/wp-json\/wp\/v2\/product\/4297","targetHints":{"allow":["GET"]}}],"collection":[{"href":"https:\/\/www.bob-snail.com\/ro\/wp-json\/wp\/v2\/product"}],"about":[{"href":"https:\/\/www.bob-snail.com\/ro\/wp-json\/wp\/v2\/types\/product"}],"replies":[{"embeddable":true,"href":"https:\/\/www.bob-snail.com\/ro\/wp-json\/wp\/v2\/comments?post=4297"}],"wp:featuredmedia":[{"embeddable":true,"href":"https:\/\/www.bob-snail.com\/ro\/wp-json\/wp\/v2\/media\/4298"}],"wp:attachment":[{"href":"https:\/\/www.bob-snail.com\/ro\/wp-json\/wp\/v2\/media?parent=4297"}],"wp:term":[{"taxonomy":"product_brand","embeddable":true,"href":"https:\/\/www.bob-snail.com\/ro\/wp-json\/wp\/v2\/product_brand?post=4297"},{"taxonomy":"product_cat","embeddable":true,"href":"https:\/\/www.bob-snail.com\/ro\/wp-json\/wp\/v2\/product_cat?post=4297"},{"taxonomy":"product_tag","embeddable":true,"href":"https:\/\/www.bob-snail.com\/ro\/wp-json\/wp\/v2\/product_tag?post=4297"}],"curies":[{"name":"wp","href":"https:\/\/api.w.org\/{rel}","templated":true}]}}