{"id":4280,"date":"2026-03-02T14:09:24","date_gmt":"2026-03-02T14:09:24","guid":{"rendered":"https:\/\/www.bob-snail.com\/ro\/?post_type=product&#038;p=4280"},"modified":"2026-03-13T15:53:52","modified_gmt":"2026-03-13T15:53:52","slug":"jeleuri-de-mar-pere-si-lamaie-27g","status":"publish","type":"product","link":"https:\/\/www.bob-snail.com\/ro\/product\/jeleuri-de-mar-pere-si-lamaie-27g\/","title":{"rendered":"Jeleuri de m\u0103r, pere \u0219i l\u0103m\u00e2ie 27g"},"content":{"rendered":"<p><span style=\"font-weight: 400;\">Prepar jeleurile din fructe din suc concentrat \u2014 f\u0103r\u0103 zah\u0103r ad\u0103ugat, gelatin\u0103 sau gluten. Doar suc \u0219i agar, pentru ca bun\u0103t\u0103\u021bile s\u0103 fie perfect elastice.<\/span><\/p>\n<p><span style=\"font-weight: 400;\">Jeleurile sunt u\u0219or de luat cu tine: pune-le \u00een pache\u021bel, geant\u0103 sau rucsac \u0219i savureaz\u0103-le la munc\u0103, \u00eentr-o cafenea, la \u0219coal\u0103 sau la plimbare.<\/span><\/p>\n<p><span style=\"font-weight: 400;\">Au o textur\u0103 moale \u0219i totodat\u0103 elastic\u0103, un gust intens dulce-acri\u0219or \u0219i o arom\u0103 fructat\u0103. Alegerea ideal\u0103 atunci c\u00e2nd \u00ee\u021bi dore\u0219ti ceva dulce \u2014 f\u0103r\u0103 zah\u0103r ad\u0103ugat.<\/span><\/p>\n","protected":false},"excerpt":{"rendered":"<p>Prepar jeleurile din fructe din suc concentrat \u2014 f\u0103r\u0103 zah\u0103r ad\u0103ugat, gelatin\u0103 sau gluten. Doar suc \u0219i agar, pentru ca bun\u0103t\u0103\u021bile s\u0103 fie perfect elastice. Jeleurile sunt u\u0219or de luat cu tine: pune-le \u00een pache\u021bel, geant\u0103 sau rucsac \u0219i savureaz\u0103-le la munc\u0103, \u00eentr-o cafenea, la \u0219coal\u0103 sau la plimbare. Au o textur\u0103 moale \u0219i totodat\u0103 [&hellip;]<\/p>\n","protected":false},"featured_media":4281,"comment_status":"open","ping_status":"closed","template":"","meta":{"_acf_changed":false},"product_brand":[],"product_cat":[343],"product_tag":[],"class_list":{"0":"post-4280","1":"product","2":"type-product","3":"status-publish","4":"has-post-thumbnail","6":"product_cat-jeleuri-din-fructe","7":"weight_taxonomy-27g","9":"first","10":"instock","11":"shipping-taxable","12":"purchasable","13":"product-type-simple"},"acf":[],"yoast_head":"<!-- This site is optimized with the Yoast SEO plugin v26.6 - https:\/\/yoast.com\/wordpress\/plugins\/seo\/ -->\n<title>Jeleuri de m\u0103r, pere \u0219i l\u0103m\u00e2ie 27g - Bob Snail<\/title>\n<meta name=\"description\" content=\"Jeleuri de m\u0103r, pere \u0219i l\u0103m\u00e2ie 27g. No added sugar, colourants, or preservatives. My treats are made from all things natural\ud83c\udf1f\" \/>\n<meta name=\"robots\" content=\"index, follow, max-snippet:-1, max-image-preview:large, max-video-preview:-1\" \/>\n<link rel=\"canonical\" href=\"https:\/\/www.bob-snail.com\/ro\/product\/jeleuri-de-mar-pere-si-lamaie-27g\/\" \/>\n<meta property=\"og:locale\" content=\"en_US\" \/>\n<meta property=\"og:type\" content=\"article\" \/>\n<meta property=\"og:title\" content=\"Jeleuri de m\u0103r, pere \u0219i l\u0103m\u00e2ie 27g - Bob Snail\" \/>\n<meta property=\"og:description\" content=\"Jeleuri de m\u0103r, pere \u0219i l\u0103m\u00e2ie 27g. No added sugar, colourants, or preservatives. My treats are made from all things natural\ud83c\udf1f\" \/>\n<meta property=\"og:url\" content=\"https:\/\/www.bob-snail.com\/ro\/product\/jeleuri-de-mar-pere-si-lamaie-27g\/\" \/>\n<meta property=\"og:site_name\" content=\"Bob Snail\" \/>\n<meta property=\"article:modified_time\" content=\"2026-03-13T15:53:52+00:00\" \/>\n<meta property=\"og:image\" content=\"https:\/\/www.bob-snail.com\/ro\/wp-content\/uploads\/sites\/26\/2026\/03\/RO_jelly_27_lemon-1.webp\" \/>\n\t<meta property=\"og:image:width\" content=\"1280\" \/>\n\t<meta property=\"og:image:height\" content=\"1280\" \/>\n\t<meta property=\"og:image:type\" content=\"image\/webp\" \/>\n<meta name=\"twitter:card\" content=\"summary_large_image\" \/>\n<meta name=\"twitter:label1\" content=\"Est. reading time\" \/>\n\t<meta name=\"twitter:data1\" content=\"6 minutes\" \/>\n<script type=\"application\/ld+json\" class=\"yoast-schema-graph\">{\"@context\":\"https:\/\/schema.org\",\"@graph\":[{\"@type\":\"WebPage\",\"@id\":\"https:\/\/www.bob-snail.com\/ro\/product\/jeleuri-de-mar-pere-si-lamaie-27g\/\",\"url\":\"https:\/\/www.bob-snail.com\/ro\/product\/jeleuri-de-mar-pere-si-lamaie-27g\/\",\"name\":\"Jeleuri de m\u0103r, pere \u0219i l\u0103m\u00e2ie 27g - Bob Snail\",\"isPartOf\":{\"@id\":\"https:\/\/www.bob-snail.com\/ro\/#website\"},\"primaryImageOfPage\":{\"@id\":\"https:\/\/www.bob-snail.com\/ro\/product\/jeleuri-de-mar-pere-si-lamaie-27g\/#primaryimage\"},\"image\":{\"@id\":\"https:\/\/www.bob-snail.com\/ro\/product\/jeleuri-de-mar-pere-si-lamaie-27g\/#primaryimage\"},\"thumbnailUrl\":\"https:\/\/www.bob-snail.com\/ro\/wp-content\/uploads\/sites\/26\/2026\/03\/RO_jelly_27_lemon-1.webp\",\"datePublished\":\"2026-03-02T14:09:24+00:00\",\"dateModified\":\"2026-03-13T15:53:52+00:00\",\"description\":\"Jeleuri de m\u0103r, pere \u0219i l\u0103m\u00e2ie 27g. No added sugar, colourants, or preservatives. My treats are made from all things natural\ud83c\udf1f\",\"breadcrumb\":{\"@id\":\"https:\/\/www.bob-snail.com\/ro\/product\/jeleuri-de-mar-pere-si-lamaie-27g\/#breadcrumb\"},\"inLanguage\":\"en-US\",\"potentialAction\":[{\"@type\":\"ReadAction\",\"target\":[\"https:\/\/www.bob-snail.com\/ro\/product\/jeleuri-de-mar-pere-si-lamaie-27g\/\"]}]},{\"@type\":\"ImageObject\",\"inLanguage\":\"en-US\",\"@id\":\"https:\/\/www.bob-snail.com\/ro\/product\/jeleuri-de-mar-pere-si-lamaie-27g\/#primaryimage\",\"url\":\"https:\/\/www.bob-snail.com\/ro\/wp-content\/uploads\/sites\/26\/2026\/03\/RO_jelly_27_lemon-1.webp\",\"contentUrl\":\"https:\/\/www.bob-snail.com\/ro\/wp-content\/uploads\/sites\/26\/2026\/03\/RO_jelly_27_lemon-1.webp\",\"width\":1280,\"height\":1280},{\"@type\":\"BreadcrumbList\",\"@id\":\"https:\/\/www.bob-snail.com\/ro\/product\/jeleuri-de-mar-pere-si-lamaie-27g\/#breadcrumb\",\"itemListElement\":[{\"@type\":\"ListItem\",\"position\":1,\"name\":\"Home\",\"item\":\"https:\/\/www.bob-snail.com\/ro\/\"},{\"@type\":\"ListItem\",\"position\":2,\"name\":\"Products\",\"item\":\"https:\/\/www.bob-snail.com\/ro\/shop\/\"},{\"@type\":\"ListItem\",\"position\":3,\"name\":\"Jeleuri de m\u0103r, pere \u0219i l\u0103m\u00e2ie 27g\"}]},{\"@type\":\"WebSite\",\"@id\":\"https:\/\/www.bob-snail.com\/ro\/#website\",\"url\":\"https:\/\/www.bob-snail.com\/ro\/\",\"name\":\"Bob Snail\",\"description\":\"\",\"potentialAction\":[{\"@type\":\"SearchAction\",\"target\":{\"@type\":\"EntryPoint\",\"urlTemplate\":\"https:\/\/www.bob-snail.com\/ro\/?s={search_term_string}\"},\"query-input\":{\"@type\":\"PropertyValueSpecification\",\"valueRequired\":true,\"valueName\":\"search_term_string\"}}],\"inLanguage\":\"en-US\"}]}<\/script>\n<!-- \/ Yoast SEO plugin. -->","yoast_head_json":{"title":"Jeleuri de m\u0103r, pere \u0219i l\u0103m\u00e2ie 27g - Bob Snail","description":"Jeleuri de m\u0103r, pere \u0219i l\u0103m\u00e2ie 27g. No added sugar, colourants, or preservatives. My treats are made from all things natural\ud83c\udf1f","robots":{"index":"index","follow":"follow","max-snippet":"max-snippet:-1","max-image-preview":"max-image-preview:large","max-video-preview":"max-video-preview:-1"},"canonical":"https:\/\/www.bob-snail.com\/ro\/product\/jeleuri-de-mar-pere-si-lamaie-27g\/","og_locale":"en_US","og_type":"article","og_title":"Jeleuri de m\u0103r, pere \u0219i l\u0103m\u00e2ie 27g - Bob Snail","og_description":"Jeleuri de m\u0103r, pere \u0219i l\u0103m\u00e2ie 27g. No added sugar, colourants, or preservatives. My treats are made from all things natural\ud83c\udf1f","og_url":"https:\/\/www.bob-snail.com\/ro\/product\/jeleuri-de-mar-pere-si-lamaie-27g\/","og_site_name":"Bob Snail","article_modified_time":"2026-03-13T15:53:52+00:00","og_image":[{"width":1280,"height":1280,"url":"https:\/\/www.bob-snail.com\/ro\/wp-content\/uploads\/sites\/26\/2026\/03\/RO_jelly_27_lemon-1.webp","type":"image\/webp"}],"twitter_card":"summary_large_image","twitter_misc":{"Est. reading time":"6 minutes"},"schema":{"@context":"https:\/\/schema.org","@graph":[{"@type":"WebPage","@id":"https:\/\/www.bob-snail.com\/ro\/product\/jeleuri-de-mar-pere-si-lamaie-27g\/","url":"https:\/\/www.bob-snail.com\/ro\/product\/jeleuri-de-mar-pere-si-lamaie-27g\/","name":"Jeleuri de m\u0103r, pere \u0219i l\u0103m\u00e2ie 27g - Bob Snail","isPartOf":{"@id":"https:\/\/www.bob-snail.com\/ro\/#website"},"primaryImageOfPage":{"@id":"https:\/\/www.bob-snail.com\/ro\/product\/jeleuri-de-mar-pere-si-lamaie-27g\/#primaryimage"},"image":{"@id":"https:\/\/www.bob-snail.com\/ro\/product\/jeleuri-de-mar-pere-si-lamaie-27g\/#primaryimage"},"thumbnailUrl":"https:\/\/www.bob-snail.com\/ro\/wp-content\/uploads\/sites\/26\/2026\/03\/RO_jelly_27_lemon-1.webp","datePublished":"2026-03-02T14:09:24+00:00","dateModified":"2026-03-13T15:53:52+00:00","description":"Jeleuri de m\u0103r, pere \u0219i l\u0103m\u00e2ie 27g. No added sugar, colourants, or preservatives. My treats are made from all things natural\ud83c\udf1f","breadcrumb":{"@id":"https:\/\/www.bob-snail.com\/ro\/product\/jeleuri-de-mar-pere-si-lamaie-27g\/#breadcrumb"},"inLanguage":"en-US","potentialAction":[{"@type":"ReadAction","target":["https:\/\/www.bob-snail.com\/ro\/product\/jeleuri-de-mar-pere-si-lamaie-27g\/"]}]},{"@type":"ImageObject","inLanguage":"en-US","@id":"https:\/\/www.bob-snail.com\/ro\/product\/jeleuri-de-mar-pere-si-lamaie-27g\/#primaryimage","url":"https:\/\/www.bob-snail.com\/ro\/wp-content\/uploads\/sites\/26\/2026\/03\/RO_jelly_27_lemon-1.webp","contentUrl":"https:\/\/www.bob-snail.com\/ro\/wp-content\/uploads\/sites\/26\/2026\/03\/RO_jelly_27_lemon-1.webp","width":1280,"height":1280},{"@type":"BreadcrumbList","@id":"https:\/\/www.bob-snail.com\/ro\/product\/jeleuri-de-mar-pere-si-lamaie-27g\/#breadcrumb","itemListElement":[{"@type":"ListItem","position":1,"name":"Home","item":"https:\/\/www.bob-snail.com\/ro\/"},{"@type":"ListItem","position":2,"name":"Products","item":"https:\/\/www.bob-snail.com\/ro\/shop\/"},{"@type":"ListItem","position":3,"name":"Jeleuri de m\u0103r, pere \u0219i l\u0103m\u00e2ie 27g"}]},{"@type":"WebSite","@id":"https:\/\/www.bob-snail.com\/ro\/#website","url":"https:\/\/www.bob-snail.com\/ro\/","name":"Bob Snail","description":"","potentialAction":[{"@type":"SearchAction","target":{"@type":"EntryPoint","urlTemplate":"https:\/\/www.bob-snail.com\/ro\/?s={search_term_string}"},"query-input":{"@type":"PropertyValueSpecification","valueRequired":true,"valueName":"search_term_string"}}],"inLanguage":"en-US"}]}},"_links":{"self":[{"href":"https:\/\/www.bob-snail.com\/ro\/wp-json\/wp\/v2\/product\/4280","targetHints":{"allow":["GET"]}}],"collection":[{"href":"https:\/\/www.bob-snail.com\/ro\/wp-json\/wp\/v2\/product"}],"about":[{"href":"https:\/\/www.bob-snail.com\/ro\/wp-json\/wp\/v2\/types\/product"}],"replies":[{"embeddable":true,"href":"https:\/\/www.bob-snail.com\/ro\/wp-json\/wp\/v2\/comments?post=4280"}],"wp:featuredmedia":[{"embeddable":true,"href":"https:\/\/www.bob-snail.com\/ro\/wp-json\/wp\/v2\/media\/4281"}],"wp:attachment":[{"href":"https:\/\/www.bob-snail.com\/ro\/wp-json\/wp\/v2\/media?parent=4280"}],"wp:term":[{"taxonomy":"product_brand","embeddable":true,"href":"https:\/\/www.bob-snail.com\/ro\/wp-json\/wp\/v2\/product_brand?post=4280"},{"taxonomy":"product_cat","embeddable":true,"href":"https:\/\/www.bob-snail.com\/ro\/wp-json\/wp\/v2\/product_cat?post=4280"},{"taxonomy":"product_tag","embeddable":true,"href":"https:\/\/www.bob-snail.com\/ro\/wp-json\/wp\/v2\/product_tag?post=4280"}],"curies":[{"name":"wp","href":"https:\/\/api.w.org\/{rel}","templated":true}]}}