{"id":3925,"date":"2026-02-20T15:22:22","date_gmt":"2026-02-20T13:22:22","guid":{"rendered":"https:\/\/www.bob-snail.com\/pl\/?post_type=product&#038;p=3925"},"modified":"2026-02-20T15:35:02","modified_gmt":"2026-02-20T13:35:02","slug":"zestaw-przekasek-owocowych-stripe-mix","status":"publish","type":"product","link":"https:\/\/www.bob-snail.com\/pl\/product\/zestaw-przekasek-owocowych-stripe-mix\/","title":{"rendered":"Zestaw przek\u0105sek owocowych \u201eStripe Mix\u201d"},"content":{"rendered":"<p><b>Spr\u00f3buj najpopularniejszych smak\u00f3w pask\u00f3w owocowych w jednym zestawie!\u00a0<\/b><\/p>\n<p><b>Robi\u0119 stripesy wy\u0142\u0105cznie z owoc\u00f3w. Bez dodatku cukru i sztucznych sk\u0142adnik\u00f3w. Nie zawieraj\u0105 glutenu, laktozy, orzech\u00f3w ani innych powszechnych alergen\u00f3w, dlatego s\u0105 \u015bwietn\u0105 przek\u0105sk\u0105 dla ca\u0142ej rodziny.\u00a0<\/b><\/p>\n<p><b>Paski owocowe s\u0105 wygodne do zabrania ze sob\u0105 \u2014 zmieszcz\u0105 si\u0119 w kieszeni, torbie czy plecaku. Idealne na przek\u0105sk\u0119 w szkole, w pracy, po treningu lub w podr\u00f3\u017cy. Ulubione smako\u0142yki, kt\u00f3re s\u0105 zawsze pod r\u0119k\u0105!\u00a0<\/b><\/p>\n<p><b>Stripes Mix zawiera 7 owocowych smak\u00f3w:<\/b><b><br \/>\n<\/b><b> \u2013 malina<\/b><b><br \/>\n<\/b><b> \u2013 czarna porzeczka<\/b><b><br \/>\n<\/b><b> \u2013 persymona<\/b><b><br \/>\n<\/b><b> \u2013 truskawka<\/b><b><br \/>\n<\/b><b> \u2013 wi\u015bnia<\/b><b><br \/>\n<\/b><b> \u2013 gruszka<\/b><b><br \/>\n<\/b><b> \u2013 mango<\/b><\/p>\n","protected":false},"excerpt":{"rendered":"<p>Spr\u00f3buj najpopularniejszych smak\u00f3w pask\u00f3w owocowych w jednym zestawie!\u00a0 Robi\u0119 stripesy wy\u0142\u0105cznie z owoc\u00f3w. Bez dodatku cukru i sztucznych sk\u0142adnik\u00f3w. Nie zawieraj\u0105 glutenu, laktozy, orzech\u00f3w ani innych powszechnych alergen\u00f3w, dlatego s\u0105 \u015bwietn\u0105 przek\u0105sk\u0105 dla ca\u0142ej rodziny.\u00a0 Paski owocowe s\u0105 wygodne do zabrania ze sob\u0105 \u2014 zmieszcz\u0105 si\u0119 w kieszeni, torbie czy plecaku. Idealne na przek\u0105sk\u0119 w [&hellip;]<\/p>\n","protected":false},"featured_media":3926,"comment_status":"open","ping_status":"closed","template":"","meta":{"_acf_changed":false},"product_brand":[],"product_cat":[75],"product_tag":[],"class_list":{"0":"post-3925","1":"product","2":"type-product","3":"status-publish","4":"has-post-thumbnail","6":"product_cat-paski-owocowe","7":"weight_taxonomy-98g","9":"first","10":"instock","11":"shipping-taxable","12":"purchasable","13":"product-type-simple"},"acf":[],"yoast_head":"<!-- This site is optimized with the Yoast SEO plugin v26.6 - https:\/\/yoast.com\/wordpress\/plugins\/seo\/ -->\n<title>Zestaw przek\u0105sek owocowych \u201eStripe Mix\u201d - Bob Snail<\/title>\n<meta name=\"description\" content=\"Zestaw przek\u0105sek owocowych \u201eStripe Mix\u201d. No added sugar, colourants, or preservatives. My treats are made from all things natural\ud83c\udf1f\" \/>\n<meta name=\"robots\" content=\"index, follow, max-snippet:-1, max-image-preview:large, max-video-preview:-1\" \/>\n<link rel=\"canonical\" href=\"https:\/\/www.bob-snail.com\/pl\/product\/zestaw-przekasek-owocowych-stripe-mix\/\" \/>\n<meta property=\"og:locale\" content=\"pl_PL\" \/>\n<meta property=\"og:type\" content=\"article\" \/>\n<meta property=\"og:title\" content=\"Zestaw przek\u0105sek owocowych \u201eStripe Mix\u201d - Bob Snail\" \/>\n<meta property=\"og:description\" content=\"Zestaw przek\u0105sek owocowych \u201eStripe Mix\u201d. No added sugar, colourants, or preservatives. My treats are made from all things natural\ud83c\udf1f\" \/>\n<meta property=\"og:url\" content=\"https:\/\/www.bob-snail.com\/pl\/product\/zestaw-przekasek-owocowych-stripe-mix\/\" \/>\n<meta property=\"og:site_name\" content=\"Bob Snail\" \/>\n<meta property=\"article:modified_time\" content=\"2026-02-20T13:35:02+00:00\" \/>\n<meta property=\"og:image\" content=\"https:\/\/www.bob-snail.com\/pl\/wp-content\/uploads\/sites\/23\/2026\/02\/PL_mix-stripe-1.webp\" \/>\n\t<meta property=\"og:image:width\" content=\"1280\" \/>\n\t<meta property=\"og:image:height\" content=\"1280\" \/>\n\t<meta property=\"og:image:type\" content=\"image\/webp\" \/>\n<meta name=\"twitter:card\" content=\"summary_large_image\" \/>\n<meta name=\"twitter:label1\" content=\"Szacowany czas czytania\" \/>\n\t<meta name=\"twitter:data1\" content=\"6 minut\" \/>\n<script type=\"application\/ld+json\" class=\"yoast-schema-graph\">{\"@context\":\"https:\/\/schema.org\",\"@graph\":[{\"@type\":\"WebPage\",\"@id\":\"https:\/\/www.bob-snail.com\/pl\/product\/zestaw-przekasek-owocowych-stripe-mix\/\",\"url\":\"https:\/\/www.bob-snail.com\/pl\/product\/zestaw-przekasek-owocowych-stripe-mix\/\",\"name\":\"Zestaw przek\u0105sek owocowych \u201eStripe Mix\u201d - Bob Snail\",\"isPartOf\":{\"@id\":\"https:\/\/www.bob-snail.com\/pl\/#website\"},\"primaryImageOfPage\":{\"@id\":\"https:\/\/www.bob-snail.com\/pl\/product\/zestaw-przekasek-owocowych-stripe-mix\/#primaryimage\"},\"image\":{\"@id\":\"https:\/\/www.bob-snail.com\/pl\/product\/zestaw-przekasek-owocowych-stripe-mix\/#primaryimage\"},\"thumbnailUrl\":\"https:\/\/www.bob-snail.com\/pl\/wp-content\/uploads\/sites\/23\/2026\/02\/PL_mix-stripe-1.webp\",\"datePublished\":\"2026-02-20T13:22:22+00:00\",\"dateModified\":\"2026-02-20T13:35:02+00:00\",\"description\":\"Zestaw przek\u0105sek owocowych \u201eStripe Mix\u201d. No added sugar, colourants, or preservatives. My treats are made from all things natural\ud83c\udf1f\",\"breadcrumb\":{\"@id\":\"https:\/\/www.bob-snail.com\/pl\/product\/zestaw-przekasek-owocowych-stripe-mix\/#breadcrumb\"},\"inLanguage\":\"pl-PL\",\"potentialAction\":[{\"@type\":\"ReadAction\",\"target\":[\"https:\/\/www.bob-snail.com\/pl\/product\/zestaw-przekasek-owocowych-stripe-mix\/\"]}]},{\"@type\":\"ImageObject\",\"inLanguage\":\"pl-PL\",\"@id\":\"https:\/\/www.bob-snail.com\/pl\/product\/zestaw-przekasek-owocowych-stripe-mix\/#primaryimage\",\"url\":\"https:\/\/www.bob-snail.com\/pl\/wp-content\/uploads\/sites\/23\/2026\/02\/PL_mix-stripe-1.webp\",\"contentUrl\":\"https:\/\/www.bob-snail.com\/pl\/wp-content\/uploads\/sites\/23\/2026\/02\/PL_mix-stripe-1.webp\",\"width\":1280,\"height\":1280},{\"@type\":\"BreadcrumbList\",\"@id\":\"https:\/\/www.bob-snail.com\/pl\/product\/zestaw-przekasek-owocowych-stripe-mix\/#breadcrumb\",\"itemListElement\":[{\"@type\":\"ListItem\",\"position\":1,\"name\":\"Home\",\"item\":\"https:\/\/www.bob-snail.com\/pl\/\"},{\"@type\":\"ListItem\",\"position\":2,\"name\":\"Products\",\"item\":\"https:\/\/www.bob-snail.com\/pl\/shop\/\"},{\"@type\":\"ListItem\",\"position\":3,\"name\":\"Zestaw przek\u0105sek owocowych \u201eStripe Mix\u201d\"}]},{\"@type\":\"WebSite\",\"@id\":\"https:\/\/www.bob-snail.com\/pl\/#website\",\"url\":\"https:\/\/www.bob-snail.com\/pl\/\",\"name\":\"Bob Snail\",\"description\":\"\",\"potentialAction\":[{\"@type\":\"SearchAction\",\"target\":{\"@type\":\"EntryPoint\",\"urlTemplate\":\"https:\/\/www.bob-snail.com\/pl\/?s={search_term_string}\"},\"query-input\":{\"@type\":\"PropertyValueSpecification\",\"valueRequired\":true,\"valueName\":\"search_term_string\"}}],\"inLanguage\":\"pl-PL\"}]}<\/script>\n<!-- \/ Yoast SEO plugin. -->","yoast_head_json":{"title":"Zestaw przek\u0105sek owocowych \u201eStripe Mix\u201d - Bob Snail","description":"Zestaw przek\u0105sek owocowych \u201eStripe Mix\u201d. No added sugar, colourants, or preservatives. My treats are made from all things natural\ud83c\udf1f","robots":{"index":"index","follow":"follow","max-snippet":"max-snippet:-1","max-image-preview":"max-image-preview:large","max-video-preview":"max-video-preview:-1"},"canonical":"https:\/\/www.bob-snail.com\/pl\/product\/zestaw-przekasek-owocowych-stripe-mix\/","og_locale":"pl_PL","og_type":"article","og_title":"Zestaw przek\u0105sek owocowych \u201eStripe Mix\u201d - Bob Snail","og_description":"Zestaw przek\u0105sek owocowych \u201eStripe Mix\u201d. No added sugar, colourants, or preservatives. My treats are made from all things natural\ud83c\udf1f","og_url":"https:\/\/www.bob-snail.com\/pl\/product\/zestaw-przekasek-owocowych-stripe-mix\/","og_site_name":"Bob Snail","article_modified_time":"2026-02-20T13:35:02+00:00","og_image":[{"width":1280,"height":1280,"url":"https:\/\/www.bob-snail.com\/pl\/wp-content\/uploads\/sites\/23\/2026\/02\/PL_mix-stripe-1.webp","type":"image\/webp"}],"twitter_card":"summary_large_image","twitter_misc":{"Szacowany czas czytania":"6 minut"},"schema":{"@context":"https:\/\/schema.org","@graph":[{"@type":"WebPage","@id":"https:\/\/www.bob-snail.com\/pl\/product\/zestaw-przekasek-owocowych-stripe-mix\/","url":"https:\/\/www.bob-snail.com\/pl\/product\/zestaw-przekasek-owocowych-stripe-mix\/","name":"Zestaw przek\u0105sek owocowych \u201eStripe Mix\u201d - Bob Snail","isPartOf":{"@id":"https:\/\/www.bob-snail.com\/pl\/#website"},"primaryImageOfPage":{"@id":"https:\/\/www.bob-snail.com\/pl\/product\/zestaw-przekasek-owocowych-stripe-mix\/#primaryimage"},"image":{"@id":"https:\/\/www.bob-snail.com\/pl\/product\/zestaw-przekasek-owocowych-stripe-mix\/#primaryimage"},"thumbnailUrl":"https:\/\/www.bob-snail.com\/pl\/wp-content\/uploads\/sites\/23\/2026\/02\/PL_mix-stripe-1.webp","datePublished":"2026-02-20T13:22:22+00:00","dateModified":"2026-02-20T13:35:02+00:00","description":"Zestaw przek\u0105sek owocowych \u201eStripe Mix\u201d. No added sugar, colourants, or preservatives. My treats are made from all things natural\ud83c\udf1f","breadcrumb":{"@id":"https:\/\/www.bob-snail.com\/pl\/product\/zestaw-przekasek-owocowych-stripe-mix\/#breadcrumb"},"inLanguage":"pl-PL","potentialAction":[{"@type":"ReadAction","target":["https:\/\/www.bob-snail.com\/pl\/product\/zestaw-przekasek-owocowych-stripe-mix\/"]}]},{"@type":"ImageObject","inLanguage":"pl-PL","@id":"https:\/\/www.bob-snail.com\/pl\/product\/zestaw-przekasek-owocowych-stripe-mix\/#primaryimage","url":"https:\/\/www.bob-snail.com\/pl\/wp-content\/uploads\/sites\/23\/2026\/02\/PL_mix-stripe-1.webp","contentUrl":"https:\/\/www.bob-snail.com\/pl\/wp-content\/uploads\/sites\/23\/2026\/02\/PL_mix-stripe-1.webp","width":1280,"height":1280},{"@type":"BreadcrumbList","@id":"https:\/\/www.bob-snail.com\/pl\/product\/zestaw-przekasek-owocowych-stripe-mix\/#breadcrumb","itemListElement":[{"@type":"ListItem","position":1,"name":"Home","item":"https:\/\/www.bob-snail.com\/pl\/"},{"@type":"ListItem","position":2,"name":"Products","item":"https:\/\/www.bob-snail.com\/pl\/shop\/"},{"@type":"ListItem","position":3,"name":"Zestaw przek\u0105sek owocowych \u201eStripe Mix\u201d"}]},{"@type":"WebSite","@id":"https:\/\/www.bob-snail.com\/pl\/#website","url":"https:\/\/www.bob-snail.com\/pl\/","name":"Bob Snail","description":"","potentialAction":[{"@type":"SearchAction","target":{"@type":"EntryPoint","urlTemplate":"https:\/\/www.bob-snail.com\/pl\/?s={search_term_string}"},"query-input":{"@type":"PropertyValueSpecification","valueRequired":true,"valueName":"search_term_string"}}],"inLanguage":"pl-PL"}]}},"_links":{"self":[{"href":"https:\/\/www.bob-snail.com\/pl\/wp-json\/wp\/v2\/product\/3925","targetHints":{"allow":["GET"]}}],"collection":[{"href":"https:\/\/www.bob-snail.com\/pl\/wp-json\/wp\/v2\/product"}],"about":[{"href":"https:\/\/www.bob-snail.com\/pl\/wp-json\/wp\/v2\/types\/product"}],"replies":[{"embeddable":true,"href":"https:\/\/www.bob-snail.com\/pl\/wp-json\/wp\/v2\/comments?post=3925"}],"wp:featuredmedia":[{"embeddable":true,"href":"https:\/\/www.bob-snail.com\/pl\/wp-json\/wp\/v2\/media\/3926"}],"wp:attachment":[{"href":"https:\/\/www.bob-snail.com\/pl\/wp-json\/wp\/v2\/media?parent=3925"}],"wp:term":[{"taxonomy":"product_brand","embeddable":true,"href":"https:\/\/www.bob-snail.com\/pl\/wp-json\/wp\/v2\/product_brand?post=3925"},{"taxonomy":"product_cat","embeddable":true,"href":"https:\/\/www.bob-snail.com\/pl\/wp-json\/wp\/v2\/product_cat?post=3925"},{"taxonomy":"product_tag","embeddable":true,"href":"https:\/\/www.bob-snail.com\/pl\/wp-json\/wp\/v2\/product_tag?post=3925"}],"curies":[{"name":"wp","href":"https:\/\/api.w.org\/{rel}","templated":true}]}}