{"id":3878,"date":"2026-02-19T20:20:16","date_gmt":"2026-02-19T18:20:16","guid":{"rendered":"https:\/\/www.bob-snail.com\/pl\/?post_type=product&#038;p=3878"},"modified":"2026-02-19T20:56:13","modified_gmt":"2026-02-19T18:56:13","slug":"baton-owocowo-orzechowy-jablko-borowka-nerkowce-chrupki-z-komosy-ryzowej-35g","status":"publish","type":"product","link":"https:\/\/www.bob-snail.com\/pl\/product\/baton-owocowo-orzechowy-jablko-borowka-nerkowce-chrupki-z-komosy-ryzowej-35g\/","title":{"rendered":"Baton owocowo-orzechowy \u201eJab\u0142ko-bor\u00f3wka-nerkowce-chrupki z komosy ry\u017cowej\u201d 35g"},"content":{"rendered":"<p><b>Po\u0142\u0105czy\u0142em owoce, chrupki z komosy ry\u017cowej i orzechy nerkowca, aby stworzy\u0107 wyj\u0105tkowe batoniki \u2014 pyszn\u0105 przek\u0105sk\u0119 dla tych, kt\u00f3rzy s\u0105 zawsze w ruchu.<\/b><\/p>\n<p><b>Batony nie zawieraj\u0105 dodatku cukru, konserwant\u00f3w, glutenu ani barwnik\u00f3w. Maj\u0105 przyjemn\u0105 tekstur\u0119 oraz naturalnie s\u0142odki smak ulubionych owoc\u00f3w i orzech\u00f3w.\u00a0<\/b><\/p>\n<p><b>To pyszna i wygodna przek\u0105ska dla ca\u0142ej rodziny: na spacer z dzieckiem, do biura, na uczelni\u0119, w podr\u00f3\u017c czy przed treningiem.\u00a0<\/b><\/p>\n<p><b>Ciekawe, kt\u00f3ry z 7 smak\u00f3w spodoba Ci si\u0119 najbardziej?\u00a0<\/b><\/p>\n","protected":false},"excerpt":{"rendered":"<p>Po\u0142\u0105czy\u0142em owoce, chrupki z komosy ry\u017cowej i orzechy nerkowca, aby stworzy\u0107 wyj\u0105tkowe batoniki \u2014 pyszn\u0105 przek\u0105sk\u0119 dla tych, kt\u00f3rzy s\u0105 zawsze w ruchu. Batony nie zawieraj\u0105 dodatku cukru, konserwant\u00f3w, glutenu ani barwnik\u00f3w. Maj\u0105 przyjemn\u0105 tekstur\u0119 oraz naturalnie s\u0142odki smak ulubionych owoc\u00f3w i orzech\u00f3w.\u00a0 To pyszna i wygodna przek\u0105ska dla ca\u0142ej rodziny: na spacer z dzieckiem, [&hellip;]<\/p>\n","protected":false},"featured_media":3879,"comment_status":"open","ping_status":"closed","template":"","meta":{"_acf_changed":false},"product_brand":[],"product_cat":[110],"product_tag":[],"class_list":{"0":"post-3878","1":"product","2":"type-product","3":"status-publish","4":"has-post-thumbnail","6":"product_cat-batony-owocowo-orzechowe","7":"weight_taxonomy-35g","9":"first","10":"instock","11":"shipping-taxable","12":"purchasable","13":"product-type-simple"},"acf":[],"yoast_head":"<!-- This site is optimized with the Yoast SEO plugin v26.6 - https:\/\/yoast.com\/wordpress\/plugins\/seo\/ -->\n<title>Baton owocowo-orzechowy \u201eJab\u0142ko-bor\u00f3wka-nerkowce-chrupki z komosy ry\u017cowej\u201d 35g - Bob Snail<\/title>\n<meta name=\"description\" content=\"Baton owocowo-orzechowy \u201eJab\u0142ko-bor\u00f3wka-nerkowce-chrupki z komosy ry\u017cowej\u201d 35g. No added sugar, colourants, or preservatives. My treats are made from all things natural\ud83c\udf1f\" \/>\n<meta name=\"robots\" content=\"index, follow, max-snippet:-1, max-image-preview:large, max-video-preview:-1\" \/>\n<link rel=\"canonical\" href=\"https:\/\/www.bob-snail.com\/pl\/product\/baton-owocowo-orzechowy-jablko-borowka-nerkowce-chrupki-z-komosy-ryzowej-35g\/\" \/>\n<meta property=\"og:locale\" content=\"pl_PL\" \/>\n<meta property=\"og:type\" content=\"article\" \/>\n<meta property=\"og:title\" content=\"Baton owocowo-orzechowy \u201eJab\u0142ko-bor\u00f3wka-nerkowce-chrupki z komosy ry\u017cowej\u201d 35g - Bob Snail\" \/>\n<meta property=\"og:description\" content=\"Baton owocowo-orzechowy \u201eJab\u0142ko-bor\u00f3wka-nerkowce-chrupki z komosy ry\u017cowej\u201d 35g. No added sugar, colourants, or preservatives. My treats are made from all things natural\ud83c\udf1f\" \/>\n<meta property=\"og:url\" content=\"https:\/\/www.bob-snail.com\/pl\/product\/baton-owocowo-orzechowy-jablko-borowka-nerkowce-chrupki-z-komosy-ryzowej-35g\/\" \/>\n<meta property=\"og:site_name\" content=\"Bob Snail\" \/>\n<meta property=\"article:modified_time\" content=\"2026-02-19T18:56:13+00:00\" \/>\n<meta property=\"og:image\" content=\"https:\/\/www.bob-snail.com\/pl\/wp-content\/uploads\/sites\/23\/2026\/02\/Fruit-Bar-blue-1.webp\" \/>\n\t<meta property=\"og:image:width\" content=\"1280\" \/>\n\t<meta property=\"og:image:height\" content=\"1280\" \/>\n\t<meta property=\"og:image:type\" content=\"image\/webp\" \/>\n<meta name=\"twitter:card\" content=\"summary_large_image\" \/>\n<meta name=\"twitter:label1\" content=\"Szacowany czas czytania\" \/>\n\t<meta name=\"twitter:data1\" content=\"5 minut\" \/>\n<script type=\"application\/ld+json\" class=\"yoast-schema-graph\">{\"@context\":\"https:\/\/schema.org\",\"@graph\":[{\"@type\":\"WebPage\",\"@id\":\"https:\/\/www.bob-snail.com\/pl\/product\/baton-owocowo-orzechowy-jablko-borowka-nerkowce-chrupki-z-komosy-ryzowej-35g\/\",\"url\":\"https:\/\/www.bob-snail.com\/pl\/product\/baton-owocowo-orzechowy-jablko-borowka-nerkowce-chrupki-z-komosy-ryzowej-35g\/\",\"name\":\"Baton owocowo-orzechowy \u201eJab\u0142ko-bor\u00f3wka-nerkowce-chrupki z komosy ry\u017cowej\u201d 35g - Bob Snail\",\"isPartOf\":{\"@id\":\"https:\/\/www.bob-snail.com\/pl\/#website\"},\"primaryImageOfPage\":{\"@id\":\"https:\/\/www.bob-snail.com\/pl\/product\/baton-owocowo-orzechowy-jablko-borowka-nerkowce-chrupki-z-komosy-ryzowej-35g\/#primaryimage\"},\"image\":{\"@id\":\"https:\/\/www.bob-snail.com\/pl\/product\/baton-owocowo-orzechowy-jablko-borowka-nerkowce-chrupki-z-komosy-ryzowej-35g\/#primaryimage\"},\"thumbnailUrl\":\"https:\/\/www.bob-snail.com\/pl\/wp-content\/uploads\/sites\/23\/2026\/02\/Fruit-Bar-blue-1.webp\",\"datePublished\":\"2026-02-19T18:20:16+00:00\",\"dateModified\":\"2026-02-19T18:56:13+00:00\",\"description\":\"Baton owocowo-orzechowy \u201eJab\u0142ko-bor\u00f3wka-nerkowce-chrupki z komosy ry\u017cowej\u201d 35g. No added sugar, colourants, or preservatives. My treats are made from all things natural\ud83c\udf1f\",\"breadcrumb\":{\"@id\":\"https:\/\/www.bob-snail.com\/pl\/product\/baton-owocowo-orzechowy-jablko-borowka-nerkowce-chrupki-z-komosy-ryzowej-35g\/#breadcrumb\"},\"inLanguage\":\"pl-PL\",\"potentialAction\":[{\"@type\":\"ReadAction\",\"target\":[\"https:\/\/www.bob-snail.com\/pl\/product\/baton-owocowo-orzechowy-jablko-borowka-nerkowce-chrupki-z-komosy-ryzowej-35g\/\"]}]},{\"@type\":\"ImageObject\",\"inLanguage\":\"pl-PL\",\"@id\":\"https:\/\/www.bob-snail.com\/pl\/product\/baton-owocowo-orzechowy-jablko-borowka-nerkowce-chrupki-z-komosy-ryzowej-35g\/#primaryimage\",\"url\":\"https:\/\/www.bob-snail.com\/pl\/wp-content\/uploads\/sites\/23\/2026\/02\/Fruit-Bar-blue-1.webp\",\"contentUrl\":\"https:\/\/www.bob-snail.com\/pl\/wp-content\/uploads\/sites\/23\/2026\/02\/Fruit-Bar-blue-1.webp\",\"width\":1280,\"height\":1280},{\"@type\":\"BreadcrumbList\",\"@id\":\"https:\/\/www.bob-snail.com\/pl\/product\/baton-owocowo-orzechowy-jablko-borowka-nerkowce-chrupki-z-komosy-ryzowej-35g\/#breadcrumb\",\"itemListElement\":[{\"@type\":\"ListItem\",\"position\":1,\"name\":\"Home\",\"item\":\"https:\/\/www.bob-snail.com\/pl\/\"},{\"@type\":\"ListItem\",\"position\":2,\"name\":\"Products\",\"item\":\"https:\/\/www.bob-snail.com\/pl\/shop\/\"},{\"@type\":\"ListItem\",\"position\":3,\"name\":\"Baton owocowo-orzechowy \u201eJab\u0142ko-bor\u00f3wka-nerkowce-chrupki z komosy ry\u017cowej\u201d 35g\"}]},{\"@type\":\"WebSite\",\"@id\":\"https:\/\/www.bob-snail.com\/pl\/#website\",\"url\":\"https:\/\/www.bob-snail.com\/pl\/\",\"name\":\"Bob Snail\",\"description\":\"\",\"potentialAction\":[{\"@type\":\"SearchAction\",\"target\":{\"@type\":\"EntryPoint\",\"urlTemplate\":\"https:\/\/www.bob-snail.com\/pl\/?s={search_term_string}\"},\"query-input\":{\"@type\":\"PropertyValueSpecification\",\"valueRequired\":true,\"valueName\":\"search_term_string\"}}],\"inLanguage\":\"pl-PL\"}]}<\/script>\n<!-- \/ Yoast SEO plugin. -->","yoast_head_json":{"title":"Baton owocowo-orzechowy \u201eJab\u0142ko-bor\u00f3wka-nerkowce-chrupki z komosy ry\u017cowej\u201d 35g - Bob Snail","description":"Baton owocowo-orzechowy \u201eJab\u0142ko-bor\u00f3wka-nerkowce-chrupki z komosy ry\u017cowej\u201d 35g. No added sugar, colourants, or preservatives. My treats are made from all things natural\ud83c\udf1f","robots":{"index":"index","follow":"follow","max-snippet":"max-snippet:-1","max-image-preview":"max-image-preview:large","max-video-preview":"max-video-preview:-1"},"canonical":"https:\/\/www.bob-snail.com\/pl\/product\/baton-owocowo-orzechowy-jablko-borowka-nerkowce-chrupki-z-komosy-ryzowej-35g\/","og_locale":"pl_PL","og_type":"article","og_title":"Baton owocowo-orzechowy \u201eJab\u0142ko-bor\u00f3wka-nerkowce-chrupki z komosy ry\u017cowej\u201d 35g - Bob Snail","og_description":"Baton owocowo-orzechowy \u201eJab\u0142ko-bor\u00f3wka-nerkowce-chrupki z komosy ry\u017cowej\u201d 35g. No added sugar, colourants, or preservatives. My treats are made from all things natural\ud83c\udf1f","og_url":"https:\/\/www.bob-snail.com\/pl\/product\/baton-owocowo-orzechowy-jablko-borowka-nerkowce-chrupki-z-komosy-ryzowej-35g\/","og_site_name":"Bob Snail","article_modified_time":"2026-02-19T18:56:13+00:00","og_image":[{"width":1280,"height":1280,"url":"https:\/\/www.bob-snail.com\/pl\/wp-content\/uploads\/sites\/23\/2026\/02\/Fruit-Bar-blue-1.webp","type":"image\/webp"}],"twitter_card":"summary_large_image","twitter_misc":{"Szacowany czas czytania":"5 minut"},"schema":{"@context":"https:\/\/schema.org","@graph":[{"@type":"WebPage","@id":"https:\/\/www.bob-snail.com\/pl\/product\/baton-owocowo-orzechowy-jablko-borowka-nerkowce-chrupki-z-komosy-ryzowej-35g\/","url":"https:\/\/www.bob-snail.com\/pl\/product\/baton-owocowo-orzechowy-jablko-borowka-nerkowce-chrupki-z-komosy-ryzowej-35g\/","name":"Baton owocowo-orzechowy \u201eJab\u0142ko-bor\u00f3wka-nerkowce-chrupki z komosy ry\u017cowej\u201d 35g - Bob Snail","isPartOf":{"@id":"https:\/\/www.bob-snail.com\/pl\/#website"},"primaryImageOfPage":{"@id":"https:\/\/www.bob-snail.com\/pl\/product\/baton-owocowo-orzechowy-jablko-borowka-nerkowce-chrupki-z-komosy-ryzowej-35g\/#primaryimage"},"image":{"@id":"https:\/\/www.bob-snail.com\/pl\/product\/baton-owocowo-orzechowy-jablko-borowka-nerkowce-chrupki-z-komosy-ryzowej-35g\/#primaryimage"},"thumbnailUrl":"https:\/\/www.bob-snail.com\/pl\/wp-content\/uploads\/sites\/23\/2026\/02\/Fruit-Bar-blue-1.webp","datePublished":"2026-02-19T18:20:16+00:00","dateModified":"2026-02-19T18:56:13+00:00","description":"Baton owocowo-orzechowy \u201eJab\u0142ko-bor\u00f3wka-nerkowce-chrupki z komosy ry\u017cowej\u201d 35g. No added sugar, colourants, or preservatives. My treats are made from all things natural\ud83c\udf1f","breadcrumb":{"@id":"https:\/\/www.bob-snail.com\/pl\/product\/baton-owocowo-orzechowy-jablko-borowka-nerkowce-chrupki-z-komosy-ryzowej-35g\/#breadcrumb"},"inLanguage":"pl-PL","potentialAction":[{"@type":"ReadAction","target":["https:\/\/www.bob-snail.com\/pl\/product\/baton-owocowo-orzechowy-jablko-borowka-nerkowce-chrupki-z-komosy-ryzowej-35g\/"]}]},{"@type":"ImageObject","inLanguage":"pl-PL","@id":"https:\/\/www.bob-snail.com\/pl\/product\/baton-owocowo-orzechowy-jablko-borowka-nerkowce-chrupki-z-komosy-ryzowej-35g\/#primaryimage","url":"https:\/\/www.bob-snail.com\/pl\/wp-content\/uploads\/sites\/23\/2026\/02\/Fruit-Bar-blue-1.webp","contentUrl":"https:\/\/www.bob-snail.com\/pl\/wp-content\/uploads\/sites\/23\/2026\/02\/Fruit-Bar-blue-1.webp","width":1280,"height":1280},{"@type":"BreadcrumbList","@id":"https:\/\/www.bob-snail.com\/pl\/product\/baton-owocowo-orzechowy-jablko-borowka-nerkowce-chrupki-z-komosy-ryzowej-35g\/#breadcrumb","itemListElement":[{"@type":"ListItem","position":1,"name":"Home","item":"https:\/\/www.bob-snail.com\/pl\/"},{"@type":"ListItem","position":2,"name":"Products","item":"https:\/\/www.bob-snail.com\/pl\/shop\/"},{"@type":"ListItem","position":3,"name":"Baton owocowo-orzechowy \u201eJab\u0142ko-bor\u00f3wka-nerkowce-chrupki z komosy ry\u017cowej\u201d 35g"}]},{"@type":"WebSite","@id":"https:\/\/www.bob-snail.com\/pl\/#website","url":"https:\/\/www.bob-snail.com\/pl\/","name":"Bob Snail","description":"","potentialAction":[{"@type":"SearchAction","target":{"@type":"EntryPoint","urlTemplate":"https:\/\/www.bob-snail.com\/pl\/?s={search_term_string}"},"query-input":{"@type":"PropertyValueSpecification","valueRequired":true,"valueName":"search_term_string"}}],"inLanguage":"pl-PL"}]}},"_links":{"self":[{"href":"https:\/\/www.bob-snail.com\/pl\/wp-json\/wp\/v2\/product\/3878","targetHints":{"allow":["GET"]}}],"collection":[{"href":"https:\/\/www.bob-snail.com\/pl\/wp-json\/wp\/v2\/product"}],"about":[{"href":"https:\/\/www.bob-snail.com\/pl\/wp-json\/wp\/v2\/types\/product"}],"replies":[{"embeddable":true,"href":"https:\/\/www.bob-snail.com\/pl\/wp-json\/wp\/v2\/comments?post=3878"}],"wp:featuredmedia":[{"embeddable":true,"href":"https:\/\/www.bob-snail.com\/pl\/wp-json\/wp\/v2\/media\/3879"}],"wp:attachment":[{"href":"https:\/\/www.bob-snail.com\/pl\/wp-json\/wp\/v2\/media?parent=3878"}],"wp:term":[{"taxonomy":"product_brand","embeddable":true,"href":"https:\/\/www.bob-snail.com\/pl\/wp-json\/wp\/v2\/product_brand?post=3878"},{"taxonomy":"product_cat","embeddable":true,"href":"https:\/\/www.bob-snail.com\/pl\/wp-json\/wp\/v2\/product_cat?post=3878"},{"taxonomy":"product_tag","embeddable":true,"href":"https:\/\/www.bob-snail.com\/pl\/wp-json\/wp\/v2\/product_tag?post=3878"}],"curies":[{"name":"wp","href":"https:\/\/api.w.org\/{rel}","templated":true}]}}