{"id":3694,"date":"2025-11-07T14:06:47","date_gmt":"2025-11-07T12:06:47","guid":{"rendered":"https:\/\/www.bob-snail.com\/pl\/?post_type=product&#038;p=3694"},"modified":"2025-11-13T18:51:20","modified_gmt":"2025-11-13T16:51:20","slug":"maly-box-swiateczny","status":"publish","type":"product","link":"https:\/\/www.bob-snail.com\/pl\/product\/maly-box-swiateczny\/","title":{"rendered":"Ma\u0142y box \u015bwi\u0105teczny"},"content":{"rendered":"<p><span style=\"font-weight: 400;\">Ma\u0142y Box \u015awi\u0105teczny to idealny pomys\u0142 na drobny podarunek, gdy wybierasz si\u0119 do przyjaci\u00f3\u0142 lub rodziny. Ka\u017cdy ucieszy si\u0119 z po\u0142\u0105czenia zabawek i owocowych smako\u0142yk\u00f3w!\u00a0<\/span><\/p>\n<p><span style=\"font-weight: 400;\">W magicznym pude\u0142ku znajdziesz:<\/span><\/p>\n<p><span style=\"font-weight: 400;\">\u2013 owocowe rollsy bez dodatku cukru,<\/span><\/p>\n<p><span style=\"font-weight: 400;\">\u2013 zestaw Eat&amp;Play Snail City z kolekcjonersk\u0105 zabawk\u0105,<\/span><\/p>\n<p><span style=\"font-weight: 400;\">\u2013 pakiet naklejek 3D,<\/span><\/p>\n<p><span style=\"font-weight: 400;\">\u2013 3 zabawne magnesy.<\/span><\/p>\n<p><span style=\"font-weight: 400;\">I to nie wszystko! Ma\u0142y Box \u015awi\u0105teczny kryje w sobie Wr\u00f3\u017cb\u0119 Piek\u0142o\u2013Niebo \u2014 papierow\u0105 wersj\u0119 magicznej kuli przepowiadaj\u0105cej przysz\u0142o\u015b\u0107. Z\u0142\u00f3\u017c papierow\u0105 wr\u00f3\u017cb\u0119 zgodnie z instrukcj\u0105, sprawd\u017a odpowiedzi na wszystkie pytania dotycz\u0105ce przysz\u0142o\u015bci i zaskocz swoich bliskich przepowiedni\u0105!\u00a0<\/span><\/p>\n","protected":false},"excerpt":{"rendered":"<p>Ma\u0142y Box \u015awi\u0105teczny to idealny pomys\u0142 na drobny podarunek, gdy wybierasz si\u0119 do przyjaci\u00f3\u0142 lub rodziny. Ka\u017cdy ucieszy si\u0119 z po\u0142\u0105czenia zabawek i owocowych smako\u0142yk\u00f3w!\u00a0 W magicznym pude\u0142ku znajdziesz: \u2013 owocowe rollsy bez dodatku cukru, \u2013 zestaw Eat&amp;Play Snail City z kolekcjonersk\u0105 zabawk\u0105, \u2013 pakiet naklejek 3D, \u2013 3 zabawne magnesy. I to nie wszystko! [&hellip;]<\/p>\n","protected":false},"featured_media":3696,"comment_status":"open","ping_status":"closed","template":"","meta":{"_acf_changed":false},"product_brand":[],"product_cat":[108],"product_tag":[],"class_list":{"0":"post-3694","1":"product","2":"type-product","3":"status-publish","4":"has-post-thumbnail","6":"product_cat-zestawy-swiateczne","7":"weight_taxonomy-140g","9":"first","10":"instock","11":"shipping-taxable","12":"purchasable","13":"product-type-simple"},"acf":[],"yoast_head":"<!-- This site is optimized with the Yoast SEO plugin v26.6 - https:\/\/yoast.com\/wordpress\/plugins\/seo\/ -->\n<title>Ma\u0142y box \u015bwi\u0105teczny - Bob Snail<\/title>\n<meta name=\"description\" content=\"Ma\u0142y box \u015bwi\u0105teczny. No added sugar, colourants, or preservatives. My treats are made from all things natural\ud83c\udf1f\" \/>\n<meta name=\"robots\" content=\"index, follow, max-snippet:-1, max-image-preview:large, max-video-preview:-1\" \/>\n<link rel=\"canonical\" href=\"https:\/\/www.bob-snail.com\/pl\/product\/maly-box-swiateczny\/\" \/>\n<meta property=\"og:locale\" content=\"pl_PL\" \/>\n<meta property=\"og:type\" content=\"article\" \/>\n<meta property=\"og:title\" content=\"Ma\u0142y box \u015bwi\u0105teczny - Bob Snail\" \/>\n<meta property=\"og:description\" content=\"Ma\u0142y box \u015bwi\u0105teczny. No added sugar, colourants, or preservatives. My treats are made from all things natural\ud83c\udf1f\" \/>\n<meta property=\"og:url\" content=\"https:\/\/www.bob-snail.com\/pl\/product\/maly-box-swiateczny\/\" \/>\n<meta property=\"og:site_name\" content=\"Bob Snail\" \/>\n<meta property=\"article:modified_time\" content=\"2025-11-13T16:51:20+00:00\" \/>\n<meta property=\"og:image\" content=\"https:\/\/www.bob-snail.com\/pl\/wp-content\/uploads\/sites\/23\/2025\/11\/SmallChrismasBox_2026_-2.webp\" \/>\n\t<meta property=\"og:image:width\" content=\"1280\" \/>\n\t<meta property=\"og:image:height\" content=\"1280\" \/>\n\t<meta property=\"og:image:type\" content=\"image\/webp\" \/>\n<meta name=\"twitter:card\" content=\"summary_large_image\" \/>\n<meta name=\"twitter:label1\" content=\"Szacowany czas czytania\" \/>\n\t<meta name=\"twitter:data1\" content=\"1 minuta\" \/>\n<script type=\"application\/ld+json\" class=\"yoast-schema-graph\">{\"@context\":\"https:\/\/schema.org\",\"@graph\":[{\"@type\":\"WebPage\",\"@id\":\"https:\/\/www.bob-snail.com\/pl\/product\/maly-box-swiateczny\/\",\"url\":\"https:\/\/www.bob-snail.com\/pl\/product\/maly-box-swiateczny\/\",\"name\":\"Ma\u0142y box \u015bwi\u0105teczny - Bob Snail\",\"isPartOf\":{\"@id\":\"https:\/\/www.bob-snail.com\/pl\/#website\"},\"primaryImageOfPage\":{\"@id\":\"https:\/\/www.bob-snail.com\/pl\/product\/maly-box-swiateczny\/#primaryimage\"},\"image\":{\"@id\":\"https:\/\/www.bob-snail.com\/pl\/product\/maly-box-swiateczny\/#primaryimage\"},\"thumbnailUrl\":\"https:\/\/www.bob-snail.com\/pl\/wp-content\/uploads\/sites\/23\/2025\/11\/SmallChrismasBox_2026_-2.webp\",\"datePublished\":\"2025-11-07T12:06:47+00:00\",\"dateModified\":\"2025-11-13T16:51:20+00:00\",\"description\":\"Ma\u0142y box \u015bwi\u0105teczny. No added sugar, colourants, or preservatives. My treats are made from all things natural\ud83c\udf1f\",\"breadcrumb\":{\"@id\":\"https:\/\/www.bob-snail.com\/pl\/product\/maly-box-swiateczny\/#breadcrumb\"},\"inLanguage\":\"pl-PL\",\"potentialAction\":[{\"@type\":\"ReadAction\",\"target\":[\"https:\/\/www.bob-snail.com\/pl\/product\/maly-box-swiateczny\/\"]}]},{\"@type\":\"ImageObject\",\"inLanguage\":\"pl-PL\",\"@id\":\"https:\/\/www.bob-snail.com\/pl\/product\/maly-box-swiateczny\/#primaryimage\",\"url\":\"https:\/\/www.bob-snail.com\/pl\/wp-content\/uploads\/sites\/23\/2025\/11\/SmallChrismasBox_2026_-2.webp\",\"contentUrl\":\"https:\/\/www.bob-snail.com\/pl\/wp-content\/uploads\/sites\/23\/2025\/11\/SmallChrismasBox_2026_-2.webp\",\"width\":1280,\"height\":1280},{\"@type\":\"BreadcrumbList\",\"@id\":\"https:\/\/www.bob-snail.com\/pl\/product\/maly-box-swiateczny\/#breadcrumb\",\"itemListElement\":[{\"@type\":\"ListItem\",\"position\":1,\"name\":\"Home\",\"item\":\"https:\/\/www.bob-snail.com\/pl\/\"},{\"@type\":\"ListItem\",\"position\":2,\"name\":\"Products\",\"item\":\"https:\/\/www.bob-snail.com\/pl\/shop\/\"},{\"@type\":\"ListItem\",\"position\":3,\"name\":\"Ma\u0142y box \u015bwi\u0105teczny\"}]},{\"@type\":\"WebSite\",\"@id\":\"https:\/\/www.bob-snail.com\/pl\/#website\",\"url\":\"https:\/\/www.bob-snail.com\/pl\/\",\"name\":\"Bob Snail\",\"description\":\"\",\"potentialAction\":[{\"@type\":\"SearchAction\",\"target\":{\"@type\":\"EntryPoint\",\"urlTemplate\":\"https:\/\/www.bob-snail.com\/pl\/?s={search_term_string}\"},\"query-input\":{\"@type\":\"PropertyValueSpecification\",\"valueRequired\":true,\"valueName\":\"search_term_string\"}}],\"inLanguage\":\"pl-PL\"}]}<\/script>\n<!-- \/ Yoast SEO plugin. -->","yoast_head_json":{"title":"Ma\u0142y box \u015bwi\u0105teczny - Bob Snail","description":"Ma\u0142y box \u015bwi\u0105teczny. No added sugar, colourants, or preservatives. My treats are made from all things natural\ud83c\udf1f","robots":{"index":"index","follow":"follow","max-snippet":"max-snippet:-1","max-image-preview":"max-image-preview:large","max-video-preview":"max-video-preview:-1"},"canonical":"https:\/\/www.bob-snail.com\/pl\/product\/maly-box-swiateczny\/","og_locale":"pl_PL","og_type":"article","og_title":"Ma\u0142y box \u015bwi\u0105teczny - Bob Snail","og_description":"Ma\u0142y box \u015bwi\u0105teczny. No added sugar, colourants, or preservatives. My treats are made from all things natural\ud83c\udf1f","og_url":"https:\/\/www.bob-snail.com\/pl\/product\/maly-box-swiateczny\/","og_site_name":"Bob Snail","article_modified_time":"2025-11-13T16:51:20+00:00","og_image":[{"width":1280,"height":1280,"url":"https:\/\/www.bob-snail.com\/pl\/wp-content\/uploads\/sites\/23\/2025\/11\/SmallChrismasBox_2026_-2.webp","type":"image\/webp"}],"twitter_card":"summary_large_image","twitter_misc":{"Szacowany czas czytania":"1 minuta"},"schema":{"@context":"https:\/\/schema.org","@graph":[{"@type":"WebPage","@id":"https:\/\/www.bob-snail.com\/pl\/product\/maly-box-swiateczny\/","url":"https:\/\/www.bob-snail.com\/pl\/product\/maly-box-swiateczny\/","name":"Ma\u0142y box \u015bwi\u0105teczny - Bob Snail","isPartOf":{"@id":"https:\/\/www.bob-snail.com\/pl\/#website"},"primaryImageOfPage":{"@id":"https:\/\/www.bob-snail.com\/pl\/product\/maly-box-swiateczny\/#primaryimage"},"image":{"@id":"https:\/\/www.bob-snail.com\/pl\/product\/maly-box-swiateczny\/#primaryimage"},"thumbnailUrl":"https:\/\/www.bob-snail.com\/pl\/wp-content\/uploads\/sites\/23\/2025\/11\/SmallChrismasBox_2026_-2.webp","datePublished":"2025-11-07T12:06:47+00:00","dateModified":"2025-11-13T16:51:20+00:00","description":"Ma\u0142y box \u015bwi\u0105teczny. No added sugar, colourants, or preservatives. My treats are made from all things natural\ud83c\udf1f","breadcrumb":{"@id":"https:\/\/www.bob-snail.com\/pl\/product\/maly-box-swiateczny\/#breadcrumb"},"inLanguage":"pl-PL","potentialAction":[{"@type":"ReadAction","target":["https:\/\/www.bob-snail.com\/pl\/product\/maly-box-swiateczny\/"]}]},{"@type":"ImageObject","inLanguage":"pl-PL","@id":"https:\/\/www.bob-snail.com\/pl\/product\/maly-box-swiateczny\/#primaryimage","url":"https:\/\/www.bob-snail.com\/pl\/wp-content\/uploads\/sites\/23\/2025\/11\/SmallChrismasBox_2026_-2.webp","contentUrl":"https:\/\/www.bob-snail.com\/pl\/wp-content\/uploads\/sites\/23\/2025\/11\/SmallChrismasBox_2026_-2.webp","width":1280,"height":1280},{"@type":"BreadcrumbList","@id":"https:\/\/www.bob-snail.com\/pl\/product\/maly-box-swiateczny\/#breadcrumb","itemListElement":[{"@type":"ListItem","position":1,"name":"Home","item":"https:\/\/www.bob-snail.com\/pl\/"},{"@type":"ListItem","position":2,"name":"Products","item":"https:\/\/www.bob-snail.com\/pl\/shop\/"},{"@type":"ListItem","position":3,"name":"Ma\u0142y box \u015bwi\u0105teczny"}]},{"@type":"WebSite","@id":"https:\/\/www.bob-snail.com\/pl\/#website","url":"https:\/\/www.bob-snail.com\/pl\/","name":"Bob Snail","description":"","potentialAction":[{"@type":"SearchAction","target":{"@type":"EntryPoint","urlTemplate":"https:\/\/www.bob-snail.com\/pl\/?s={search_term_string}"},"query-input":{"@type":"PropertyValueSpecification","valueRequired":true,"valueName":"search_term_string"}}],"inLanguage":"pl-PL"}]}},"_links":{"self":[{"href":"https:\/\/www.bob-snail.com\/pl\/wp-json\/wp\/v2\/product\/3694","targetHints":{"allow":["GET"]}}],"collection":[{"href":"https:\/\/www.bob-snail.com\/pl\/wp-json\/wp\/v2\/product"}],"about":[{"href":"https:\/\/www.bob-snail.com\/pl\/wp-json\/wp\/v2\/types\/product"}],"replies":[{"embeddable":true,"href":"https:\/\/www.bob-snail.com\/pl\/wp-json\/wp\/v2\/comments?post=3694"}],"wp:featuredmedia":[{"embeddable":true,"href":"https:\/\/www.bob-snail.com\/pl\/wp-json\/wp\/v2\/media\/3696"}],"wp:attachment":[{"href":"https:\/\/www.bob-snail.com\/pl\/wp-json\/wp\/v2\/media?parent=3694"}],"wp:term":[{"taxonomy":"product_brand","embeddable":true,"href":"https:\/\/www.bob-snail.com\/pl\/wp-json\/wp\/v2\/product_brand?post=3694"},{"taxonomy":"product_cat","embeddable":true,"href":"https:\/\/www.bob-snail.com\/pl\/wp-json\/wp\/v2\/product_cat?post=3694"},{"taxonomy":"product_tag","embeddable":true,"href":"https:\/\/www.bob-snail.com\/pl\/wp-json\/wp\/v2\/product_tag?post=3694"}],"curies":[{"name":"wp","href":"https:\/\/api.w.org\/{rel}","templated":true}]}}