{"id":3667,"date":"2025-11-07T13:29:27","date_gmt":"2025-11-07T11:29:27","guid":{"rendered":"https:\/\/www.bob-snail.com\/pl\/?post_type=product&#038;p=3667"},"modified":"2025-11-07T14:55:18","modified_gmt":"2025-11-07T12:55:18","slug":"kalendarz-adwentowy","status":"publish","type":"product","link":"https:\/\/www.bob-snail.com\/pl\/product\/kalendarz-adwentowy\/","title":{"rendered":"Kalendarz Adwentowy"},"content":{"rendered":"<p><span style=\"font-weight: 400;\">Nowa niespodzianka ka\u017cdego dnia. Brzmi jak spe\u0142nienie marze\u0144, prawda? W\u0142a\u015bnie dlatego stworzy\u0142em zupe\u0142nie wyj\u0105tkowy Kalendarz Adwentowy.<\/span><\/p>\n<p><span style=\"font-weight: 400;\">24 tajemnicze okienka kryj\u0105 prawdziwe skarby:<\/span><\/p>\n<p><span style=\"font-weight: 400;\">\u2013 ca\u0142\u0105 kolekcj\u0119 zabawek Snail City,<\/span><\/p>\n<p><span style=\"font-weight: 400;\">\u2013 owocowe rolki i \u017celki bez dodatku cukru,<\/span><\/p>\n<p><span style=\"font-weight: 400;\">\u2013 magnesy na lod\u00f3wk\u0119.<\/span><\/p>\n<p><span style=\"font-weight: 400;\">Spraw, by oczekiwanie na pierwsz\u0105 gwiazdk\u0119 by\u0142o jeszcze s\u0142odsze!<\/span><span style=\"font-weight: 400;\"><br \/>\n<\/span><span style=\"font-weight: 400;\">Otwieraj jedno okienko ka\u017cdego dnia, zbieraj prezenty i odliczaj do \u015awi\u0105t ze \u015alimakiem Bobem.\u00a0<\/span><\/p>\n","protected":false},"excerpt":{"rendered":"<p>Nowa niespodzianka ka\u017cdego dnia. Brzmi jak spe\u0142nienie marze\u0144, prawda? W\u0142a\u015bnie dlatego stworzy\u0142em zupe\u0142nie wyj\u0105tkowy Kalendarz Adwentowy. 24 tajemnicze okienka kryj\u0105 prawdziwe skarby: \u2013 ca\u0142\u0105 kolekcj\u0119 zabawek Snail City, \u2013 owocowe rolki i \u017celki bez dodatku cukru, \u2013 magnesy na lod\u00f3wk\u0119. Spraw, by oczekiwanie na pierwsz\u0105 gwiazdk\u0119 by\u0142o jeszcze s\u0142odsze! Otwieraj jedno okienko ka\u017cdego dnia, zbieraj [&hellip;]<\/p>\n","protected":false},"featured_media":3668,"comment_status":"open","ping_status":"closed","template":"","meta":{"_acf_changed":false},"product_brand":[],"product_cat":[108],"product_tag":[],"class_list":{"0":"post-3667","1":"product","2":"type-product","3":"status-publish","4":"has-post-thumbnail","6":"product_cat-zestawy-swiateczne","7":"weight_taxonomy-97g","9":"first","10":"instock","11":"shipping-taxable","12":"purchasable","13":"product-type-simple"},"acf":[],"yoast_head":"<!-- This site is optimized with the Yoast SEO plugin v26.6 - https:\/\/yoast.com\/wordpress\/plugins\/seo\/ -->\n<title>Kalendarz Adwentowy - Bob Snail<\/title>\n<meta name=\"description\" content=\"Kalendarz Adwentowy. No added sugar, colourants, or preservatives. My treats are made from all things natural\ud83c\udf1f\" \/>\n<meta name=\"robots\" content=\"index, follow, max-snippet:-1, max-image-preview:large, max-video-preview:-1\" \/>\n<link rel=\"canonical\" href=\"https:\/\/www.bob-snail.com\/pl\/product\/kalendarz-adwentowy\/\" \/>\n<meta property=\"og:locale\" content=\"pl_PL\" \/>\n<meta property=\"og:type\" content=\"article\" \/>\n<meta property=\"og:title\" content=\"Kalendarz Adwentowy - Bob Snail\" \/>\n<meta property=\"og:description\" content=\"Kalendarz Adwentowy. No added sugar, colourants, or preservatives. My treats are made from all things natural\ud83c\udf1f\" \/>\n<meta property=\"og:url\" content=\"https:\/\/www.bob-snail.com\/pl\/product\/kalendarz-adwentowy\/\" \/>\n<meta property=\"og:site_name\" content=\"Bob Snail\" \/>\n<meta property=\"article:modified_time\" content=\"2025-11-07T12:55:18+00:00\" \/>\n<meta property=\"og:image\" content=\"https:\/\/www.bob-snail.com\/pl\/wp-content\/uploads\/sites\/23\/2025\/11\/Advent_2026_-1.webp\" \/>\n\t<meta property=\"og:image:width\" content=\"1280\" \/>\n\t<meta property=\"og:image:height\" content=\"1280\" \/>\n\t<meta property=\"og:image:type\" content=\"image\/webp\" \/>\n<meta name=\"twitter:card\" content=\"summary_large_image\" \/>\n<meta name=\"twitter:label1\" content=\"Szacowany czas czytania\" \/>\n\t<meta name=\"twitter:data1\" content=\"1 minuta\" \/>\n<script type=\"application\/ld+json\" class=\"yoast-schema-graph\">{\"@context\":\"https:\/\/schema.org\",\"@graph\":[{\"@type\":\"WebPage\",\"@id\":\"https:\/\/www.bob-snail.com\/pl\/product\/kalendarz-adwentowy\/\",\"url\":\"https:\/\/www.bob-snail.com\/pl\/product\/kalendarz-adwentowy\/\",\"name\":\"Kalendarz Adwentowy - Bob Snail\",\"isPartOf\":{\"@id\":\"https:\/\/www.bob-snail.com\/pl\/#website\"},\"primaryImageOfPage\":{\"@id\":\"https:\/\/www.bob-snail.com\/pl\/product\/kalendarz-adwentowy\/#primaryimage\"},\"image\":{\"@id\":\"https:\/\/www.bob-snail.com\/pl\/product\/kalendarz-adwentowy\/#primaryimage\"},\"thumbnailUrl\":\"https:\/\/www.bob-snail.com\/pl\/wp-content\/uploads\/sites\/23\/2025\/11\/Advent_2026_-1.webp\",\"datePublished\":\"2025-11-07T11:29:27+00:00\",\"dateModified\":\"2025-11-07T12:55:18+00:00\",\"description\":\"Kalendarz Adwentowy. No added sugar, colourants, or preservatives. My treats are made from all things natural\ud83c\udf1f\",\"breadcrumb\":{\"@id\":\"https:\/\/www.bob-snail.com\/pl\/product\/kalendarz-adwentowy\/#breadcrumb\"},\"inLanguage\":\"pl-PL\",\"potentialAction\":[{\"@type\":\"ReadAction\",\"target\":[\"https:\/\/www.bob-snail.com\/pl\/product\/kalendarz-adwentowy\/\"]}]},{\"@type\":\"ImageObject\",\"inLanguage\":\"pl-PL\",\"@id\":\"https:\/\/www.bob-snail.com\/pl\/product\/kalendarz-adwentowy\/#primaryimage\",\"url\":\"https:\/\/www.bob-snail.com\/pl\/wp-content\/uploads\/sites\/23\/2025\/11\/Advent_2026_-1.webp\",\"contentUrl\":\"https:\/\/www.bob-snail.com\/pl\/wp-content\/uploads\/sites\/23\/2025\/11\/Advent_2026_-1.webp\",\"width\":1280,\"height\":1280},{\"@type\":\"BreadcrumbList\",\"@id\":\"https:\/\/www.bob-snail.com\/pl\/product\/kalendarz-adwentowy\/#breadcrumb\",\"itemListElement\":[{\"@type\":\"ListItem\",\"position\":1,\"name\":\"Home\",\"item\":\"https:\/\/www.bob-snail.com\/pl\/\"},{\"@type\":\"ListItem\",\"position\":2,\"name\":\"Products\",\"item\":\"https:\/\/www.bob-snail.com\/pl\/shop\/\"},{\"@type\":\"ListItem\",\"position\":3,\"name\":\"Kalendarz Adwentowy\"}]},{\"@type\":\"WebSite\",\"@id\":\"https:\/\/www.bob-snail.com\/pl\/#website\",\"url\":\"https:\/\/www.bob-snail.com\/pl\/\",\"name\":\"Bob Snail\",\"description\":\"\",\"potentialAction\":[{\"@type\":\"SearchAction\",\"target\":{\"@type\":\"EntryPoint\",\"urlTemplate\":\"https:\/\/www.bob-snail.com\/pl\/?s={search_term_string}\"},\"query-input\":{\"@type\":\"PropertyValueSpecification\",\"valueRequired\":true,\"valueName\":\"search_term_string\"}}],\"inLanguage\":\"pl-PL\"}]}<\/script>\n<!-- \/ Yoast SEO plugin. -->","yoast_head_json":{"title":"Kalendarz Adwentowy - Bob Snail","description":"Kalendarz Adwentowy. No added sugar, colourants, or preservatives. My treats are made from all things natural\ud83c\udf1f","robots":{"index":"index","follow":"follow","max-snippet":"max-snippet:-1","max-image-preview":"max-image-preview:large","max-video-preview":"max-video-preview:-1"},"canonical":"https:\/\/www.bob-snail.com\/pl\/product\/kalendarz-adwentowy\/","og_locale":"pl_PL","og_type":"article","og_title":"Kalendarz Adwentowy - Bob Snail","og_description":"Kalendarz Adwentowy. No added sugar, colourants, or preservatives. My treats are made from all things natural\ud83c\udf1f","og_url":"https:\/\/www.bob-snail.com\/pl\/product\/kalendarz-adwentowy\/","og_site_name":"Bob Snail","article_modified_time":"2025-11-07T12:55:18+00:00","og_image":[{"width":1280,"height":1280,"url":"https:\/\/www.bob-snail.com\/pl\/wp-content\/uploads\/sites\/23\/2025\/11\/Advent_2026_-1.webp","type":"image\/webp"}],"twitter_card":"summary_large_image","twitter_misc":{"Szacowany czas czytania":"1 minuta"},"schema":{"@context":"https:\/\/schema.org","@graph":[{"@type":"WebPage","@id":"https:\/\/www.bob-snail.com\/pl\/product\/kalendarz-adwentowy\/","url":"https:\/\/www.bob-snail.com\/pl\/product\/kalendarz-adwentowy\/","name":"Kalendarz Adwentowy - Bob Snail","isPartOf":{"@id":"https:\/\/www.bob-snail.com\/pl\/#website"},"primaryImageOfPage":{"@id":"https:\/\/www.bob-snail.com\/pl\/product\/kalendarz-adwentowy\/#primaryimage"},"image":{"@id":"https:\/\/www.bob-snail.com\/pl\/product\/kalendarz-adwentowy\/#primaryimage"},"thumbnailUrl":"https:\/\/www.bob-snail.com\/pl\/wp-content\/uploads\/sites\/23\/2025\/11\/Advent_2026_-1.webp","datePublished":"2025-11-07T11:29:27+00:00","dateModified":"2025-11-07T12:55:18+00:00","description":"Kalendarz Adwentowy. No added sugar, colourants, or preservatives. My treats are made from all things natural\ud83c\udf1f","breadcrumb":{"@id":"https:\/\/www.bob-snail.com\/pl\/product\/kalendarz-adwentowy\/#breadcrumb"},"inLanguage":"pl-PL","potentialAction":[{"@type":"ReadAction","target":["https:\/\/www.bob-snail.com\/pl\/product\/kalendarz-adwentowy\/"]}]},{"@type":"ImageObject","inLanguage":"pl-PL","@id":"https:\/\/www.bob-snail.com\/pl\/product\/kalendarz-adwentowy\/#primaryimage","url":"https:\/\/www.bob-snail.com\/pl\/wp-content\/uploads\/sites\/23\/2025\/11\/Advent_2026_-1.webp","contentUrl":"https:\/\/www.bob-snail.com\/pl\/wp-content\/uploads\/sites\/23\/2025\/11\/Advent_2026_-1.webp","width":1280,"height":1280},{"@type":"BreadcrumbList","@id":"https:\/\/www.bob-snail.com\/pl\/product\/kalendarz-adwentowy\/#breadcrumb","itemListElement":[{"@type":"ListItem","position":1,"name":"Home","item":"https:\/\/www.bob-snail.com\/pl\/"},{"@type":"ListItem","position":2,"name":"Products","item":"https:\/\/www.bob-snail.com\/pl\/shop\/"},{"@type":"ListItem","position":3,"name":"Kalendarz Adwentowy"}]},{"@type":"WebSite","@id":"https:\/\/www.bob-snail.com\/pl\/#website","url":"https:\/\/www.bob-snail.com\/pl\/","name":"Bob Snail","description":"","potentialAction":[{"@type":"SearchAction","target":{"@type":"EntryPoint","urlTemplate":"https:\/\/www.bob-snail.com\/pl\/?s={search_term_string}"},"query-input":{"@type":"PropertyValueSpecification","valueRequired":true,"valueName":"search_term_string"}}],"inLanguage":"pl-PL"}]}},"_links":{"self":[{"href":"https:\/\/www.bob-snail.com\/pl\/wp-json\/wp\/v2\/product\/3667","targetHints":{"allow":["GET"]}}],"collection":[{"href":"https:\/\/www.bob-snail.com\/pl\/wp-json\/wp\/v2\/product"}],"about":[{"href":"https:\/\/www.bob-snail.com\/pl\/wp-json\/wp\/v2\/types\/product"}],"replies":[{"embeddable":true,"href":"https:\/\/www.bob-snail.com\/pl\/wp-json\/wp\/v2\/comments?post=3667"}],"wp:featuredmedia":[{"embeddable":true,"href":"https:\/\/www.bob-snail.com\/pl\/wp-json\/wp\/v2\/media\/3668"}],"wp:attachment":[{"href":"https:\/\/www.bob-snail.com\/pl\/wp-json\/wp\/v2\/media?parent=3667"}],"wp:term":[{"taxonomy":"product_brand","embeddable":true,"href":"https:\/\/www.bob-snail.com\/pl\/wp-json\/wp\/v2\/product_brand?post=3667"},{"taxonomy":"product_cat","embeddable":true,"href":"https:\/\/www.bob-snail.com\/pl\/wp-json\/wp\/v2\/product_cat?post=3667"},{"taxonomy":"product_tag","embeddable":true,"href":"https:\/\/www.bob-snail.com\/pl\/wp-json\/wp\/v2\/product_tag?post=3667"}],"curies":[{"name":"wp","href":"https:\/\/api.w.org\/{rel}","templated":true}]}}