{"id":1333,"date":"2022-06-28T19:57:10","date_gmt":"2022-06-28T16:57:10","guid":{"rendered":"https:\/\/www.bob-snail.com\/nz\/?page_id=1333"},"modified":"2022-06-28T20:15:32","modified_gmt":"2022-06-28T17:15:32","slug":"thank-u","status":"publish","type":"page","link":"https:\/\/www.bob-snail.com\/nz\/hu\/thank-u\/","title":{"rendered":"Thank u"},"content":{"rendered":"\n<h1 class=\"wp-block-heading\">HURR\u00c1, K\u00d6SZ\u00d6N\u00d6M A LEVELED!<\/h1>\n","protected":false},"excerpt":{"rendered":"<p>HURR\u00c1, K\u00d6SZ\u00d6N\u00d6M A LEVELED!<\/p>\n","protected":false},"author":6,"featured_media":0,"parent":0,"menu_order":0,"comment_status":"closed","ping_status":"closed","template":"page-thanks.php","meta":{"_acf_changed":false,"footnotes":""},"class_list":["post-1333","page","type-page","status-publish","hentry"],"acf":[],"yoast_head":"<!-- This site is optimized with the Yoast SEO plugin v26.6 - https:\/\/yoast.com\/wordpress\/plugins\/seo\/ -->\n<title>Thank u - Bob Snail<\/title>\n<meta name=\"robots\" content=\"index, follow, max-snippet:-1, max-image-preview:large, max-video-preview:-1\" \/>\n<link rel=\"canonical\" href=\"https:\/\/www.bob-snail.com\/nz\/hu\/thank-u\/\" \/>\n<meta property=\"og:locale\" content=\"ru_RU\" \/>\n<meta property=\"og:type\" content=\"article\" \/>\n<meta property=\"og:title\" content=\"Thank u - Bob Snail\" \/>\n<meta property=\"og:description\" content=\"HURR\u00c1, K\u00d6SZ\u00d6N\u00d6M A LEVELED!\" \/>\n<meta property=\"og:url\" content=\"https:\/\/www.bob-snail.com\/nz\/hu\/thank-u\/\" \/>\n<meta property=\"og:site_name\" content=\"Bob Snail\" \/>\n<meta property=\"article:modified_time\" content=\"2022-06-28T17:15:32+00:00\" \/>\n<meta name=\"twitter:card\" content=\"summary_large_image\" \/>\n<meta name=\"twitter:label1\" content=\"\u041f\u0440\u0438\u043c\u0435\u0440\u043d\u043e\u0435 \u0432\u0440\u0435\u043c\u044f \u0434\u043b\u044f \u0447\u0442\u0435\u043d\u0438\u044f\" \/>\n\t<meta name=\"twitter:data1\" content=\"1 \u043c\u0438\u043d\u0443\u0442\u0430\" \/>\n<script type=\"application\/ld+json\" class=\"yoast-schema-graph\">{\"@context\":\"https:\/\/schema.org\",\"@graph\":[{\"@type\":\"WebPage\",\"@id\":\"https:\/\/www.bob-snail.com\/nz\/hu\/thank-u\/\",\"url\":\"https:\/\/www.bob-snail.com\/nz\/hu\/thank-u\/\",\"name\":\"Thank u - Bob Snail\",\"isPartOf\":{\"@id\":\"https:\/\/www.bob-snail.com\/nz\/#website\"},\"datePublished\":\"2022-06-28T16:57:10+00:00\",\"dateModified\":\"2022-06-28T17:15:32+00:00\",\"breadcrumb\":{\"@id\":\"https:\/\/www.bob-snail.com\/nz\/hu\/thank-u\/#breadcrumb\"},\"inLanguage\":\"ru-RU\",\"potentialAction\":[{\"@type\":\"ReadAction\",\"target\":[\"https:\/\/www.bob-snail.com\/nz\/hu\/thank-u\/\"]}]},{\"@type\":\"BreadcrumbList\",\"@id\":\"https:\/\/www.bob-snail.com\/nz\/hu\/thank-u\/#breadcrumb\",\"itemListElement\":[{\"@type\":\"ListItem\",\"position\":1,\"name\":\"\u0413\u043b\u0430\u0432\u043d\u0430\u044f \u0441\u0442\u0440\u0430\u043d\u0438\u0446\u0430\",\"item\":\"https:\/\/www.bob-snail.com\/nz\/ua\/golovna\/\"},{\"@type\":\"ListItem\",\"position\":2,\"name\":\"Thank u\"}]},{\"@type\":\"WebSite\",\"@id\":\"https:\/\/www.bob-snail.com\/nz\/#website\",\"url\":\"https:\/\/www.bob-snail.com\/nz\/\",\"name\":\"Bob Snail\",\"description\":\"\u041c\u043e\u0457 \u043b\u0430\u0441\u043e\u0449\u0456 \u2013 \u0442\u043e \u0447\u0438\u0441\u0442\u0435 \u0437\u0430\u0434\u043e\u0432\u043e\u043b\u0435\u043d\u043d\u044f\",\"publisher\":{\"@id\":\"https:\/\/www.bob-snail.com\/nz\/#organization\"},\"potentialAction\":[{\"@type\":\"SearchAction\",\"target\":{\"@type\":\"EntryPoint\",\"urlTemplate\":\"https:\/\/www.bob-snail.com\/nz\/?s={search_term_string}\"},\"query-input\":{\"@type\":\"PropertyValueSpecification\",\"valueRequired\":true,\"valueName\":\"search_term_string\"}}],\"inLanguage\":\"ru-RU\"},{\"@type\":\"Organization\",\"@id\":\"https:\/\/www.bob-snail.com\/nz\/#organization\",\"name\":\"Bob Snail\",\"url\":\"https:\/\/www.bob-snail.com\/nz\/\",\"logo\":{\"@type\":\"ImageObject\",\"inLanguage\":\"ru-RU\",\"@id\":\"https:\/\/www.bob-snail.com\/nz\/#\/schema\/logo\/image\/\",\"url\":\"https:\/\/www.bob-snail.com\/nz\/wp-content\/uploads\/sites\/16\/2022\/04\/logo.svg\",\"contentUrl\":\"https:\/\/www.bob-snail.com\/nz\/wp-content\/uploads\/sites\/16\/2022\/04\/logo.svg\",\"width\":132,\"height\":31,\"caption\":\"Bob Snail\"},\"image\":{\"@id\":\"https:\/\/www.bob-snail.com\/nz\/#\/schema\/logo\/image\/\"}}]}<\/script>\n<!-- \/ Yoast SEO plugin. -->","yoast_head_json":{"title":"Thank u - Bob Snail","robots":{"index":"index","follow":"follow","max-snippet":"max-snippet:-1","max-image-preview":"max-image-preview:large","max-video-preview":"max-video-preview:-1"},"canonical":"https:\/\/www.bob-snail.com\/nz\/hu\/thank-u\/","og_locale":"ru_RU","og_type":"article","og_title":"Thank u - Bob Snail","og_description":"HURR\u00c1, K\u00d6SZ\u00d6N\u00d6M A LEVELED!","og_url":"https:\/\/www.bob-snail.com\/nz\/hu\/thank-u\/","og_site_name":"Bob Snail","article_modified_time":"2022-06-28T17:15:32+00:00","twitter_card":"summary_large_image","twitter_misc":{"\u041f\u0440\u0438\u043c\u0435\u0440\u043d\u043e\u0435 \u0432\u0440\u0435\u043c\u044f \u0434\u043b\u044f \u0447\u0442\u0435\u043d\u0438\u044f":"1 \u043c\u0438\u043d\u0443\u0442\u0430"},"schema":{"@context":"https:\/\/schema.org","@graph":[{"@type":"WebPage","@id":"https:\/\/www.bob-snail.com\/nz\/hu\/thank-u\/","url":"https:\/\/www.bob-snail.com\/nz\/hu\/thank-u\/","name":"Thank u - Bob Snail","isPartOf":{"@id":"https:\/\/www.bob-snail.com\/nz\/#website"},"datePublished":"2022-06-28T16:57:10+00:00","dateModified":"2022-06-28T17:15:32+00:00","breadcrumb":{"@id":"https:\/\/www.bob-snail.com\/nz\/hu\/thank-u\/#breadcrumb"},"inLanguage":"ru-RU","potentialAction":[{"@type":"ReadAction","target":["https:\/\/www.bob-snail.com\/nz\/hu\/thank-u\/"]}]},{"@type":"BreadcrumbList","@id":"https:\/\/www.bob-snail.com\/nz\/hu\/thank-u\/#breadcrumb","itemListElement":[{"@type":"ListItem","position":1,"name":"\u0413\u043b\u0430\u0432\u043d\u0430\u044f \u0441\u0442\u0440\u0430\u043d\u0438\u0446\u0430","item":"https:\/\/www.bob-snail.com\/nz\/ua\/golovna\/"},{"@type":"ListItem","position":2,"name":"Thank u"}]},{"@type":"WebSite","@id":"https:\/\/www.bob-snail.com\/nz\/#website","url":"https:\/\/www.bob-snail.com\/nz\/","name":"Bob Snail","description":"\u041c\u043e\u0457 \u043b\u0430\u0441\u043e\u0449\u0456 \u2013 \u0442\u043e \u0447\u0438\u0441\u0442\u0435 \u0437\u0430\u0434\u043e\u0432\u043e\u043b\u0435\u043d\u043d\u044f","publisher":{"@id":"https:\/\/www.bob-snail.com\/nz\/#organization"},"potentialAction":[{"@type":"SearchAction","target":{"@type":"EntryPoint","urlTemplate":"https:\/\/www.bob-snail.com\/nz\/?s={search_term_string}"},"query-input":{"@type":"PropertyValueSpecification","valueRequired":true,"valueName":"search_term_string"}}],"inLanguage":"ru-RU"},{"@type":"Organization","@id":"https:\/\/www.bob-snail.com\/nz\/#organization","name":"Bob Snail","url":"https:\/\/www.bob-snail.com\/nz\/","logo":{"@type":"ImageObject","inLanguage":"ru-RU","@id":"https:\/\/www.bob-snail.com\/nz\/#\/schema\/logo\/image\/","url":"https:\/\/www.bob-snail.com\/nz\/wp-content\/uploads\/sites\/16\/2022\/04\/logo.svg","contentUrl":"https:\/\/www.bob-snail.com\/nz\/wp-content\/uploads\/sites\/16\/2022\/04\/logo.svg","width":132,"height":31,"caption":"Bob Snail"},"image":{"@id":"https:\/\/www.bob-snail.com\/nz\/#\/schema\/logo\/image\/"}}]}},"lang":"hu","translations":{"ua":256,"pl":754,"de":1255,"hu":1333,"gb":5215,"ca":5217,"au":5219,"nz":5221,"cs":5302},"pll_sync_post":[],"_links":{"self":[{"href":"https:\/\/www.bob-snail.com\/nz\/wp-json\/wp\/v2\/pages\/1333","targetHints":{"allow":["GET"]}}],"collection":[{"href":"https:\/\/www.bob-snail.com\/nz\/wp-json\/wp\/v2\/pages"}],"about":[{"href":"https:\/\/www.bob-snail.com\/nz\/wp-json\/wp\/v2\/types\/page"}],"author":[{"embeddable":true,"href":"https:\/\/www.bob-snail.com\/nz\/wp-json\/wp\/v2\/users\/6"}],"replies":[{"embeddable":true,"href":"https:\/\/www.bob-snail.com\/nz\/wp-json\/wp\/v2\/comments?post=1333"}],"version-history":[{"count":3,"href":"https:\/\/www.bob-snail.com\/nz\/wp-json\/wp\/v2\/pages\/1333\/revisions"}],"predecessor-version":[{"id":1336,"href":"https:\/\/www.bob-snail.com\/nz\/wp-json\/wp\/v2\/pages\/1333\/revisions\/1336"}],"wp:attachment":[{"href":"https:\/\/www.bob-snail.com\/nz\/wp-json\/wp\/v2\/media?parent=1333"}],"curies":[{"name":"wp","href":"https:\/\/api.w.org\/{rel}","templated":true}]}}