{"id":3449,"date":"2025-11-21T15:07:31","date_gmt":"2025-11-21T15:07:31","guid":{"rendered":"https:\/\/www.bob-snail.com\/hu\/?post_type=product&#038;p=3449"},"modified":"2025-11-21T15:11:12","modified_gmt":"2025-11-21T15:11:12","slug":"bob-snail-express-snack-track","status":"publish","type":"product","link":"https:\/\/www.bob-snail.com\/hu\/product\/bob-snail-express-snack-track\/","title":{"rendered":"Bob Snail Express: Snack Track"},"content":{"rendered":"<p><span style=\"font-weight: 400;\">K\u00e9sz\u00fclj fel egy olyan kalandra, amit sehol a vil\u00e1gon nem foglalhatsz le!<\/span><\/p>\n<p><span style=\"font-weight: 400;\">Megalkottam tizen\u00f6t k\u00fcl\u00f6nb\u00f6z\u0151, f\u00e9m Snack Track vagont \u2013 itt folytat\u00f3dik a Bob Snail Express izgalmas utaz\u00e1sa.<\/span><\/p>\n<p><span style=\"font-weight: 400;\">Mindegyik vagon gy\u00fcm\u00f6lcs\u00f6s finoms\u00e1gokat \u00e9s meglepet\u00e9seket rejt neked \u00e9s szeretteidnek.<\/span><\/p>\n<p><span style=\"font-weight: 400;\">A vagonban tal\u00e1lsz:<\/span><\/p>\n<p><span style=\"font-weight: 400;\">&#8211; hozz\u00e1adott cukor n\u00e9lk\u00fcli gy\u00fcm\u00f6lcs\u00f6s finoms\u00e1gokat<\/span><\/p>\n<p><span style=\"font-weight: 400;\">&#8211; Eat&amp;Play Snail City szettet egy gy\u0171jthet\u0151 j\u00e1t\u00e9kkal<\/span><\/p>\n<p><span style=\"font-weight: 400;\">&#8211; 3D matrica szettet<\/span><\/p>\n<p><span style=\"font-weight: 400;\">&#8211; h\u00e1rom h\u0171t\u0151m\u00e1gnest<\/span><\/p>\n<p><span style=\"font-weight: 400;\">&#8211; egy var\u00e1zslatos jegyet<\/span><\/p>\n<p><span style=\"font-weight: 400;\">Min\u00e9l t\u00f6bb vagont gy\u0171jtesz \u00f6ssze, ann\u00e1l nagyobb az es\u00e9lyed, hogy felfedezd az \u00f6sszes titkos helyet, kieg\u00e9sz\u00edtsd a kollekci\u00f3dat, \u00e9s begy\u0171jtsd az \u00f6sszes matrica szettet!<\/span><\/p>\n","protected":false},"excerpt":{"rendered":"<p>K\u00e9sz\u00fclj fel egy olyan kalandra, amit sehol a vil\u00e1gon nem foglalhatsz le! Megalkottam tizen\u00f6t k\u00fcl\u00f6nb\u00f6z\u0151, f\u00e9m Snack Track vagont \u2013 itt folytat\u00f3dik a Bob Snail Express izgalmas utaz\u00e1sa. Mindegyik vagon gy\u00fcm\u00f6lcs\u00f6s finoms\u00e1gokat \u00e9s meglepet\u00e9seket rejt neked \u00e9s szeretteidnek. A vagonban tal\u00e1lsz: &#8211; hozz\u00e1adott cukor n\u00e9lk\u00fcli gy\u00fcm\u00f6lcs\u00f6s finoms\u00e1gokat &#8211; Eat&amp;Play Snail City szettet egy gy\u0171jthet\u0151 j\u00e1t\u00e9kkal [&hellip;]<\/p>\n","protected":false},"featured_media":3450,"comment_status":"open","ping_status":"closed","template":"","meta":{"_acf_changed":false},"product_brand":[],"product_cat":[100],"product_tag":[],"class_list":{"0":"post-3449","1":"product","2":"type-product","3":"status-publish","4":"has-post-thumbnail","6":"product_cat-karacsonyi-csomagok","7":"weight_taxonomy-107g","9":"first","10":"instock","11":"shipping-taxable","12":"purchasable","13":"product-type-simple"},"acf":[],"yoast_head":"<!-- This site is optimized with the Yoast SEO plugin v26.6 - https:\/\/yoast.com\/wordpress\/plugins\/seo\/ -->\n<title>Bob Snail Express: Snack Track - Bob Snail<\/title>\n<meta name=\"description\" content=\"Bob Snail Express: Snack Track. No added sugar, colourants, or preservatives. My treats are made from all things natural\ud83c\udf1f\" \/>\n<meta name=\"robots\" content=\"index, follow, max-snippet:-1, max-image-preview:large, max-video-preview:-1\" \/>\n<link rel=\"canonical\" href=\"https:\/\/www.bob-snail.com\/hu\/product\/bob-snail-express-snack-track\/\" \/>\n<meta property=\"og:locale\" content=\"en_US\" \/>\n<meta property=\"og:type\" content=\"article\" \/>\n<meta property=\"og:title\" content=\"Bob Snail Express: Snack Track - Bob Snail\" \/>\n<meta property=\"og:description\" content=\"Bob Snail Express: Snack Track. No added sugar, colourants, or preservatives. My treats are made from all things natural\ud83c\udf1f\" \/>\n<meta property=\"og:url\" content=\"https:\/\/www.bob-snail.com\/hu\/product\/bob-snail-express-snack-track\/\" \/>\n<meta property=\"og:site_name\" content=\"Bob Snail\" \/>\n<meta property=\"article:modified_time\" content=\"2025-11-21T15:11:12+00:00\" \/>\n<meta property=\"og:image\" content=\"https:\/\/www.bob-snail.com\/hu\/wp-content\/uploads\/sites\/25\/2025\/11\/Wagon_2026_-1.webp\" \/>\n\t<meta property=\"og:image:width\" content=\"1271\" \/>\n\t<meta property=\"og:image:height\" content=\"1280\" \/>\n\t<meta property=\"og:image:type\" content=\"image\/webp\" \/>\n<meta name=\"twitter:card\" content=\"summary_large_image\" \/>\n<meta name=\"twitter:label1\" content=\"Est. reading time\" \/>\n\t<meta name=\"twitter:data1\" content=\"1 minute\" \/>\n<script type=\"application\/ld+json\" class=\"yoast-schema-graph\">{\"@context\":\"https:\/\/schema.org\",\"@graph\":[{\"@type\":\"WebPage\",\"@id\":\"https:\/\/www.bob-snail.com\/hu\/product\/bob-snail-express-snack-track\/\",\"url\":\"https:\/\/www.bob-snail.com\/hu\/product\/bob-snail-express-snack-track\/\",\"name\":\"Bob Snail Express: Snack Track - Bob Snail\",\"isPartOf\":{\"@id\":\"https:\/\/www.bob-snail.com\/hu\/#website\"},\"primaryImageOfPage\":{\"@id\":\"https:\/\/www.bob-snail.com\/hu\/product\/bob-snail-express-snack-track\/#primaryimage\"},\"image\":{\"@id\":\"https:\/\/www.bob-snail.com\/hu\/product\/bob-snail-express-snack-track\/#primaryimage\"},\"thumbnailUrl\":\"https:\/\/www.bob-snail.com\/hu\/wp-content\/uploads\/sites\/25\/2025\/11\/Wagon_2026_-1.webp\",\"datePublished\":\"2025-11-21T15:07:31+00:00\",\"dateModified\":\"2025-11-21T15:11:12+00:00\",\"description\":\"Bob Snail Express: Snack Track. No added sugar, colourants, or preservatives. My treats are made from all things natural\ud83c\udf1f\",\"breadcrumb\":{\"@id\":\"https:\/\/www.bob-snail.com\/hu\/product\/bob-snail-express-snack-track\/#breadcrumb\"},\"inLanguage\":\"en-US\",\"potentialAction\":[{\"@type\":\"ReadAction\",\"target\":[\"https:\/\/www.bob-snail.com\/hu\/product\/bob-snail-express-snack-track\/\"]}]},{\"@type\":\"ImageObject\",\"inLanguage\":\"en-US\",\"@id\":\"https:\/\/www.bob-snail.com\/hu\/product\/bob-snail-express-snack-track\/#primaryimage\",\"url\":\"https:\/\/www.bob-snail.com\/hu\/wp-content\/uploads\/sites\/25\/2025\/11\/Wagon_2026_-1.webp\",\"contentUrl\":\"https:\/\/www.bob-snail.com\/hu\/wp-content\/uploads\/sites\/25\/2025\/11\/Wagon_2026_-1.webp\",\"width\":1271,\"height\":1280},{\"@type\":\"BreadcrumbList\",\"@id\":\"https:\/\/www.bob-snail.com\/hu\/product\/bob-snail-express-snack-track\/#breadcrumb\",\"itemListElement\":[{\"@type\":\"ListItem\",\"position\":1,\"name\":\"Home\",\"item\":\"https:\/\/www.bob-snail.com\/hu\/\"},{\"@type\":\"ListItem\",\"position\":2,\"name\":\"Products\",\"item\":\"https:\/\/www.bob-snail.com\/hu\/shop\/\"},{\"@type\":\"ListItem\",\"position\":3,\"name\":\"Bob Snail Express: Snack Track\"}]},{\"@type\":\"WebSite\",\"@id\":\"https:\/\/www.bob-snail.com\/hu\/#website\",\"url\":\"https:\/\/www.bob-snail.com\/hu\/\",\"name\":\"Bob Snail\",\"description\":\"\",\"potentialAction\":[{\"@type\":\"SearchAction\",\"target\":{\"@type\":\"EntryPoint\",\"urlTemplate\":\"https:\/\/www.bob-snail.com\/hu\/?s={search_term_string}\"},\"query-input\":{\"@type\":\"PropertyValueSpecification\",\"valueRequired\":true,\"valueName\":\"search_term_string\"}}],\"inLanguage\":\"en-US\"}]}<\/script>\n<!-- \/ Yoast SEO plugin. -->","yoast_head_json":{"title":"Bob Snail Express: Snack Track - Bob Snail","description":"Bob Snail Express: Snack Track. No added sugar, colourants, or preservatives. My treats are made from all things natural\ud83c\udf1f","robots":{"index":"index","follow":"follow","max-snippet":"max-snippet:-1","max-image-preview":"max-image-preview:large","max-video-preview":"max-video-preview:-1"},"canonical":"https:\/\/www.bob-snail.com\/hu\/product\/bob-snail-express-snack-track\/","og_locale":"en_US","og_type":"article","og_title":"Bob Snail Express: Snack Track - Bob Snail","og_description":"Bob Snail Express: Snack Track. No added sugar, colourants, or preservatives. My treats are made from all things natural\ud83c\udf1f","og_url":"https:\/\/www.bob-snail.com\/hu\/product\/bob-snail-express-snack-track\/","og_site_name":"Bob Snail","article_modified_time":"2025-11-21T15:11:12+00:00","og_image":[{"width":1271,"height":1280,"url":"https:\/\/www.bob-snail.com\/hu\/wp-content\/uploads\/sites\/25\/2025\/11\/Wagon_2026_-1.webp","type":"image\/webp"}],"twitter_card":"summary_large_image","twitter_misc":{"Est. reading time":"1 minute"},"schema":{"@context":"https:\/\/schema.org","@graph":[{"@type":"WebPage","@id":"https:\/\/www.bob-snail.com\/hu\/product\/bob-snail-express-snack-track\/","url":"https:\/\/www.bob-snail.com\/hu\/product\/bob-snail-express-snack-track\/","name":"Bob Snail Express: Snack Track - Bob Snail","isPartOf":{"@id":"https:\/\/www.bob-snail.com\/hu\/#website"},"primaryImageOfPage":{"@id":"https:\/\/www.bob-snail.com\/hu\/product\/bob-snail-express-snack-track\/#primaryimage"},"image":{"@id":"https:\/\/www.bob-snail.com\/hu\/product\/bob-snail-express-snack-track\/#primaryimage"},"thumbnailUrl":"https:\/\/www.bob-snail.com\/hu\/wp-content\/uploads\/sites\/25\/2025\/11\/Wagon_2026_-1.webp","datePublished":"2025-11-21T15:07:31+00:00","dateModified":"2025-11-21T15:11:12+00:00","description":"Bob Snail Express: Snack Track. No added sugar, colourants, or preservatives. My treats are made from all things natural\ud83c\udf1f","breadcrumb":{"@id":"https:\/\/www.bob-snail.com\/hu\/product\/bob-snail-express-snack-track\/#breadcrumb"},"inLanguage":"en-US","potentialAction":[{"@type":"ReadAction","target":["https:\/\/www.bob-snail.com\/hu\/product\/bob-snail-express-snack-track\/"]}]},{"@type":"ImageObject","inLanguage":"en-US","@id":"https:\/\/www.bob-snail.com\/hu\/product\/bob-snail-express-snack-track\/#primaryimage","url":"https:\/\/www.bob-snail.com\/hu\/wp-content\/uploads\/sites\/25\/2025\/11\/Wagon_2026_-1.webp","contentUrl":"https:\/\/www.bob-snail.com\/hu\/wp-content\/uploads\/sites\/25\/2025\/11\/Wagon_2026_-1.webp","width":1271,"height":1280},{"@type":"BreadcrumbList","@id":"https:\/\/www.bob-snail.com\/hu\/product\/bob-snail-express-snack-track\/#breadcrumb","itemListElement":[{"@type":"ListItem","position":1,"name":"Home","item":"https:\/\/www.bob-snail.com\/hu\/"},{"@type":"ListItem","position":2,"name":"Products","item":"https:\/\/www.bob-snail.com\/hu\/shop\/"},{"@type":"ListItem","position":3,"name":"Bob Snail Express: Snack Track"}]},{"@type":"WebSite","@id":"https:\/\/www.bob-snail.com\/hu\/#website","url":"https:\/\/www.bob-snail.com\/hu\/","name":"Bob Snail","description":"","potentialAction":[{"@type":"SearchAction","target":{"@type":"EntryPoint","urlTemplate":"https:\/\/www.bob-snail.com\/hu\/?s={search_term_string}"},"query-input":{"@type":"PropertyValueSpecification","valueRequired":true,"valueName":"search_term_string"}}],"inLanguage":"en-US"}]}},"_links":{"self":[{"href":"https:\/\/www.bob-snail.com\/hu\/wp-json\/wp\/v2\/product\/3449","targetHints":{"allow":["GET"]}}],"collection":[{"href":"https:\/\/www.bob-snail.com\/hu\/wp-json\/wp\/v2\/product"}],"about":[{"href":"https:\/\/www.bob-snail.com\/hu\/wp-json\/wp\/v2\/types\/product"}],"replies":[{"embeddable":true,"href":"https:\/\/www.bob-snail.com\/hu\/wp-json\/wp\/v2\/comments?post=3449"}],"wp:featuredmedia":[{"embeddable":true,"href":"https:\/\/www.bob-snail.com\/hu\/wp-json\/wp\/v2\/media\/3450"}],"wp:attachment":[{"href":"https:\/\/www.bob-snail.com\/hu\/wp-json\/wp\/v2\/media?parent=3449"}],"wp:term":[{"taxonomy":"product_brand","embeddable":true,"href":"https:\/\/www.bob-snail.com\/hu\/wp-json\/wp\/v2\/product_brand?post=3449"},{"taxonomy":"product_cat","embeddable":true,"href":"https:\/\/www.bob-snail.com\/hu\/wp-json\/wp\/v2\/product_cat?post=3449"},{"taxonomy":"product_tag","embeddable":true,"href":"https:\/\/www.bob-snail.com\/hu\/wp-json\/wp\/v2\/product_tag?post=3449"}],"curies":[{"name":"wp","href":"https:\/\/api.w.org\/{rel}","templated":true}]}}