{"id":3421,"date":"2025-11-21T14:55:57","date_gmt":"2025-11-21T14:55:57","guid":{"rendered":"https:\/\/www.bob-snail.com\/hu\/?post_type=product&#038;p=3421"},"modified":"2025-11-21T15:00:58","modified_gmt":"2025-11-21T15:00:58","slug":"snail-city","status":"publish","type":"product","link":"https:\/\/www.bob-snail.com\/hu\/product\/snail-city\/","title":{"rendered":"Snail City"},"content":{"rendered":"<p><span style=\"font-weight: 400;\">A Snail City hat k\u00fcl\u00f6nb\u00f6z\u0151 f\u00e9mdobozb\u00f3l \u00e1ll\u00f3 gy\u0171jtem\u00e9ny, tele finoms\u00e1gokkal \u00e9s meglepet\u00e9sekkel. Mindegyik h\u00e1zik\u00f3nak egyedi diz\u00e1jn-ja \u00e9s saj\u00e1t kis utcan\u00e9v t\u00e1bl\u00e1ja van. A h\u00e1zik\u00f3k nemcsak j\u00e1t\u00e9kra val\u00f3k \u2013 haszn\u00e1lhatod \u0151ket apr\u00f3s\u00e1gok, te\u00e1k,<\/span><span style=\"font-weight: 400;\"> k\u00e1v\u00e9 (are you sure that coffee is needed here as option among the kids?) <\/span><span style=\"font-weight: 400;\">vagy \u00e9dess\u00e9gek t\u00e1rol\u00e1s\u00e1ra is.<\/span><\/p>\n<p><span style=\"font-weight: 400;\">A h\u00e1zik\u00f3kban tal\u00e1lsz:<\/span><\/p>\n<p><span style=\"font-weight: 400;\">&#8211; hozz\u00e1adott cukor n\u00e9lk\u00fcli gy\u00fcm\u00f6lcs\u00f6s finoms\u00e1gokat &#8211; gy\u00fcm\u00f6lcstekercseket, smoothie-t, Fruit Snack-et \u00e9s gy\u00fcm\u00f6lcszsel\u00e9t<\/span><\/p>\n<p><span style=\"font-weight: 400;\">&#8211; Eat&amp;Play Snail City szettet egy gy\u0171jthet\u0151 j\u00e1t\u00e9kfigur\u00e1val<\/span><\/p>\n<p><span style=\"font-weight: 400;\">&#8211; 3D matrica szettet<\/span><\/p>\n<p><span style=\"font-weight: 400;\">&#8211; h\u00e1rom h\u0171t\u0151m\u00e1gnest<\/span><\/p>\n<p><span style=\"font-weight: 400;\">Gy\u0171jtsd \u00f6ssze mind a hatot, \u00e9s \u00e9p\u00edtsd meg a saj\u00e1t var\u00e1zslatos kis v\u00e1rosodat!<\/span><\/p>\n","protected":false},"excerpt":{"rendered":"<p>A Snail City hat k\u00fcl\u00f6nb\u00f6z\u0151 f\u00e9mdobozb\u00f3l \u00e1ll\u00f3 gy\u0171jtem\u00e9ny, tele finoms\u00e1gokkal \u00e9s meglepet\u00e9sekkel. Mindegyik h\u00e1zik\u00f3nak egyedi diz\u00e1jn-ja \u00e9s saj\u00e1t kis utcan\u00e9v t\u00e1bl\u00e1ja van. A h\u00e1zik\u00f3k nemcsak j\u00e1t\u00e9kra val\u00f3k \u2013 haszn\u00e1lhatod \u0151ket apr\u00f3s\u00e1gok, te\u00e1k, k\u00e1v\u00e9 (are you sure that coffee is needed here as option among the kids?) vagy \u00e9dess\u00e9gek t\u00e1rol\u00e1s\u00e1ra is. A h\u00e1zik\u00f3kban tal\u00e1lsz: &#8211; hozz\u00e1adott [&hellip;]<\/p>\n","protected":false},"featured_media":3422,"comment_status":"open","ping_status":"closed","template":"","meta":{"_acf_changed":false},"product_brand":[],"product_cat":[100],"product_tag":[],"class_list":{"0":"post-3421","1":"product","2":"type-product","3":"status-publish","4":"has-post-thumbnail","6":"product_cat-karacsonyi-csomagok","7":"weight_taxonomy-384g","9":"first","10":"instock","11":"shipping-taxable","12":"purchasable","13":"product-type-simple"},"acf":[],"yoast_head":"<!-- This site is optimized with the Yoast SEO plugin v26.6 - https:\/\/yoast.com\/wordpress\/plugins\/seo\/ -->\n<title>Snail City - Bob Snail<\/title>\n<meta name=\"description\" content=\"Snail City. No added sugar, colourants, or preservatives. My treats are made from all things natural\ud83c\udf1f\" \/>\n<meta name=\"robots\" content=\"index, follow, max-snippet:-1, max-image-preview:large, max-video-preview:-1\" \/>\n<link rel=\"canonical\" href=\"https:\/\/www.bob-snail.com\/hu\/product\/snail-city\/\" \/>\n<meta property=\"og:locale\" content=\"en_US\" \/>\n<meta property=\"og:type\" content=\"article\" \/>\n<meta property=\"og:title\" content=\"Snail City - Bob Snail\" \/>\n<meta property=\"og:description\" content=\"Snail City. No added sugar, colourants, or preservatives. My treats are made from all things natural\ud83c\udf1f\" \/>\n<meta property=\"og:url\" content=\"https:\/\/www.bob-snail.com\/hu\/product\/snail-city\/\" \/>\n<meta property=\"og:site_name\" content=\"Bob Snail\" \/>\n<meta property=\"article:modified_time\" content=\"2025-11-21T15:00:58+00:00\" \/>\n<meta property=\"og:image\" content=\"https:\/\/www.bob-snail.com\/hu\/wp-content\/uploads\/sites\/25\/2025\/11\/House_2026_-1.webp\" \/>\n\t<meta property=\"og:image:width\" content=\"1271\" \/>\n\t<meta property=\"og:image:height\" content=\"1280\" \/>\n\t<meta property=\"og:image:type\" content=\"image\/webp\" \/>\n<meta name=\"twitter:card\" content=\"summary_large_image\" \/>\n<meta name=\"twitter:label1\" content=\"Est. reading time\" \/>\n\t<meta name=\"twitter:data1\" content=\"1 minute\" \/>\n<script type=\"application\/ld+json\" class=\"yoast-schema-graph\">{\"@context\":\"https:\/\/schema.org\",\"@graph\":[{\"@type\":\"WebPage\",\"@id\":\"https:\/\/www.bob-snail.com\/hu\/product\/snail-city\/\",\"url\":\"https:\/\/www.bob-snail.com\/hu\/product\/snail-city\/\",\"name\":\"Snail City - Bob Snail\",\"isPartOf\":{\"@id\":\"https:\/\/www.bob-snail.com\/hu\/#website\"},\"primaryImageOfPage\":{\"@id\":\"https:\/\/www.bob-snail.com\/hu\/product\/snail-city\/#primaryimage\"},\"image\":{\"@id\":\"https:\/\/www.bob-snail.com\/hu\/product\/snail-city\/#primaryimage\"},\"thumbnailUrl\":\"https:\/\/www.bob-snail.com\/hu\/wp-content\/uploads\/sites\/25\/2025\/11\/House_2026_-1.webp\",\"datePublished\":\"2025-11-21T14:55:57+00:00\",\"dateModified\":\"2025-11-21T15:00:58+00:00\",\"description\":\"Snail City. No added sugar, colourants, or preservatives. My treats are made from all things natural\ud83c\udf1f\",\"breadcrumb\":{\"@id\":\"https:\/\/www.bob-snail.com\/hu\/product\/snail-city\/#breadcrumb\"},\"inLanguage\":\"en-US\",\"potentialAction\":[{\"@type\":\"ReadAction\",\"target\":[\"https:\/\/www.bob-snail.com\/hu\/product\/snail-city\/\"]}]},{\"@type\":\"ImageObject\",\"inLanguage\":\"en-US\",\"@id\":\"https:\/\/www.bob-snail.com\/hu\/product\/snail-city\/#primaryimage\",\"url\":\"https:\/\/www.bob-snail.com\/hu\/wp-content\/uploads\/sites\/25\/2025\/11\/House_2026_-1.webp\",\"contentUrl\":\"https:\/\/www.bob-snail.com\/hu\/wp-content\/uploads\/sites\/25\/2025\/11\/House_2026_-1.webp\",\"width\":1271,\"height\":1280},{\"@type\":\"BreadcrumbList\",\"@id\":\"https:\/\/www.bob-snail.com\/hu\/product\/snail-city\/#breadcrumb\",\"itemListElement\":[{\"@type\":\"ListItem\",\"position\":1,\"name\":\"Home\",\"item\":\"https:\/\/www.bob-snail.com\/hu\/\"},{\"@type\":\"ListItem\",\"position\":2,\"name\":\"Products\",\"item\":\"https:\/\/www.bob-snail.com\/hu\/shop\/\"},{\"@type\":\"ListItem\",\"position\":3,\"name\":\"Snail City\"}]},{\"@type\":\"WebSite\",\"@id\":\"https:\/\/www.bob-snail.com\/hu\/#website\",\"url\":\"https:\/\/www.bob-snail.com\/hu\/\",\"name\":\"Bob Snail\",\"description\":\"\",\"potentialAction\":[{\"@type\":\"SearchAction\",\"target\":{\"@type\":\"EntryPoint\",\"urlTemplate\":\"https:\/\/www.bob-snail.com\/hu\/?s={search_term_string}\"},\"query-input\":{\"@type\":\"PropertyValueSpecification\",\"valueRequired\":true,\"valueName\":\"search_term_string\"}}],\"inLanguage\":\"en-US\"}]}<\/script>\n<!-- \/ Yoast SEO plugin. -->","yoast_head_json":{"title":"Snail City - Bob Snail","description":"Snail City. No added sugar, colourants, or preservatives. My treats are made from all things natural\ud83c\udf1f","robots":{"index":"index","follow":"follow","max-snippet":"max-snippet:-1","max-image-preview":"max-image-preview:large","max-video-preview":"max-video-preview:-1"},"canonical":"https:\/\/www.bob-snail.com\/hu\/product\/snail-city\/","og_locale":"en_US","og_type":"article","og_title":"Snail City - Bob Snail","og_description":"Snail City. No added sugar, colourants, or preservatives. My treats are made from all things natural\ud83c\udf1f","og_url":"https:\/\/www.bob-snail.com\/hu\/product\/snail-city\/","og_site_name":"Bob Snail","article_modified_time":"2025-11-21T15:00:58+00:00","og_image":[{"width":1271,"height":1280,"url":"https:\/\/www.bob-snail.com\/hu\/wp-content\/uploads\/sites\/25\/2025\/11\/House_2026_-1.webp","type":"image\/webp"}],"twitter_card":"summary_large_image","twitter_misc":{"Est. reading time":"1 minute"},"schema":{"@context":"https:\/\/schema.org","@graph":[{"@type":"WebPage","@id":"https:\/\/www.bob-snail.com\/hu\/product\/snail-city\/","url":"https:\/\/www.bob-snail.com\/hu\/product\/snail-city\/","name":"Snail City - Bob Snail","isPartOf":{"@id":"https:\/\/www.bob-snail.com\/hu\/#website"},"primaryImageOfPage":{"@id":"https:\/\/www.bob-snail.com\/hu\/product\/snail-city\/#primaryimage"},"image":{"@id":"https:\/\/www.bob-snail.com\/hu\/product\/snail-city\/#primaryimage"},"thumbnailUrl":"https:\/\/www.bob-snail.com\/hu\/wp-content\/uploads\/sites\/25\/2025\/11\/House_2026_-1.webp","datePublished":"2025-11-21T14:55:57+00:00","dateModified":"2025-11-21T15:00:58+00:00","description":"Snail City. No added sugar, colourants, or preservatives. My treats are made from all things natural\ud83c\udf1f","breadcrumb":{"@id":"https:\/\/www.bob-snail.com\/hu\/product\/snail-city\/#breadcrumb"},"inLanguage":"en-US","potentialAction":[{"@type":"ReadAction","target":["https:\/\/www.bob-snail.com\/hu\/product\/snail-city\/"]}]},{"@type":"ImageObject","inLanguage":"en-US","@id":"https:\/\/www.bob-snail.com\/hu\/product\/snail-city\/#primaryimage","url":"https:\/\/www.bob-snail.com\/hu\/wp-content\/uploads\/sites\/25\/2025\/11\/House_2026_-1.webp","contentUrl":"https:\/\/www.bob-snail.com\/hu\/wp-content\/uploads\/sites\/25\/2025\/11\/House_2026_-1.webp","width":1271,"height":1280},{"@type":"BreadcrumbList","@id":"https:\/\/www.bob-snail.com\/hu\/product\/snail-city\/#breadcrumb","itemListElement":[{"@type":"ListItem","position":1,"name":"Home","item":"https:\/\/www.bob-snail.com\/hu\/"},{"@type":"ListItem","position":2,"name":"Products","item":"https:\/\/www.bob-snail.com\/hu\/shop\/"},{"@type":"ListItem","position":3,"name":"Snail City"}]},{"@type":"WebSite","@id":"https:\/\/www.bob-snail.com\/hu\/#website","url":"https:\/\/www.bob-snail.com\/hu\/","name":"Bob Snail","description":"","potentialAction":[{"@type":"SearchAction","target":{"@type":"EntryPoint","urlTemplate":"https:\/\/www.bob-snail.com\/hu\/?s={search_term_string}"},"query-input":{"@type":"PropertyValueSpecification","valueRequired":true,"valueName":"search_term_string"}}],"inLanguage":"en-US"}]}},"_links":{"self":[{"href":"https:\/\/www.bob-snail.com\/hu\/wp-json\/wp\/v2\/product\/3421","targetHints":{"allow":["GET"]}}],"collection":[{"href":"https:\/\/www.bob-snail.com\/hu\/wp-json\/wp\/v2\/product"}],"about":[{"href":"https:\/\/www.bob-snail.com\/hu\/wp-json\/wp\/v2\/types\/product"}],"replies":[{"embeddable":true,"href":"https:\/\/www.bob-snail.com\/hu\/wp-json\/wp\/v2\/comments?post=3421"}],"wp:featuredmedia":[{"embeddable":true,"href":"https:\/\/www.bob-snail.com\/hu\/wp-json\/wp\/v2\/media\/3422"}],"wp:attachment":[{"href":"https:\/\/www.bob-snail.com\/hu\/wp-json\/wp\/v2\/media?parent=3421"}],"wp:term":[{"taxonomy":"product_brand","embeddable":true,"href":"https:\/\/www.bob-snail.com\/hu\/wp-json\/wp\/v2\/product_brand?post=3421"},{"taxonomy":"product_cat","embeddable":true,"href":"https:\/\/www.bob-snail.com\/hu\/wp-json\/wp\/v2\/product_cat?post=3421"},{"taxonomy":"product_tag","embeddable":true,"href":"https:\/\/www.bob-snail.com\/hu\/wp-json\/wp\/v2\/product_tag?post=3421"}],"curies":[{"name":"wp","href":"https:\/\/api.w.org\/{rel}","templated":true}]}}