{"id":3408,"date":"2025-11-21T14:51:12","date_gmt":"2025-11-21T14:51:12","guid":{"rendered":"https:\/\/www.bob-snail.com\/hu\/?post_type=product&#038;p=3408"},"modified":"2025-11-21T14:55:44","modified_gmt":"2025-11-21T14:55:44","slug":"a-kicsi-karacsonyi-doboz","status":"publish","type":"product","link":"https:\/\/www.bob-snail.com\/hu\/product\/a-kicsi-karacsonyi-doboz\/","title":{"rendered":"A Kicsi Kar\u00e1csonyi Doboz"},"content":{"rendered":"<p><span style=\"font-weight: 400;\">A Kicsi Kar\u00e1csonyi Doboz \u2013 t\u00f6k\u00e9letes aj\u00e1nd\u00e9k, ha bar\u00e1tokat vagy csal\u00e1dot l\u00e1togatsz meg. Biztos vagyok benne, hogy mindenki im\u00e1dni fogja a j\u00e1t\u00e9kok \u00e9s gy\u00fcm\u00f6lcs\u00f6s finoms\u00e1gok k\u00fcl\u00f6nleges kombin\u00e1ci\u00f3j\u00e1t.<\/span><\/p>\n<p><span style=\"font-weight: 400;\">A dobozban tal\u00e1lsz:<\/span><\/p>\n<p><span style=\"font-weight: 400;\">&#8211; gy\u00fcm\u00f6lcstekercseket hozz\u00e1adott cukor n\u00e9lk\u00fcl<\/span><\/p>\n<p><span style=\"font-weight: 400;\">&#8211; Eat&amp;Play csomagot egy gy\u0171jthet\u0151 Snail City figur\u00e1val<\/span><\/p>\n<p><span style=\"font-weight: 400;\">&#8211; 3D-s matrica szettet<\/span><\/p>\n<p><span style=\"font-weight: 400;\">&#8211; h\u00e1rom h\u0171t\u0151m\u00e1gnest<\/span><\/p>\n<p><span style=\"font-weight: 400;\">\u00c9s ez m\u00e9g nem minden! A Kicsi Kar\u00e1csonyi Dobozban egy J\u00f6v\u0151be l\u00e1t\u00f3 g\u00f6mb is v\u00e1r r\u00e1d \u2013 a var\u00e1zsg\u00f6mb pap\u00edrv\u00e1ltozata! Hajtsd \u00f6ssze az \u00fatmutat\u00f3 szerint, tedd fel a leg\u00e9get\u0151bb j\u00f6v\u0151t \u00e9rint\u0151 k\u00e9rd\u00e9seidet \u00e9s k\u00e1pr\u00e1ztasd el bar\u00e1taidat a j\u00f3slataival!<\/span><\/p>\n","protected":false},"excerpt":{"rendered":"<p>A Kicsi Kar\u00e1csonyi Doboz \u2013 t\u00f6k\u00e9letes aj\u00e1nd\u00e9k, ha bar\u00e1tokat vagy csal\u00e1dot l\u00e1togatsz meg. Biztos vagyok benne, hogy mindenki im\u00e1dni fogja a j\u00e1t\u00e9kok \u00e9s gy\u00fcm\u00f6lcs\u00f6s finoms\u00e1gok k\u00fcl\u00f6nleges kombin\u00e1ci\u00f3j\u00e1t. A dobozban tal\u00e1lsz: &#8211; gy\u00fcm\u00f6lcstekercseket hozz\u00e1adott cukor n\u00e9lk\u00fcl &#8211; Eat&amp;Play csomagot egy gy\u0171jthet\u0151 Snail City figur\u00e1val &#8211; 3D-s matrica szettet &#8211; h\u00e1rom h\u0171t\u0151m\u00e1gnest \u00c9s ez m\u00e9g nem minden! [&hellip;]<\/p>\n","protected":false},"featured_media":3409,"comment_status":"open","ping_status":"closed","template":"","meta":{"_acf_changed":false},"product_brand":[],"product_cat":[100],"product_tag":[],"class_list":{"0":"post-3408","1":"product","2":"type-product","3":"status-publish","4":"has-post-thumbnail","6":"product_cat-karacsonyi-csomagok","7":"weight_taxonomy-140g","9":"first","10":"instock","11":"shipping-taxable","12":"purchasable","13":"product-type-simple"},"acf":[],"yoast_head":"<!-- This site is optimized with the Yoast SEO plugin v26.6 - https:\/\/yoast.com\/wordpress\/plugins\/seo\/ -->\n<title>A Kicsi Kar\u00e1csonyi Doboz - Bob Snail<\/title>\n<meta name=\"description\" content=\"A Kicsi Kar\u00e1csonyi Doboz. No added sugar, colourants, or preservatives. My treats are made from all things natural\ud83c\udf1f\" \/>\n<meta name=\"robots\" content=\"index, follow, max-snippet:-1, max-image-preview:large, max-video-preview:-1\" \/>\n<link rel=\"canonical\" href=\"https:\/\/www.bob-snail.com\/hu\/product\/a-kicsi-karacsonyi-doboz\/\" \/>\n<meta property=\"og:locale\" content=\"en_US\" \/>\n<meta property=\"og:type\" content=\"article\" \/>\n<meta property=\"og:title\" content=\"A Kicsi Kar\u00e1csonyi Doboz - Bob Snail\" \/>\n<meta property=\"og:description\" content=\"A Kicsi Kar\u00e1csonyi Doboz. No added sugar, colourants, or preservatives. My treats are made from all things natural\ud83c\udf1f\" \/>\n<meta property=\"og:url\" content=\"https:\/\/www.bob-snail.com\/hu\/product\/a-kicsi-karacsonyi-doboz\/\" \/>\n<meta property=\"og:site_name\" content=\"Bob Snail\" \/>\n<meta property=\"article:modified_time\" content=\"2025-11-21T14:55:44+00:00\" \/>\n<meta property=\"og:image\" content=\"https:\/\/www.bob-snail.com\/hu\/wp-content\/uploads\/sites\/25\/2025\/11\/SmallChrismasBox_2026_-1.webp\" \/>\n\t<meta property=\"og:image:width\" content=\"1280\" \/>\n\t<meta property=\"og:image:height\" content=\"1280\" \/>\n\t<meta property=\"og:image:type\" content=\"image\/webp\" \/>\n<meta name=\"twitter:card\" content=\"summary_large_image\" \/>\n<meta name=\"twitter:label1\" content=\"Est. reading time\" \/>\n\t<meta name=\"twitter:data1\" content=\"1 minute\" \/>\n<script type=\"application\/ld+json\" class=\"yoast-schema-graph\">{\"@context\":\"https:\/\/schema.org\",\"@graph\":[{\"@type\":\"WebPage\",\"@id\":\"https:\/\/www.bob-snail.com\/hu\/product\/a-kicsi-karacsonyi-doboz\/\",\"url\":\"https:\/\/www.bob-snail.com\/hu\/product\/a-kicsi-karacsonyi-doboz\/\",\"name\":\"A Kicsi Kar\u00e1csonyi Doboz - Bob Snail\",\"isPartOf\":{\"@id\":\"https:\/\/www.bob-snail.com\/hu\/#website\"},\"primaryImageOfPage\":{\"@id\":\"https:\/\/www.bob-snail.com\/hu\/product\/a-kicsi-karacsonyi-doboz\/#primaryimage\"},\"image\":{\"@id\":\"https:\/\/www.bob-snail.com\/hu\/product\/a-kicsi-karacsonyi-doboz\/#primaryimage\"},\"thumbnailUrl\":\"https:\/\/www.bob-snail.com\/hu\/wp-content\/uploads\/sites\/25\/2025\/11\/SmallChrismasBox_2026_-1.webp\",\"datePublished\":\"2025-11-21T14:51:12+00:00\",\"dateModified\":\"2025-11-21T14:55:44+00:00\",\"description\":\"A Kicsi Kar\u00e1csonyi Doboz. No added sugar, colourants, or preservatives. My treats are made from all things natural\ud83c\udf1f\",\"breadcrumb\":{\"@id\":\"https:\/\/www.bob-snail.com\/hu\/product\/a-kicsi-karacsonyi-doboz\/#breadcrumb\"},\"inLanguage\":\"en-US\",\"potentialAction\":[{\"@type\":\"ReadAction\",\"target\":[\"https:\/\/www.bob-snail.com\/hu\/product\/a-kicsi-karacsonyi-doboz\/\"]}]},{\"@type\":\"ImageObject\",\"inLanguage\":\"en-US\",\"@id\":\"https:\/\/www.bob-snail.com\/hu\/product\/a-kicsi-karacsonyi-doboz\/#primaryimage\",\"url\":\"https:\/\/www.bob-snail.com\/hu\/wp-content\/uploads\/sites\/25\/2025\/11\/SmallChrismasBox_2026_-1.webp\",\"contentUrl\":\"https:\/\/www.bob-snail.com\/hu\/wp-content\/uploads\/sites\/25\/2025\/11\/SmallChrismasBox_2026_-1.webp\",\"width\":1280,\"height\":1280},{\"@type\":\"BreadcrumbList\",\"@id\":\"https:\/\/www.bob-snail.com\/hu\/product\/a-kicsi-karacsonyi-doboz\/#breadcrumb\",\"itemListElement\":[{\"@type\":\"ListItem\",\"position\":1,\"name\":\"Home\",\"item\":\"https:\/\/www.bob-snail.com\/hu\/\"},{\"@type\":\"ListItem\",\"position\":2,\"name\":\"Products\",\"item\":\"https:\/\/www.bob-snail.com\/hu\/shop\/\"},{\"@type\":\"ListItem\",\"position\":3,\"name\":\"A Kicsi Kar\u00e1csonyi Doboz\"}]},{\"@type\":\"WebSite\",\"@id\":\"https:\/\/www.bob-snail.com\/hu\/#website\",\"url\":\"https:\/\/www.bob-snail.com\/hu\/\",\"name\":\"Bob Snail\",\"description\":\"\",\"potentialAction\":[{\"@type\":\"SearchAction\",\"target\":{\"@type\":\"EntryPoint\",\"urlTemplate\":\"https:\/\/www.bob-snail.com\/hu\/?s={search_term_string}\"},\"query-input\":{\"@type\":\"PropertyValueSpecification\",\"valueRequired\":true,\"valueName\":\"search_term_string\"}}],\"inLanguage\":\"en-US\"}]}<\/script>\n<!-- \/ Yoast SEO plugin. -->","yoast_head_json":{"title":"A Kicsi Kar\u00e1csonyi Doboz - Bob Snail","description":"A Kicsi Kar\u00e1csonyi Doboz. No added sugar, colourants, or preservatives. My treats are made from all things natural\ud83c\udf1f","robots":{"index":"index","follow":"follow","max-snippet":"max-snippet:-1","max-image-preview":"max-image-preview:large","max-video-preview":"max-video-preview:-1"},"canonical":"https:\/\/www.bob-snail.com\/hu\/product\/a-kicsi-karacsonyi-doboz\/","og_locale":"en_US","og_type":"article","og_title":"A Kicsi Kar\u00e1csonyi Doboz - Bob Snail","og_description":"A Kicsi Kar\u00e1csonyi Doboz. No added sugar, colourants, or preservatives. My treats are made from all things natural\ud83c\udf1f","og_url":"https:\/\/www.bob-snail.com\/hu\/product\/a-kicsi-karacsonyi-doboz\/","og_site_name":"Bob Snail","article_modified_time":"2025-11-21T14:55:44+00:00","og_image":[{"width":1280,"height":1280,"url":"https:\/\/www.bob-snail.com\/hu\/wp-content\/uploads\/sites\/25\/2025\/11\/SmallChrismasBox_2026_-1.webp","type":"image\/webp"}],"twitter_card":"summary_large_image","twitter_misc":{"Est. reading time":"1 minute"},"schema":{"@context":"https:\/\/schema.org","@graph":[{"@type":"WebPage","@id":"https:\/\/www.bob-snail.com\/hu\/product\/a-kicsi-karacsonyi-doboz\/","url":"https:\/\/www.bob-snail.com\/hu\/product\/a-kicsi-karacsonyi-doboz\/","name":"A Kicsi Kar\u00e1csonyi Doboz - Bob Snail","isPartOf":{"@id":"https:\/\/www.bob-snail.com\/hu\/#website"},"primaryImageOfPage":{"@id":"https:\/\/www.bob-snail.com\/hu\/product\/a-kicsi-karacsonyi-doboz\/#primaryimage"},"image":{"@id":"https:\/\/www.bob-snail.com\/hu\/product\/a-kicsi-karacsonyi-doboz\/#primaryimage"},"thumbnailUrl":"https:\/\/www.bob-snail.com\/hu\/wp-content\/uploads\/sites\/25\/2025\/11\/SmallChrismasBox_2026_-1.webp","datePublished":"2025-11-21T14:51:12+00:00","dateModified":"2025-11-21T14:55:44+00:00","description":"A Kicsi Kar\u00e1csonyi Doboz. No added sugar, colourants, or preservatives. My treats are made from all things natural\ud83c\udf1f","breadcrumb":{"@id":"https:\/\/www.bob-snail.com\/hu\/product\/a-kicsi-karacsonyi-doboz\/#breadcrumb"},"inLanguage":"en-US","potentialAction":[{"@type":"ReadAction","target":["https:\/\/www.bob-snail.com\/hu\/product\/a-kicsi-karacsonyi-doboz\/"]}]},{"@type":"ImageObject","inLanguage":"en-US","@id":"https:\/\/www.bob-snail.com\/hu\/product\/a-kicsi-karacsonyi-doboz\/#primaryimage","url":"https:\/\/www.bob-snail.com\/hu\/wp-content\/uploads\/sites\/25\/2025\/11\/SmallChrismasBox_2026_-1.webp","contentUrl":"https:\/\/www.bob-snail.com\/hu\/wp-content\/uploads\/sites\/25\/2025\/11\/SmallChrismasBox_2026_-1.webp","width":1280,"height":1280},{"@type":"BreadcrumbList","@id":"https:\/\/www.bob-snail.com\/hu\/product\/a-kicsi-karacsonyi-doboz\/#breadcrumb","itemListElement":[{"@type":"ListItem","position":1,"name":"Home","item":"https:\/\/www.bob-snail.com\/hu\/"},{"@type":"ListItem","position":2,"name":"Products","item":"https:\/\/www.bob-snail.com\/hu\/shop\/"},{"@type":"ListItem","position":3,"name":"A Kicsi Kar\u00e1csonyi Doboz"}]},{"@type":"WebSite","@id":"https:\/\/www.bob-snail.com\/hu\/#website","url":"https:\/\/www.bob-snail.com\/hu\/","name":"Bob Snail","description":"","potentialAction":[{"@type":"SearchAction","target":{"@type":"EntryPoint","urlTemplate":"https:\/\/www.bob-snail.com\/hu\/?s={search_term_string}"},"query-input":{"@type":"PropertyValueSpecification","valueRequired":true,"valueName":"search_term_string"}}],"inLanguage":"en-US"}]}},"_links":{"self":[{"href":"https:\/\/www.bob-snail.com\/hu\/wp-json\/wp\/v2\/product\/3408","targetHints":{"allow":["GET"]}}],"collection":[{"href":"https:\/\/www.bob-snail.com\/hu\/wp-json\/wp\/v2\/product"}],"about":[{"href":"https:\/\/www.bob-snail.com\/hu\/wp-json\/wp\/v2\/types\/product"}],"replies":[{"embeddable":true,"href":"https:\/\/www.bob-snail.com\/hu\/wp-json\/wp\/v2\/comments?post=3408"}],"wp:featuredmedia":[{"embeddable":true,"href":"https:\/\/www.bob-snail.com\/hu\/wp-json\/wp\/v2\/media\/3409"}],"wp:attachment":[{"href":"https:\/\/www.bob-snail.com\/hu\/wp-json\/wp\/v2\/media?parent=3408"}],"wp:term":[{"taxonomy":"product_brand","embeddable":true,"href":"https:\/\/www.bob-snail.com\/hu\/wp-json\/wp\/v2\/product_brand?post=3408"},{"taxonomy":"product_cat","embeddable":true,"href":"https:\/\/www.bob-snail.com\/hu\/wp-json\/wp\/v2\/product_cat?post=3408"},{"taxonomy":"product_tag","embeddable":true,"href":"https:\/\/www.bob-snail.com\/hu\/wp-json\/wp\/v2\/product_tag?post=3408"}],"curies":[{"name":"wp","href":"https:\/\/api.w.org\/{rel}","templated":true}]}}