{"id":3382,"date":"2025-11-21T14:36:40","date_gmt":"2025-11-21T14:36:40","guid":{"rendered":"https:\/\/www.bob-snail.com\/hu\/?post_type=product&#038;p=3382"},"modified":"2025-11-21T16:04:50","modified_gmt":"2025-11-21T16:04:50","slug":"adventi-naptar","status":"publish","type":"product","link":"https:\/\/www.bob-snail.com\/hu\/product\/adventi-naptar\/","title":{"rendered":"Adventi Napt\u00e1r"},"content":{"rendered":"<p><span style=\"font-weight: 400;\">Minden nap egy \u00faj aj\u00e1nd\u00e9k \u2013 j\u00f3l hangzik, ugye? Az \u00e1lmok val\u00f3ra v\u00e1lt\u00e1sa az \u00e9n szuperer\u0151m, ez\u00e9rt alkottam meg ezt az izgalmas Adventi Napt\u00e1rt!<\/span><\/p>\n<p><span style=\"font-weight: 400;\">A 24 titokzatos ablak igazi kincseket rejt:<\/span><\/p>\n<p><span style=\"font-weight: 400;\">&#8211; a teljes Snail City j\u00e1t\u00e9kkollekci\u00f3t<\/span><\/p>\n<p><span style=\"font-weight: 400;\">&#8211; hozz\u00e1adott cukor n\u00e9lk\u00fcli gy\u00fcm\u00f6lcstekercseket \u00e9s gy\u00fcm\u00f6lcs snacket<\/span><\/p>\n<p><span style=\"font-weight: 400;\">&#8211; h\u0171t\u0151m\u00e1gneseket<\/span><\/p>\n<p><span style=\"font-weight: 400;\">Nyiss ki minden nap egy kis aj\u00e1nd\u00e9kot, \u00e9s sz\u00e1mold a napokat kar\u00e1csonyig vid\u00e1m hangulatban!<\/span><\/p>\n","protected":false},"excerpt":{"rendered":"<p>Minden nap egy \u00faj aj\u00e1nd\u00e9k \u2013 j\u00f3l hangzik, ugye? Az \u00e1lmok val\u00f3ra v\u00e1lt\u00e1sa az \u00e9n szuperer\u0151m, ez\u00e9rt alkottam meg ezt az izgalmas Adventi Napt\u00e1rt! A 24 titokzatos ablak igazi kincseket rejt: &#8211; a teljes Snail City j\u00e1t\u00e9kkollekci\u00f3t &#8211; hozz\u00e1adott cukor n\u00e9lk\u00fcli gy\u00fcm\u00f6lcstekercseket \u00e9s gy\u00fcm\u00f6lcs snacket &#8211; h\u0171t\u0151m\u00e1gneseket Nyiss ki minden nap egy kis aj\u00e1nd\u00e9kot, \u00e9s [&hellip;]<\/p>\n","protected":false},"featured_media":3383,"comment_status":"open","ping_status":"closed","template":"","meta":{"_acf_changed":false},"product_brand":[],"product_cat":[100],"product_tag":[],"class_list":{"0":"post-3382","1":"product","2":"type-product","3":"status-publish","4":"has-post-thumbnail","6":"product_cat-karacsonyi-csomagok","7":"weight_taxonomy-97g","9":"first","10":"instock","11":"shipping-taxable","12":"purchasable","13":"product-type-simple"},"acf":[],"yoast_head":"<!-- This site is optimized with the Yoast SEO plugin v26.6 - https:\/\/yoast.com\/wordpress\/plugins\/seo\/ -->\n<title>Adventi Napt\u00e1r - Bob Snail<\/title>\n<meta name=\"description\" content=\"Adventi Napt\u00e1r. No added sugar, colourants, or preservatives. My treats are made from all things natural\ud83c\udf1f\" \/>\n<meta name=\"robots\" content=\"index, follow, max-snippet:-1, max-image-preview:large, max-video-preview:-1\" \/>\n<link rel=\"canonical\" href=\"https:\/\/www.bob-snail.com\/hu\/product\/adventi-naptar\/\" \/>\n<meta property=\"og:locale\" content=\"en_US\" \/>\n<meta property=\"og:type\" content=\"article\" \/>\n<meta property=\"og:title\" content=\"Adventi Napt\u00e1r - Bob Snail\" \/>\n<meta property=\"og:description\" content=\"Adventi Napt\u00e1r. No added sugar, colourants, or preservatives. My treats are made from all things natural\ud83c\udf1f\" \/>\n<meta property=\"og:url\" content=\"https:\/\/www.bob-snail.com\/hu\/product\/adventi-naptar\/\" \/>\n<meta property=\"og:site_name\" content=\"Bob Snail\" \/>\n<meta property=\"article:modified_time\" content=\"2025-11-21T16:04:50+00:00\" \/>\n<meta property=\"og:image\" content=\"https:\/\/www.bob-snail.com\/hu\/wp-content\/uploads\/sites\/25\/2025\/11\/Advent_2026_-1.webp\" \/>\n\t<meta property=\"og:image:width\" content=\"1280\" \/>\n\t<meta property=\"og:image:height\" content=\"1280\" \/>\n\t<meta property=\"og:image:type\" content=\"image\/webp\" \/>\n<meta name=\"twitter:card\" content=\"summary_large_image\" \/>\n<meta name=\"twitter:label1\" content=\"Est. reading time\" \/>\n\t<meta name=\"twitter:data1\" content=\"1 minute\" \/>\n<script type=\"application\/ld+json\" class=\"yoast-schema-graph\">{\"@context\":\"https:\/\/schema.org\",\"@graph\":[{\"@type\":\"WebPage\",\"@id\":\"https:\/\/www.bob-snail.com\/hu\/product\/adventi-naptar\/\",\"url\":\"https:\/\/www.bob-snail.com\/hu\/product\/adventi-naptar\/\",\"name\":\"Adventi Napt\u00e1r - Bob Snail\",\"isPartOf\":{\"@id\":\"https:\/\/www.bob-snail.com\/hu\/#website\"},\"primaryImageOfPage\":{\"@id\":\"https:\/\/www.bob-snail.com\/hu\/product\/adventi-naptar\/#primaryimage\"},\"image\":{\"@id\":\"https:\/\/www.bob-snail.com\/hu\/product\/adventi-naptar\/#primaryimage\"},\"thumbnailUrl\":\"https:\/\/www.bob-snail.com\/hu\/wp-content\/uploads\/sites\/25\/2025\/11\/Advent_2026_-1.webp\",\"datePublished\":\"2025-11-21T14:36:40+00:00\",\"dateModified\":\"2025-11-21T16:04:50+00:00\",\"description\":\"Adventi Napt\u00e1r. No added sugar, colourants, or preservatives. My treats are made from all things natural\ud83c\udf1f\",\"breadcrumb\":{\"@id\":\"https:\/\/www.bob-snail.com\/hu\/product\/adventi-naptar\/#breadcrumb\"},\"inLanguage\":\"en-US\",\"potentialAction\":[{\"@type\":\"ReadAction\",\"target\":[\"https:\/\/www.bob-snail.com\/hu\/product\/adventi-naptar\/\"]}]},{\"@type\":\"ImageObject\",\"inLanguage\":\"en-US\",\"@id\":\"https:\/\/www.bob-snail.com\/hu\/product\/adventi-naptar\/#primaryimage\",\"url\":\"https:\/\/www.bob-snail.com\/hu\/wp-content\/uploads\/sites\/25\/2025\/11\/Advent_2026_-1.webp\",\"contentUrl\":\"https:\/\/www.bob-snail.com\/hu\/wp-content\/uploads\/sites\/25\/2025\/11\/Advent_2026_-1.webp\",\"width\":1280,\"height\":1280},{\"@type\":\"BreadcrumbList\",\"@id\":\"https:\/\/www.bob-snail.com\/hu\/product\/adventi-naptar\/#breadcrumb\",\"itemListElement\":[{\"@type\":\"ListItem\",\"position\":1,\"name\":\"Home\",\"item\":\"https:\/\/www.bob-snail.com\/hu\/\"},{\"@type\":\"ListItem\",\"position\":2,\"name\":\"Products\",\"item\":\"https:\/\/www.bob-snail.com\/hu\/shop\/\"},{\"@type\":\"ListItem\",\"position\":3,\"name\":\"Adventi Napt\u00e1r\"}]},{\"@type\":\"WebSite\",\"@id\":\"https:\/\/www.bob-snail.com\/hu\/#website\",\"url\":\"https:\/\/www.bob-snail.com\/hu\/\",\"name\":\"Bob Snail\",\"description\":\"\",\"potentialAction\":[{\"@type\":\"SearchAction\",\"target\":{\"@type\":\"EntryPoint\",\"urlTemplate\":\"https:\/\/www.bob-snail.com\/hu\/?s={search_term_string}\"},\"query-input\":{\"@type\":\"PropertyValueSpecification\",\"valueRequired\":true,\"valueName\":\"search_term_string\"}}],\"inLanguage\":\"en-US\"}]}<\/script>\n<!-- \/ Yoast SEO plugin. -->","yoast_head_json":{"title":"Adventi Napt\u00e1r - Bob Snail","description":"Adventi Napt\u00e1r. No added sugar, colourants, or preservatives. My treats are made from all things natural\ud83c\udf1f","robots":{"index":"index","follow":"follow","max-snippet":"max-snippet:-1","max-image-preview":"max-image-preview:large","max-video-preview":"max-video-preview:-1"},"canonical":"https:\/\/www.bob-snail.com\/hu\/product\/adventi-naptar\/","og_locale":"en_US","og_type":"article","og_title":"Adventi Napt\u00e1r - Bob Snail","og_description":"Adventi Napt\u00e1r. No added sugar, colourants, or preservatives. My treats are made from all things natural\ud83c\udf1f","og_url":"https:\/\/www.bob-snail.com\/hu\/product\/adventi-naptar\/","og_site_name":"Bob Snail","article_modified_time":"2025-11-21T16:04:50+00:00","og_image":[{"width":1280,"height":1280,"url":"https:\/\/www.bob-snail.com\/hu\/wp-content\/uploads\/sites\/25\/2025\/11\/Advent_2026_-1.webp","type":"image\/webp"}],"twitter_card":"summary_large_image","twitter_misc":{"Est. reading time":"1 minute"},"schema":{"@context":"https:\/\/schema.org","@graph":[{"@type":"WebPage","@id":"https:\/\/www.bob-snail.com\/hu\/product\/adventi-naptar\/","url":"https:\/\/www.bob-snail.com\/hu\/product\/adventi-naptar\/","name":"Adventi Napt\u00e1r - Bob Snail","isPartOf":{"@id":"https:\/\/www.bob-snail.com\/hu\/#website"},"primaryImageOfPage":{"@id":"https:\/\/www.bob-snail.com\/hu\/product\/adventi-naptar\/#primaryimage"},"image":{"@id":"https:\/\/www.bob-snail.com\/hu\/product\/adventi-naptar\/#primaryimage"},"thumbnailUrl":"https:\/\/www.bob-snail.com\/hu\/wp-content\/uploads\/sites\/25\/2025\/11\/Advent_2026_-1.webp","datePublished":"2025-11-21T14:36:40+00:00","dateModified":"2025-11-21T16:04:50+00:00","description":"Adventi Napt\u00e1r. No added sugar, colourants, or preservatives. My treats are made from all things natural\ud83c\udf1f","breadcrumb":{"@id":"https:\/\/www.bob-snail.com\/hu\/product\/adventi-naptar\/#breadcrumb"},"inLanguage":"en-US","potentialAction":[{"@type":"ReadAction","target":["https:\/\/www.bob-snail.com\/hu\/product\/adventi-naptar\/"]}]},{"@type":"ImageObject","inLanguage":"en-US","@id":"https:\/\/www.bob-snail.com\/hu\/product\/adventi-naptar\/#primaryimage","url":"https:\/\/www.bob-snail.com\/hu\/wp-content\/uploads\/sites\/25\/2025\/11\/Advent_2026_-1.webp","contentUrl":"https:\/\/www.bob-snail.com\/hu\/wp-content\/uploads\/sites\/25\/2025\/11\/Advent_2026_-1.webp","width":1280,"height":1280},{"@type":"BreadcrumbList","@id":"https:\/\/www.bob-snail.com\/hu\/product\/adventi-naptar\/#breadcrumb","itemListElement":[{"@type":"ListItem","position":1,"name":"Home","item":"https:\/\/www.bob-snail.com\/hu\/"},{"@type":"ListItem","position":2,"name":"Products","item":"https:\/\/www.bob-snail.com\/hu\/shop\/"},{"@type":"ListItem","position":3,"name":"Adventi Napt\u00e1r"}]},{"@type":"WebSite","@id":"https:\/\/www.bob-snail.com\/hu\/#website","url":"https:\/\/www.bob-snail.com\/hu\/","name":"Bob Snail","description":"","potentialAction":[{"@type":"SearchAction","target":{"@type":"EntryPoint","urlTemplate":"https:\/\/www.bob-snail.com\/hu\/?s={search_term_string}"},"query-input":{"@type":"PropertyValueSpecification","valueRequired":true,"valueName":"search_term_string"}}],"inLanguage":"en-US"}]}},"_links":{"self":[{"href":"https:\/\/www.bob-snail.com\/hu\/wp-json\/wp\/v2\/product\/3382","targetHints":{"allow":["GET"]}}],"collection":[{"href":"https:\/\/www.bob-snail.com\/hu\/wp-json\/wp\/v2\/product"}],"about":[{"href":"https:\/\/www.bob-snail.com\/hu\/wp-json\/wp\/v2\/types\/product"}],"replies":[{"embeddable":true,"href":"https:\/\/www.bob-snail.com\/hu\/wp-json\/wp\/v2\/comments?post=3382"}],"wp:featuredmedia":[{"embeddable":true,"href":"https:\/\/www.bob-snail.com\/hu\/wp-json\/wp\/v2\/media\/3383"}],"wp:attachment":[{"href":"https:\/\/www.bob-snail.com\/hu\/wp-json\/wp\/v2\/media?parent=3382"}],"wp:term":[{"taxonomy":"product_brand","embeddable":true,"href":"https:\/\/www.bob-snail.com\/hu\/wp-json\/wp\/v2\/product_brand?post=3382"},{"taxonomy":"product_cat","embeddable":true,"href":"https:\/\/www.bob-snail.com\/hu\/wp-json\/wp\/v2\/product_cat?post=3382"},{"taxonomy":"product_tag","embeddable":true,"href":"https:\/\/www.bob-snail.com\/hu\/wp-json\/wp\/v2\/product_tag?post=3382"}],"curies":[{"name":"wp","href":"https:\/\/api.w.org\/{rel}","templated":true}]}}