{"id":3358,"date":"2025-11-12T11:31:32","date_gmt":"2025-11-12T11:31:32","guid":{"rendered":"https:\/\/www.bob-snail.com\/hu\/?post_type=product&#038;p=3358"},"modified":"2025-11-12T11:51:29","modified_gmt":"2025-11-12T11:51:29","slug":"play-music-fest","status":"publish","type":"product","link":"https:\/\/www.bob-snail.com\/hu\/product\/play-music-fest\/","title":{"rendered":"PLAY MUSIC FEST"},"content":{"rendered":"<p><span style=\"font-weight: 400;\">\u00d6tv\u00f6z\u00f6m az igazi gy\u00fcm\u00f6lcs snackeket gy\u0171jthet\u0151 j\u00e1t\u00e9kokkal, hogy a nassol\u00e1s m\u00e9g sz\u00f3rakoztat\u00f3bb legyen!<\/span><\/p>\n<p><span style=\"font-weight: 400;\">Minden Play doboz tartalmaz:<\/span><\/p>\n<p><span style=\"font-weight: 400;\">\u2013 K\u00e9t gy\u00fcm\u00f6lcs tekercset (nincs benne cukor, csak gy\u00fcm\u00f6lcs)<\/span><\/p>\n<p><span style=\"font-weight: 400;\">\u2013 Egy meglepet\u00e9s j\u00e1t\u00e9kot saj\u00e1t n\u00e9vvel \u00e9s szem\u00e9lyis\u00e9ggel \u2013 gy\u0171jtsd \u00f6ssze mindet!<\/span><\/p>\n<p><span style=\"font-weight: 400;\">\u2013 Egy gy\u0171jt\u0151k\u00e1rty\u00e1t, hogy k\u00f6vethesd a kis csigabrig\u00e1dot!<\/span><\/p>\n<p><span style=\"font-weight: 400;\">A Play Music Fest t\u00f6k\u00e9letes gyerekzs\u00farokra, jutalomk\u00e9nt vagy a mindennapi \u00f6r\u00f6m\u00f6k r\u00e9szek\u00e9nt.<\/span><\/p>\n","protected":false},"excerpt":{"rendered":"<p>\u00d6tv\u00f6z\u00f6m az igazi gy\u00fcm\u00f6lcs snackeket gy\u0171jthet\u0151 j\u00e1t\u00e9kokkal, hogy a nassol\u00e1s m\u00e9g sz\u00f3rakoztat\u00f3bb legyen! Minden Play doboz tartalmaz: \u2013 K\u00e9t gy\u00fcm\u00f6lcs tekercset (nincs benne cukor, csak gy\u00fcm\u00f6lcs) \u2013 Egy meglepet\u00e9s j\u00e1t\u00e9kot saj\u00e1t n\u00e9vvel \u00e9s szem\u00e9lyis\u00e9ggel \u2013 gy\u0171jtsd \u00f6ssze mindet! \u2013 Egy gy\u0171jt\u0151k\u00e1rty\u00e1t, hogy k\u00f6vethesd a kis csigabrig\u00e1dot! A Play Music Fest t\u00f6k\u00e9letes gyerekzs\u00farokra, jutalomk\u00e9nt vagy a [&hellip;]<\/p>\n","protected":false},"featured_media":3359,"comment_status":"open","ping_status":"closed","template":"","meta":{"_acf_changed":false},"product_brand":[],"product_cat":[80],"product_tag":[],"class_list":{"0":"post-3358","1":"product","2":"type-product","3":"status-publish","4":"has-post-thumbnail","6":"product_cat-bob-snail-play","7":"weight_taxonomy-20g","9":"first","10":"instock","11":"shipping-taxable","12":"purchasable","13":"product-type-simple"},"acf":[],"yoast_head":"<!-- This site is optimized with the Yoast SEO plugin v26.6 - https:\/\/yoast.com\/wordpress\/plugins\/seo\/ -->\n<title>PLAY MUSIC FEST - Bob Snail<\/title>\n<meta name=\"description\" content=\"PLAY MUSIC FEST. No added sugar, colourants, or preservatives. My treats are made from all things natural\ud83c\udf1f\" \/>\n<meta name=\"robots\" content=\"index, follow, max-snippet:-1, max-image-preview:large, max-video-preview:-1\" \/>\n<link rel=\"canonical\" href=\"https:\/\/www.bob-snail.com\/hu\/product\/play-music-fest\/\" \/>\n<meta property=\"og:locale\" content=\"en_US\" \/>\n<meta property=\"og:type\" content=\"article\" \/>\n<meta property=\"og:title\" content=\"PLAY MUSIC FEST - Bob Snail\" \/>\n<meta property=\"og:description\" content=\"PLAY MUSIC FEST. No added sugar, colourants, or preservatives. My treats are made from all things natural\ud83c\udf1f\" \/>\n<meta property=\"og:url\" content=\"https:\/\/www.bob-snail.com\/hu\/product\/play-music-fest\/\" \/>\n<meta property=\"og:site_name\" content=\"Bob Snail\" \/>\n<meta property=\"article:modified_time\" content=\"2025-11-12T11:51:29+00:00\" \/>\n<meta property=\"og:image\" content=\"https:\/\/www.bob-snail.com\/hu\/wp-content\/uploads\/sites\/25\/2025\/11\/HU_eatplay_Music_-1.webp\" \/>\n\t<meta property=\"og:image:width\" content=\"1280\" \/>\n\t<meta property=\"og:image:height\" content=\"1280\" \/>\n\t<meta property=\"og:image:type\" content=\"image\/webp\" \/>\n<meta name=\"twitter:card\" content=\"summary_large_image\" \/>\n<meta name=\"twitter:label1\" content=\"Est. reading time\" \/>\n\t<meta name=\"twitter:data1\" content=\"1 minute\" \/>\n<script type=\"application\/ld+json\" class=\"yoast-schema-graph\">{\"@context\":\"https:\/\/schema.org\",\"@graph\":[{\"@type\":\"WebPage\",\"@id\":\"https:\/\/www.bob-snail.com\/hu\/product\/play-music-fest\/\",\"url\":\"https:\/\/www.bob-snail.com\/hu\/product\/play-music-fest\/\",\"name\":\"PLAY MUSIC FEST - Bob Snail\",\"isPartOf\":{\"@id\":\"https:\/\/www.bob-snail.com\/hu\/#website\"},\"primaryImageOfPage\":{\"@id\":\"https:\/\/www.bob-snail.com\/hu\/product\/play-music-fest\/#primaryimage\"},\"image\":{\"@id\":\"https:\/\/www.bob-snail.com\/hu\/product\/play-music-fest\/#primaryimage\"},\"thumbnailUrl\":\"https:\/\/www.bob-snail.com\/hu\/wp-content\/uploads\/sites\/25\/2025\/11\/HU_eatplay_Music_-1.webp\",\"datePublished\":\"2025-11-12T11:31:32+00:00\",\"dateModified\":\"2025-11-12T11:51:29+00:00\",\"description\":\"PLAY MUSIC FEST. No added sugar, colourants, or preservatives. My treats are made from all things natural\ud83c\udf1f\",\"breadcrumb\":{\"@id\":\"https:\/\/www.bob-snail.com\/hu\/product\/play-music-fest\/#breadcrumb\"},\"inLanguage\":\"en-US\",\"potentialAction\":[{\"@type\":\"ReadAction\",\"target\":[\"https:\/\/www.bob-snail.com\/hu\/product\/play-music-fest\/\"]}]},{\"@type\":\"ImageObject\",\"inLanguage\":\"en-US\",\"@id\":\"https:\/\/www.bob-snail.com\/hu\/product\/play-music-fest\/#primaryimage\",\"url\":\"https:\/\/www.bob-snail.com\/hu\/wp-content\/uploads\/sites\/25\/2025\/11\/HU_eatplay_Music_-1.webp\",\"contentUrl\":\"https:\/\/www.bob-snail.com\/hu\/wp-content\/uploads\/sites\/25\/2025\/11\/HU_eatplay_Music_-1.webp\",\"width\":1280,\"height\":1280},{\"@type\":\"BreadcrumbList\",\"@id\":\"https:\/\/www.bob-snail.com\/hu\/product\/play-music-fest\/#breadcrumb\",\"itemListElement\":[{\"@type\":\"ListItem\",\"position\":1,\"name\":\"Home\",\"item\":\"https:\/\/www.bob-snail.com\/hu\/\"},{\"@type\":\"ListItem\",\"position\":2,\"name\":\"Products\",\"item\":\"https:\/\/www.bob-snail.com\/hu\/shop\/\"},{\"@type\":\"ListItem\",\"position\":3,\"name\":\"PLAY MUSIC FEST\"}]},{\"@type\":\"WebSite\",\"@id\":\"https:\/\/www.bob-snail.com\/hu\/#website\",\"url\":\"https:\/\/www.bob-snail.com\/hu\/\",\"name\":\"Bob Snail\",\"description\":\"\",\"potentialAction\":[{\"@type\":\"SearchAction\",\"target\":{\"@type\":\"EntryPoint\",\"urlTemplate\":\"https:\/\/www.bob-snail.com\/hu\/?s={search_term_string}\"},\"query-input\":{\"@type\":\"PropertyValueSpecification\",\"valueRequired\":true,\"valueName\":\"search_term_string\"}}],\"inLanguage\":\"en-US\"}]}<\/script>\n<!-- \/ Yoast SEO plugin. -->","yoast_head_json":{"title":"PLAY MUSIC FEST - Bob Snail","description":"PLAY MUSIC FEST. No added sugar, colourants, or preservatives. My treats are made from all things natural\ud83c\udf1f","robots":{"index":"index","follow":"follow","max-snippet":"max-snippet:-1","max-image-preview":"max-image-preview:large","max-video-preview":"max-video-preview:-1"},"canonical":"https:\/\/www.bob-snail.com\/hu\/product\/play-music-fest\/","og_locale":"en_US","og_type":"article","og_title":"PLAY MUSIC FEST - Bob Snail","og_description":"PLAY MUSIC FEST. No added sugar, colourants, or preservatives. My treats are made from all things natural\ud83c\udf1f","og_url":"https:\/\/www.bob-snail.com\/hu\/product\/play-music-fest\/","og_site_name":"Bob Snail","article_modified_time":"2025-11-12T11:51:29+00:00","og_image":[{"width":1280,"height":1280,"url":"https:\/\/www.bob-snail.com\/hu\/wp-content\/uploads\/sites\/25\/2025\/11\/HU_eatplay_Music_-1.webp","type":"image\/webp"}],"twitter_card":"summary_large_image","twitter_misc":{"Est. reading time":"1 minute"},"schema":{"@context":"https:\/\/schema.org","@graph":[{"@type":"WebPage","@id":"https:\/\/www.bob-snail.com\/hu\/product\/play-music-fest\/","url":"https:\/\/www.bob-snail.com\/hu\/product\/play-music-fest\/","name":"PLAY MUSIC FEST - Bob Snail","isPartOf":{"@id":"https:\/\/www.bob-snail.com\/hu\/#website"},"primaryImageOfPage":{"@id":"https:\/\/www.bob-snail.com\/hu\/product\/play-music-fest\/#primaryimage"},"image":{"@id":"https:\/\/www.bob-snail.com\/hu\/product\/play-music-fest\/#primaryimage"},"thumbnailUrl":"https:\/\/www.bob-snail.com\/hu\/wp-content\/uploads\/sites\/25\/2025\/11\/HU_eatplay_Music_-1.webp","datePublished":"2025-11-12T11:31:32+00:00","dateModified":"2025-11-12T11:51:29+00:00","description":"PLAY MUSIC FEST. No added sugar, colourants, or preservatives. My treats are made from all things natural\ud83c\udf1f","breadcrumb":{"@id":"https:\/\/www.bob-snail.com\/hu\/product\/play-music-fest\/#breadcrumb"},"inLanguage":"en-US","potentialAction":[{"@type":"ReadAction","target":["https:\/\/www.bob-snail.com\/hu\/product\/play-music-fest\/"]}]},{"@type":"ImageObject","inLanguage":"en-US","@id":"https:\/\/www.bob-snail.com\/hu\/product\/play-music-fest\/#primaryimage","url":"https:\/\/www.bob-snail.com\/hu\/wp-content\/uploads\/sites\/25\/2025\/11\/HU_eatplay_Music_-1.webp","contentUrl":"https:\/\/www.bob-snail.com\/hu\/wp-content\/uploads\/sites\/25\/2025\/11\/HU_eatplay_Music_-1.webp","width":1280,"height":1280},{"@type":"BreadcrumbList","@id":"https:\/\/www.bob-snail.com\/hu\/product\/play-music-fest\/#breadcrumb","itemListElement":[{"@type":"ListItem","position":1,"name":"Home","item":"https:\/\/www.bob-snail.com\/hu\/"},{"@type":"ListItem","position":2,"name":"Products","item":"https:\/\/www.bob-snail.com\/hu\/shop\/"},{"@type":"ListItem","position":3,"name":"PLAY MUSIC FEST"}]},{"@type":"WebSite","@id":"https:\/\/www.bob-snail.com\/hu\/#website","url":"https:\/\/www.bob-snail.com\/hu\/","name":"Bob Snail","description":"","potentialAction":[{"@type":"SearchAction","target":{"@type":"EntryPoint","urlTemplate":"https:\/\/www.bob-snail.com\/hu\/?s={search_term_string}"},"query-input":{"@type":"PropertyValueSpecification","valueRequired":true,"valueName":"search_term_string"}}],"inLanguage":"en-US"}]}},"_links":{"self":[{"href":"https:\/\/www.bob-snail.com\/hu\/wp-json\/wp\/v2\/product\/3358","targetHints":{"allow":["GET"]}}],"collection":[{"href":"https:\/\/www.bob-snail.com\/hu\/wp-json\/wp\/v2\/product"}],"about":[{"href":"https:\/\/www.bob-snail.com\/hu\/wp-json\/wp\/v2\/types\/product"}],"replies":[{"embeddable":true,"href":"https:\/\/www.bob-snail.com\/hu\/wp-json\/wp\/v2\/comments?post=3358"}],"wp:featuredmedia":[{"embeddable":true,"href":"https:\/\/www.bob-snail.com\/hu\/wp-json\/wp\/v2\/media\/3359"}],"wp:attachment":[{"href":"https:\/\/www.bob-snail.com\/hu\/wp-json\/wp\/v2\/media?parent=3358"}],"wp:term":[{"taxonomy":"product_brand","embeddable":true,"href":"https:\/\/www.bob-snail.com\/hu\/wp-json\/wp\/v2\/product_brand?post=3358"},{"taxonomy":"product_cat","embeddable":true,"href":"https:\/\/www.bob-snail.com\/hu\/wp-json\/wp\/v2\/product_cat?post=3358"},{"taxonomy":"product_tag","embeddable":true,"href":"https:\/\/www.bob-snail.com\/hu\/wp-json\/wp\/v2\/product_tag?post=3358"}],"curies":[{"name":"wp","href":"https:\/\/api.w.org\/{rel}","templated":true}]}}