{"id":3318,"date":"2025-11-21T14:12:48","date_gmt":"2025-11-21T14:12:48","guid":{"rendered":"https:\/\/www.bob-snail.com\/cz\/?post_type=product&#038;p=3318"},"modified":"2025-11-21T14:28:23","modified_gmt":"2025-11-21T14:28:23","slug":"bob-snail-express-fruit-start","status":"publish","type":"product","link":"https:\/\/www.bob-snail.com\/cz\/product\/bob-snail-express-fruit-start\/","title":{"rendered":"Bob Snail Express: Fruit Start"},"content":{"rendered":"<p><span style=\"font-weight: 400;\">V\u0161ichni na palubu! \u010cek\u00e1 v\u00e1s v\u00fdlet, kter\u00fd neza\u017eijete s \u017e\u00e1dnou cestovn\u00ed agenturou na sv\u011bt\u011b! Vytvo\u0159il jsem 9 origin\u00e1ln\u00edch design\u016f kovov\u00fdch lokomotiv Fruit Start &#8211; tady za\u010d\u00edn\u00e1 Bob Snail Expres. Ka\u017ed\u00e1 lokomotiva veze ovocn\u00e9 dobroty a p\u0159ekvapen\u00ed pro v\u00e1s i va\u0161e bl\u00edzk\u00e9.<\/span><\/p>\n<p><span style=\"font-weight: 400;\">Uvnit\u0159 lokomotivy najdete:<\/span><span style=\"font-weight: 400;\"><br \/>\n<\/span><span style=\"font-weight: 400;\">&#8211; ovocn\u00e9 dobroty bez p\u0159idan\u00e9ho cukru<\/span><span style=\"font-weight: 400;\"><br \/>\n<\/span><span style=\"font-weight: 400;\">&#8211; sadu Eat&amp;Play Snail City se sb\u011bratelskou zna\u010dkou<\/span><span style=\"font-weight: 400;\"><br \/>\n<\/span><span style=\"font-weight: 400;\">&#8211; bal\u00ed\u010dek 3D samolepek<\/span><span style=\"font-weight: 400;\"><br \/>\n<\/span><span style=\"font-weight: 400;\">&#8211; 3 magnetky na ledni\u010dku<\/span><span style=\"font-weight: 400;\"><br \/>\n<\/span><span style=\"font-weight: 400;\">&#8211; kouzelnou j\u00edzdenku<\/span><\/p>\n<p><span style=\"font-weight: 400;\">Posb\u00edrejte v\u0161echny lokomotivy, nebo si vyberte svou obl\u00edbenou a p\u0159ipojte k n\u00ed barevn\u00e9 vagonky \u2013 postavte si vlastn\u00ed vesel\u00fd vl\u00e1\u010dek!<\/span><\/p>\n","protected":false},"excerpt":{"rendered":"<p>V\u0161ichni na palubu! \u010cek\u00e1 v\u00e1s v\u00fdlet, kter\u00fd neza\u017eijete s \u017e\u00e1dnou cestovn\u00ed agenturou na sv\u011bt\u011b! Vytvo\u0159il jsem 9 origin\u00e1ln\u00edch design\u016f kovov\u00fdch lokomotiv Fruit Start &#8211; tady za\u010d\u00edn\u00e1 Bob Snail Expres. Ka\u017ed\u00e1 lokomotiva veze ovocn\u00e9 dobroty a p\u0159ekvapen\u00ed pro v\u00e1s i va\u0161e bl\u00edzk\u00e9. Uvnit\u0159 lokomotivy najdete: &#8211; ovocn\u00e9 dobroty bez p\u0159idan\u00e9ho cukru &#8211; sadu Eat&amp;Play Snail City [&hellip;]<\/p>\n","protected":false},"featured_media":3319,"comment_status":"open","ping_status":"closed","template":"","meta":{"_acf_changed":false},"product_brand":[],"product_cat":[99],"product_tag":[],"class_list":{"0":"post-3318","1":"product","2":"type-product","3":"status-publish","4":"has-post-thumbnail","6":"product_cat-vanocni-sady","7":"weight_taxonomy-108g","9":"first","10":"instock","11":"shipping-taxable","12":"purchasable","13":"product-type-simple"},"acf":[],"yoast_head":"<!-- This site is optimized with the Yoast SEO plugin v26.6 - https:\/\/yoast.com\/wordpress\/plugins\/seo\/ -->\n<title>Bob Snail Express: Fruit Start - Bob Snail<\/title>\n<meta name=\"description\" content=\"Bob Snail Express: Fruit Start. No added sugar, colourants, or preservatives. My treats are made from all things natural\ud83c\udf1f\" \/>\n<meta name=\"robots\" content=\"index, follow, max-snippet:-1, max-image-preview:large, max-video-preview:-1\" \/>\n<link rel=\"canonical\" href=\"https:\/\/www.bob-snail.com\/cz\/product\/bob-snail-express-fruit-start\/\" \/>\n<meta property=\"og:locale\" content=\"en_US\" \/>\n<meta property=\"og:type\" content=\"article\" \/>\n<meta property=\"og:title\" content=\"Bob Snail Express: Fruit Start - Bob Snail\" \/>\n<meta property=\"og:description\" content=\"Bob Snail Express: Fruit Start. No added sugar, colourants, or preservatives. My treats are made from all things natural\ud83c\udf1f\" \/>\n<meta property=\"og:url\" content=\"https:\/\/www.bob-snail.com\/cz\/product\/bob-snail-express-fruit-start\/\" \/>\n<meta property=\"og:site_name\" content=\"Bob Snail\" \/>\n<meta property=\"article:modified_time\" content=\"2025-11-21T14:28:23+00:00\" \/>\n<meta property=\"og:image\" content=\"https:\/\/www.bob-snail.com\/cz\/wp-content\/uploads\/sites\/24\/2025\/11\/locomotive_2026_-1.webp\" \/>\n\t<meta property=\"og:image:width\" content=\"1271\" \/>\n\t<meta property=\"og:image:height\" content=\"1280\" \/>\n\t<meta property=\"og:image:type\" content=\"image\/webp\" \/>\n<meta name=\"twitter:card\" content=\"summary_large_image\" \/>\n<meta name=\"twitter:label1\" content=\"Est. reading time\" \/>\n\t<meta name=\"twitter:data1\" content=\"1 minute\" \/>\n<script type=\"application\/ld+json\" class=\"yoast-schema-graph\">{\"@context\":\"https:\/\/schema.org\",\"@graph\":[{\"@type\":\"WebPage\",\"@id\":\"https:\/\/www.bob-snail.com\/cz\/product\/bob-snail-express-fruit-start\/\",\"url\":\"https:\/\/www.bob-snail.com\/cz\/product\/bob-snail-express-fruit-start\/\",\"name\":\"Bob Snail Express: Fruit Start - Bob Snail\",\"isPartOf\":{\"@id\":\"https:\/\/www.bob-snail.com\/cz\/#website\"},\"primaryImageOfPage\":{\"@id\":\"https:\/\/www.bob-snail.com\/cz\/product\/bob-snail-express-fruit-start\/#primaryimage\"},\"image\":{\"@id\":\"https:\/\/www.bob-snail.com\/cz\/product\/bob-snail-express-fruit-start\/#primaryimage\"},\"thumbnailUrl\":\"https:\/\/www.bob-snail.com\/cz\/wp-content\/uploads\/sites\/24\/2025\/11\/locomotive_2026_-1.webp\",\"datePublished\":\"2025-11-21T14:12:48+00:00\",\"dateModified\":\"2025-11-21T14:28:23+00:00\",\"description\":\"Bob Snail Express: Fruit Start. No added sugar, colourants, or preservatives. My treats are made from all things natural\ud83c\udf1f\",\"breadcrumb\":{\"@id\":\"https:\/\/www.bob-snail.com\/cz\/product\/bob-snail-express-fruit-start\/#breadcrumb\"},\"inLanguage\":\"en-US\",\"potentialAction\":[{\"@type\":\"ReadAction\",\"target\":[\"https:\/\/www.bob-snail.com\/cz\/product\/bob-snail-express-fruit-start\/\"]}]},{\"@type\":\"ImageObject\",\"inLanguage\":\"en-US\",\"@id\":\"https:\/\/www.bob-snail.com\/cz\/product\/bob-snail-express-fruit-start\/#primaryimage\",\"url\":\"https:\/\/www.bob-snail.com\/cz\/wp-content\/uploads\/sites\/24\/2025\/11\/locomotive_2026_-1.webp\",\"contentUrl\":\"https:\/\/www.bob-snail.com\/cz\/wp-content\/uploads\/sites\/24\/2025\/11\/locomotive_2026_-1.webp\",\"width\":1271,\"height\":1280},{\"@type\":\"BreadcrumbList\",\"@id\":\"https:\/\/www.bob-snail.com\/cz\/product\/bob-snail-express-fruit-start\/#breadcrumb\",\"itemListElement\":[{\"@type\":\"ListItem\",\"position\":1,\"name\":\"Home\",\"item\":\"https:\/\/www.bob-snail.com\/cz\/\"},{\"@type\":\"ListItem\",\"position\":2,\"name\":\"Products\",\"item\":\"https:\/\/www.bob-snail.com\/cz\/shop\/\"},{\"@type\":\"ListItem\",\"position\":3,\"name\":\"Bob Snail Express: Fruit Start\"}]},{\"@type\":\"WebSite\",\"@id\":\"https:\/\/www.bob-snail.com\/cz\/#website\",\"url\":\"https:\/\/www.bob-snail.com\/cz\/\",\"name\":\"Bob Snail\",\"description\":\"\",\"potentialAction\":[{\"@type\":\"SearchAction\",\"target\":{\"@type\":\"EntryPoint\",\"urlTemplate\":\"https:\/\/www.bob-snail.com\/cz\/?s={search_term_string}\"},\"query-input\":{\"@type\":\"PropertyValueSpecification\",\"valueRequired\":true,\"valueName\":\"search_term_string\"}}],\"inLanguage\":\"en-US\"}]}<\/script>\n<!-- \/ Yoast SEO plugin. -->","yoast_head_json":{"title":"Bob Snail Express: Fruit Start - Bob Snail","description":"Bob Snail Express: Fruit Start. No added sugar, colourants, or preservatives. My treats are made from all things natural\ud83c\udf1f","robots":{"index":"index","follow":"follow","max-snippet":"max-snippet:-1","max-image-preview":"max-image-preview:large","max-video-preview":"max-video-preview:-1"},"canonical":"https:\/\/www.bob-snail.com\/cz\/product\/bob-snail-express-fruit-start\/","og_locale":"en_US","og_type":"article","og_title":"Bob Snail Express: Fruit Start - Bob Snail","og_description":"Bob Snail Express: Fruit Start. No added sugar, colourants, or preservatives. My treats are made from all things natural\ud83c\udf1f","og_url":"https:\/\/www.bob-snail.com\/cz\/product\/bob-snail-express-fruit-start\/","og_site_name":"Bob Snail","article_modified_time":"2025-11-21T14:28:23+00:00","og_image":[{"width":1271,"height":1280,"url":"https:\/\/www.bob-snail.com\/cz\/wp-content\/uploads\/sites\/24\/2025\/11\/locomotive_2026_-1.webp","type":"image\/webp"}],"twitter_card":"summary_large_image","twitter_misc":{"Est. reading time":"1 minute"},"schema":{"@context":"https:\/\/schema.org","@graph":[{"@type":"WebPage","@id":"https:\/\/www.bob-snail.com\/cz\/product\/bob-snail-express-fruit-start\/","url":"https:\/\/www.bob-snail.com\/cz\/product\/bob-snail-express-fruit-start\/","name":"Bob Snail Express: Fruit Start - Bob Snail","isPartOf":{"@id":"https:\/\/www.bob-snail.com\/cz\/#website"},"primaryImageOfPage":{"@id":"https:\/\/www.bob-snail.com\/cz\/product\/bob-snail-express-fruit-start\/#primaryimage"},"image":{"@id":"https:\/\/www.bob-snail.com\/cz\/product\/bob-snail-express-fruit-start\/#primaryimage"},"thumbnailUrl":"https:\/\/www.bob-snail.com\/cz\/wp-content\/uploads\/sites\/24\/2025\/11\/locomotive_2026_-1.webp","datePublished":"2025-11-21T14:12:48+00:00","dateModified":"2025-11-21T14:28:23+00:00","description":"Bob Snail Express: Fruit Start. No added sugar, colourants, or preservatives. My treats are made from all things natural\ud83c\udf1f","breadcrumb":{"@id":"https:\/\/www.bob-snail.com\/cz\/product\/bob-snail-express-fruit-start\/#breadcrumb"},"inLanguage":"en-US","potentialAction":[{"@type":"ReadAction","target":["https:\/\/www.bob-snail.com\/cz\/product\/bob-snail-express-fruit-start\/"]}]},{"@type":"ImageObject","inLanguage":"en-US","@id":"https:\/\/www.bob-snail.com\/cz\/product\/bob-snail-express-fruit-start\/#primaryimage","url":"https:\/\/www.bob-snail.com\/cz\/wp-content\/uploads\/sites\/24\/2025\/11\/locomotive_2026_-1.webp","contentUrl":"https:\/\/www.bob-snail.com\/cz\/wp-content\/uploads\/sites\/24\/2025\/11\/locomotive_2026_-1.webp","width":1271,"height":1280},{"@type":"BreadcrumbList","@id":"https:\/\/www.bob-snail.com\/cz\/product\/bob-snail-express-fruit-start\/#breadcrumb","itemListElement":[{"@type":"ListItem","position":1,"name":"Home","item":"https:\/\/www.bob-snail.com\/cz\/"},{"@type":"ListItem","position":2,"name":"Products","item":"https:\/\/www.bob-snail.com\/cz\/shop\/"},{"@type":"ListItem","position":3,"name":"Bob Snail Express: Fruit Start"}]},{"@type":"WebSite","@id":"https:\/\/www.bob-snail.com\/cz\/#website","url":"https:\/\/www.bob-snail.com\/cz\/","name":"Bob Snail","description":"","potentialAction":[{"@type":"SearchAction","target":{"@type":"EntryPoint","urlTemplate":"https:\/\/www.bob-snail.com\/cz\/?s={search_term_string}"},"query-input":{"@type":"PropertyValueSpecification","valueRequired":true,"valueName":"search_term_string"}}],"inLanguage":"en-US"}]}},"_links":{"self":[{"href":"https:\/\/www.bob-snail.com\/cz\/wp-json\/wp\/v2\/product\/3318","targetHints":{"allow":["GET"]}}],"collection":[{"href":"https:\/\/www.bob-snail.com\/cz\/wp-json\/wp\/v2\/product"}],"about":[{"href":"https:\/\/www.bob-snail.com\/cz\/wp-json\/wp\/v2\/types\/product"}],"replies":[{"embeddable":true,"href":"https:\/\/www.bob-snail.com\/cz\/wp-json\/wp\/v2\/comments?post=3318"}],"wp:featuredmedia":[{"embeddable":true,"href":"https:\/\/www.bob-snail.com\/cz\/wp-json\/wp\/v2\/media\/3319"}],"wp:attachment":[{"href":"https:\/\/www.bob-snail.com\/cz\/wp-json\/wp\/v2\/media?parent=3318"}],"wp:term":[{"taxonomy":"product_brand","embeddable":true,"href":"https:\/\/www.bob-snail.com\/cz\/wp-json\/wp\/v2\/product_brand?post=3318"},{"taxonomy":"product_cat","embeddable":true,"href":"https:\/\/www.bob-snail.com\/cz\/wp-json\/wp\/v2\/product_cat?post=3318"},{"taxonomy":"product_tag","embeddable":true,"href":"https:\/\/www.bob-snail.com\/cz\/wp-json\/wp\/v2\/product_tag?post=3318"}],"curies":[{"name":"wp","href":"https:\/\/api.w.org\/{rel}","templated":true}]}}