{"id":2914,"date":"2025-11-04T11:29:46","date_gmt":"2025-11-04T11:29:46","guid":{"rendered":"https:\/\/www.bob-snail.com\/ca-fr\/?post_type=product&#038;p=2914"},"modified":"2026-01-22T20:07:01","modified_gmt":"2026-01-22T20:07:01","slug":"eatplay-disco","status":"publish","type":"product","link":"https:\/\/www.bob-snail.com\/ca-fr\/product\/eatplay-disco\/","title":{"rendered":"EAT&#038;PLAY DISCO"},"content":{"rendered":"<p><span style=\"font-weight: 400;\">J\u2019ai trouv\u00e9 la recette parfaite pour rendre l\u2019heure de la collation encore plus amusante : des collations aux fruits saines combin\u00e9es \u00e0 des jouets \u00e0 collectionner !<\/span><\/p>\n<p><span style=\"font-weight: 400;\">Chaque bo\u00eete contient :<\/span><\/p>\n<p><span style=\"font-weight: 400;\">\u2013 Un des 10 jouets uniques de la collection Disco<\/span><\/p>\n<p><span style=\"font-weight: 400;\">\u2013 Deux rouleaux aux fruits faits uniquement de vrais fruits et baies, sans sucre ajout\u00e9, sans agents de conservation, sans colorants ni ar\u00f4mes artificiels \u2013 sans gluten et sans noix<\/span><\/p>\n<p><span style=\"font-weight: 400;\">\u2013 Une carte \u00e0 collectionner avec tous les personnages<\/span><\/p>\n<p><span style=\"font-weight: 400;\">Eat &amp; Play, c\u2019est le cadeau parfait pour les enfants, peu importe l\u2019occasion ! Ces petits jouets rigolos apportent de la joie, stimulent l\u2019imagination et encouragent le jeu cr\u00e9atif.<\/span><\/p>\n<p><span style=\"font-weight: 400;\">Et quand vient le temps d\u2019une petite pause sucr\u00e9e, mes rouleaux aux fruits en forme amusante sont l\u00e0 pour offrir une collation aussi d\u00e9licieuse que naturelle.<\/span><\/p>\n<p><span style=\"font-weight: 400;\">Mangez, souriez et amusez-vous avec Bob Snail !<\/span><\/p>\n","protected":false},"excerpt":{"rendered":"<p>J\u2019ai trouv\u00e9 la recette parfaite pour rendre l\u2019heure de la collation encore plus amusante : des collations aux fruits saines combin\u00e9es \u00e0 des jouets \u00e0 collectionner ! Chaque bo\u00eete contient : \u2013 Un des 10 jouets uniques de la collection Disco \u2013 Deux rouleaux aux fruits faits uniquement de vrais fruits et baies, sans sucre [&hellip;]<\/p>\n","protected":false},"featured_media":2917,"comment_status":"open","ping_status":"closed","template":"","meta":{"_acf_changed":false},"product_brand":[],"product_cat":[80],"product_tag":[],"class_list":{"0":"post-2914","1":"product","2":"type-product","3":"status-publish","4":"has-post-thumbnail","6":"product_cat-bob-snail-play","7":"weight_taxonomy-20g","9":"first","10":"instock","11":"shipping-taxable","12":"purchasable","13":"product-type-simple"},"acf":[],"yoast_head":"<!-- This site is optimized with the Yoast SEO plugin v26.6 - https:\/\/yoast.com\/wordpress\/plugins\/seo\/ -->\n<title>EAT&amp;PLAY DISCO - Bob Snail<\/title>\n<meta name=\"description\" content=\"EAT&amp;PLAY DISCO. Sans sucre ajout\u00e9, colorant ni conservateur. Mes gourmandises sont enti\u00e8rement naturelles\ud83c\udf1f\" \/>\n<meta name=\"robots\" content=\"index, follow, max-snippet:-1, max-image-preview:large, max-video-preview:-1\" \/>\n<link rel=\"canonical\" href=\"https:\/\/www.bob-snail.com\/ca-fr\/product\/eatplay-disco\/\" \/>\n<meta property=\"og:locale\" content=\"en_US\" \/>\n<meta property=\"og:type\" content=\"article\" \/>\n<meta property=\"og:title\" content=\"EAT&amp;PLAY DISCO - Bob Snail\" \/>\n<meta property=\"og:description\" content=\"EAT&amp;PLAY DISCO. Sans sucre ajout\u00e9, colorant ni conservateur. Mes gourmandises sont enti\u00e8rement naturelles\ud83c\udf1f\" \/>\n<meta property=\"og:url\" content=\"https:\/\/www.bob-snail.com\/ca-fr\/product\/eatplay-disco\/\" \/>\n<meta property=\"og:site_name\" content=\"Bob Snail\" \/>\n<meta property=\"article:modified_time\" content=\"2026-01-22T20:07:01+00:00\" \/>\n<meta property=\"og:image\" content=\"https:\/\/www.bob-snail.com\/ca-fr\/wp-content\/uploads\/sites\/19\/2025\/11\/CAN_eat-play_disco_-1.webp\" \/>\n\t<meta property=\"og:image:width\" content=\"1280\" \/>\n\t<meta property=\"og:image:height\" content=\"1280\" \/>\n\t<meta property=\"og:image:type\" content=\"image\/webp\" \/>\n<meta name=\"twitter:card\" content=\"summary_large_image\" \/>\n<meta name=\"twitter:label1\" content=\"Est. reading time\" \/>\n\t<meta name=\"twitter:data1\" content=\"7 minutes\" \/>\n<script type=\"application\/ld+json\" class=\"yoast-schema-graph\">{\"@context\":\"https:\/\/schema.org\",\"@graph\":[{\"@type\":\"WebPage\",\"@id\":\"https:\/\/www.bob-snail.com\/ca-fr\/product\/eatplay-disco\/\",\"url\":\"https:\/\/www.bob-snail.com\/ca-fr\/product\/eatplay-disco\/\",\"name\":\"EAT&PLAY DISCO - Bob Snail\",\"isPartOf\":{\"@id\":\"https:\/\/www.bob-snail.com\/ca-fr\/#website\"},\"primaryImageOfPage\":{\"@id\":\"https:\/\/www.bob-snail.com\/ca-fr\/product\/eatplay-disco\/#primaryimage\"},\"image\":{\"@id\":\"https:\/\/www.bob-snail.com\/ca-fr\/product\/eatplay-disco\/#primaryimage\"},\"thumbnailUrl\":\"https:\/\/www.bob-snail.com\/ca-fr\/wp-content\/uploads\/sites\/19\/2025\/11\/CAN_eat-play_disco_-1.webp\",\"datePublished\":\"2025-11-04T11:29:46+00:00\",\"dateModified\":\"2026-01-22T20:07:01+00:00\",\"description\":\"EAT&PLAY DISCO. Sans sucre ajout\u00e9, colorant ni conservateur. Mes gourmandises sont enti\u00e8rement naturelles\ud83c\udf1f\",\"breadcrumb\":{\"@id\":\"https:\/\/www.bob-snail.com\/ca-fr\/product\/eatplay-disco\/#breadcrumb\"},\"inLanguage\":\"en-US\",\"potentialAction\":[{\"@type\":\"ReadAction\",\"target\":[\"https:\/\/www.bob-snail.com\/ca-fr\/product\/eatplay-disco\/\"]}]},{\"@type\":\"ImageObject\",\"inLanguage\":\"en-US\",\"@id\":\"https:\/\/www.bob-snail.com\/ca-fr\/product\/eatplay-disco\/#primaryimage\",\"url\":\"https:\/\/www.bob-snail.com\/ca-fr\/wp-content\/uploads\/sites\/19\/2025\/11\/CAN_eat-play_disco_-1.webp\",\"contentUrl\":\"https:\/\/www.bob-snail.com\/ca-fr\/wp-content\/uploads\/sites\/19\/2025\/11\/CAN_eat-play_disco_-1.webp\",\"width\":1280,\"height\":1280},{\"@type\":\"BreadcrumbList\",\"@id\":\"https:\/\/www.bob-snail.com\/ca-fr\/product\/eatplay-disco\/#breadcrumb\",\"itemListElement\":[{\"@type\":\"ListItem\",\"position\":1,\"name\":\"Home\",\"item\":\"https:\/\/www.bob-snail.com\/ca-fr\/\"},{\"@type\":\"ListItem\",\"position\":2,\"name\":\"Products\",\"item\":\"https:\/\/www.bob-snail.com\/ca-fr\/shop\/\"},{\"@type\":\"ListItem\",\"position\":3,\"name\":\"EAT&#038;PLAY DISCO\"}]},{\"@type\":\"WebSite\",\"@id\":\"https:\/\/www.bob-snail.com\/ca-fr\/#website\",\"url\":\"https:\/\/www.bob-snail.com\/ca-fr\/\",\"name\":\"Bob Snail\",\"description\":\"\",\"potentialAction\":[{\"@type\":\"SearchAction\",\"target\":{\"@type\":\"EntryPoint\",\"urlTemplate\":\"https:\/\/www.bob-snail.com\/ca-fr\/?s={search_term_string}\"},\"query-input\":{\"@type\":\"PropertyValueSpecification\",\"valueRequired\":true,\"valueName\":\"search_term_string\"}}],\"inLanguage\":\"en-US\"}]}<\/script>\n<!-- \/ Yoast SEO plugin. -->","yoast_head_json":{"title":"EAT&PLAY DISCO - Bob Snail","description":"EAT&PLAY DISCO. Sans sucre ajout\u00e9, colorant ni conservateur. Mes gourmandises sont enti\u00e8rement naturelles\ud83c\udf1f","robots":{"index":"index","follow":"follow","max-snippet":"max-snippet:-1","max-image-preview":"max-image-preview:large","max-video-preview":"max-video-preview:-1"},"canonical":"https:\/\/www.bob-snail.com\/ca-fr\/product\/eatplay-disco\/","og_locale":"en_US","og_type":"article","og_title":"EAT&PLAY DISCO - Bob Snail","og_description":"EAT&PLAY DISCO. Sans sucre ajout\u00e9, colorant ni conservateur. Mes gourmandises sont enti\u00e8rement naturelles\ud83c\udf1f","og_url":"https:\/\/www.bob-snail.com\/ca-fr\/product\/eatplay-disco\/","og_site_name":"Bob Snail","article_modified_time":"2026-01-22T20:07:01+00:00","og_image":[{"width":1280,"height":1280,"url":"https:\/\/www.bob-snail.com\/ca-fr\/wp-content\/uploads\/sites\/19\/2025\/11\/CAN_eat-play_disco_-1.webp","type":"image\/webp"}],"twitter_card":"summary_large_image","twitter_misc":{"Est. reading time":"7 minutes"},"schema":{"@context":"https:\/\/schema.org","@graph":[{"@type":"WebPage","@id":"https:\/\/www.bob-snail.com\/ca-fr\/product\/eatplay-disco\/","url":"https:\/\/www.bob-snail.com\/ca-fr\/product\/eatplay-disco\/","name":"EAT&PLAY DISCO - Bob Snail","isPartOf":{"@id":"https:\/\/www.bob-snail.com\/ca-fr\/#website"},"primaryImageOfPage":{"@id":"https:\/\/www.bob-snail.com\/ca-fr\/product\/eatplay-disco\/#primaryimage"},"image":{"@id":"https:\/\/www.bob-snail.com\/ca-fr\/product\/eatplay-disco\/#primaryimage"},"thumbnailUrl":"https:\/\/www.bob-snail.com\/ca-fr\/wp-content\/uploads\/sites\/19\/2025\/11\/CAN_eat-play_disco_-1.webp","datePublished":"2025-11-04T11:29:46+00:00","dateModified":"2026-01-22T20:07:01+00:00","description":"EAT&PLAY DISCO. Sans sucre ajout\u00e9, colorant ni conservateur. Mes gourmandises sont enti\u00e8rement naturelles\ud83c\udf1f","breadcrumb":{"@id":"https:\/\/www.bob-snail.com\/ca-fr\/product\/eatplay-disco\/#breadcrumb"},"inLanguage":"en-US","potentialAction":[{"@type":"ReadAction","target":["https:\/\/www.bob-snail.com\/ca-fr\/product\/eatplay-disco\/"]}]},{"@type":"ImageObject","inLanguage":"en-US","@id":"https:\/\/www.bob-snail.com\/ca-fr\/product\/eatplay-disco\/#primaryimage","url":"https:\/\/www.bob-snail.com\/ca-fr\/wp-content\/uploads\/sites\/19\/2025\/11\/CAN_eat-play_disco_-1.webp","contentUrl":"https:\/\/www.bob-snail.com\/ca-fr\/wp-content\/uploads\/sites\/19\/2025\/11\/CAN_eat-play_disco_-1.webp","width":1280,"height":1280},{"@type":"BreadcrumbList","@id":"https:\/\/www.bob-snail.com\/ca-fr\/product\/eatplay-disco\/#breadcrumb","itemListElement":[{"@type":"ListItem","position":1,"name":"Home","item":"https:\/\/www.bob-snail.com\/ca-fr\/"},{"@type":"ListItem","position":2,"name":"Products","item":"https:\/\/www.bob-snail.com\/ca-fr\/shop\/"},{"@type":"ListItem","position":3,"name":"EAT&#038;PLAY DISCO"}]},{"@type":"WebSite","@id":"https:\/\/www.bob-snail.com\/ca-fr\/#website","url":"https:\/\/www.bob-snail.com\/ca-fr\/","name":"Bob Snail","description":"","potentialAction":[{"@type":"SearchAction","target":{"@type":"EntryPoint","urlTemplate":"https:\/\/www.bob-snail.com\/ca-fr\/?s={search_term_string}"},"query-input":{"@type":"PropertyValueSpecification","valueRequired":true,"valueName":"search_term_string"}}],"inLanguage":"en-US"}]}},"_links":{"self":[{"href":"https:\/\/www.bob-snail.com\/ca-fr\/wp-json\/wp\/v2\/product\/2914","targetHints":{"allow":["GET"]}}],"collection":[{"href":"https:\/\/www.bob-snail.com\/ca-fr\/wp-json\/wp\/v2\/product"}],"about":[{"href":"https:\/\/www.bob-snail.com\/ca-fr\/wp-json\/wp\/v2\/types\/product"}],"replies":[{"embeddable":true,"href":"https:\/\/www.bob-snail.com\/ca-fr\/wp-json\/wp\/v2\/comments?post=2914"}],"wp:featuredmedia":[{"embeddable":true,"href":"https:\/\/www.bob-snail.com\/ca-fr\/wp-json\/wp\/v2\/media\/2917"}],"wp:attachment":[{"href":"https:\/\/www.bob-snail.com\/ca-fr\/wp-json\/wp\/v2\/media?parent=2914"}],"wp:term":[{"taxonomy":"product_brand","embeddable":true,"href":"https:\/\/www.bob-snail.com\/ca-fr\/wp-json\/wp\/v2\/product_brand?post=2914"},{"taxonomy":"product_cat","embeddable":true,"href":"https:\/\/www.bob-snail.com\/ca-fr\/wp-json\/wp\/v2\/product_cat?post=2914"},{"taxonomy":"product_tag","embeddable":true,"href":"https:\/\/www.bob-snail.com\/ca-fr\/wp-json\/wp\/v2\/product_tag?post=2914"}],"curies":[{"name":"wp","href":"https:\/\/api.w.org\/{rel}","templated":true}]}}